{"id":3753,"date":"2024-08-21T21:24:04","date_gmt":"2024-08-21T18:24:04","guid":{"rendered":"https:\/\/obuddy.eu\/?post_type=product&#038;p=3753"},"modified":"2026-03-14T10:12:35","modified_gmt":"2026-03-14T08:12:35","slug":"guolis-pagalve-pilkas","status":"publish","type":"product","link":"https:\/\/obuddy.eu\/lv\/product\/spilvenu-gulta-peleka\/","title":{"rendered":"Su\u0146u gulta \"Spilvens\", pel\u0113ks"},"content":{"rendered":"<div data-elementor-type=\"wp-post\" data-elementor-id=\"3744\" class=\"elementor elementor-3744\">\n\t\t\t\t\t\t\t<div class=\"elementor-element elementor-element-c82dcbb e-flex e-con-boxed e-con e-parent\" data-id=\"c82dcbb\" data-element_type=\"container\" data-settings=\"{&quot;background_background&quot;:&quot;classic&quot;,&quot;content_width&quot;:&quot;boxed&quot;}\" data-core-v316-plus=\"true\">\n\t\t\t\t\t<div class=\"e-con-inner\">\n\t\t<div class=\"elementor-element elementor-element-1140e94 e-con-full e-flex e-con e-child\" data-id=\"1140e94\" data-element_type=\"container\" data-settings=\"{&quot;content_width&quot;:&quot;full&quot;,&quot;background_background&quot;:&quot;classic&quot;}\">\n\t\t<div class=\"elementor-element elementor-element-378d13d e-flex e-con-boxed e-con e-child\" data-id=\"378d13d\" data-element_type=\"container\" data-settings=\"{&quot;content_width&quot;:&quot;boxed&quot;}\">\n\t\t\t\t\t<div class=\"e-con-inner\">\n\t\t\t\t<div class=\"elementor-element elementor-element-eed39b9 elementor-widget elementor-widget-text-editor\" data-id=\"eed39b9\" data-element_type=\"widget\" data-widget_type=\"text-editor.default\">\n\t\t\t\t<div class=\"elementor-widget-container\">\n\t\t\t<style>\/*! elementor - v3.17.0 - 01-11-2023 *\/\n.elementor-widget-text-editor.elementor-drop-cap-view-stacked .elementor-drop-cap{background-color:#69727d;color:#fff}.elementor-widget-text-editor.elementor-drop-cap-view-framed .elementor-drop-cap{color:#69727d;border:3px solid;background-color:transparent}.elementor-widget-text-editor:not(.elementor-drop-cap-view-default) .elementor-drop-cap{margin-top:8px}.elementor-widget-text-editor:not(.elementor-drop-cap-view-default) .elementor-drop-cap-letter{width:1em;height:1em}.elementor-widget-text-editor .elementor-drop-cap{float:left;text-align:center;line-height:1;font-size:50px}.elementor-widget-text-editor .elementor-drop-cap-letter{display:inline-block}<\/style>\t\t\t\t<p>IZTUR\u012aGS, M\u0100JDZ\u012aVNIEKIEM DRAUDZ\u012aGS AUDUMS<\/p>\t\t\t\t\t\t<\/div>\n\t\t\t\t<\/div>\n\t\t\t\t<div class=\"elementor-element elementor-element-d11bce1 elementor-widget elementor-widget-text-editor\" data-id=\"d11bce1\" data-element_type=\"widget\" data-widget_type=\"text-editor.default\">\n\t\t\t\t<div class=\"elementor-widget-container\">\n\t\t\t\t\t\t\t<p class=\" translation-block\">Pret skr\u0101p\u0113jumiem iztur\u012bgais \"Pet-Proof\" materi\u0101ls nodro\u0161ina su\u0146u gultas ilgm\u016b\u017e\u012bbu.<br>OEKO-TEX\u00ae Standard 100 sertific\u0113tais audums nesatur kait\u012bgas vielas, t\u0101p\u0113c tas ir draudz\u012bgs gan m\u0101jdz\u012bvniekiem, gan videi.<\/p>\t\t\t\t\t\t<\/div>\n\t\t\t\t<\/div>\n\t\t\t\t\t<\/div>\n\t\t\t\t<\/div>\n\t\t<div class=\"elementor-element elementor-element-bbdb7f0 e-con-full e-flex e-con e-child\" data-id=\"bbdb7f0\" data-element_type=\"container\" data-settings=\"{&quot;content_width&quot;:&quot;full&quot;,&quot;background_background&quot;:&quot;classic&quot;}\">\n\t\t\t\t<div class=\"elementor-element elementor-element-baf621a elementor-widget elementor-widget-image\" data-id=\"baf621a\" data-element_type=\"widget\" data-widget_type=\"image.default\">\n\t\t\t\t<div class=\"elementor-widget-container\">\n\t\t\t<style>\/*! elementor - v3.17.0 - 01-11-2023 *\/\n.elementor-widget-image{text-align:center}.elementor-widget-image a{display:inline-block}.elementor-widget-image a img[src$=\".svg\"]{width:48px}.elementor-widget-image img{vertical-align:middle;display:inline-block}<\/style>\t\t\t\t\t\t\t\t\t\t\t\t<img decoding=\"async\" width=\"1080\" height=\"1080\" data-src=\"http:\/\/obuddy.eu\/wp-content\/uploads\/2024\/09\/LV-Grey-Cushion-Certified.png\" class=\"attachment-full size-full wp-image-3740 lazyload\" alt=\"\" data-srcset=\"https:\/\/obuddy.eu\/wp-content\/uploads\/2024\/09\/LV-Grey-Cushion-Certified.png 1080w, https:\/\/obuddy.eu\/wp-content\/uploads\/2024\/09\/LV-Grey-Cushion-Certified-300x300.png 300w, https:\/\/obuddy.eu\/wp-content\/uploads\/2024\/09\/LV-Grey-Cushion-Certified-1024x1024.png 1024w, https:\/\/obuddy.eu\/wp-content\/uploads\/2024\/09\/LV-Grey-Cushion-Certified-150x150.png 150w, https:\/\/obuddy.eu\/wp-content\/uploads\/2024\/09\/LV-Grey-Cushion-Certified-768x768.png 768w, https:\/\/obuddy.eu\/wp-content\/uploads\/2024\/09\/LV-Grey-Cushion-Certified-12x12.png 12w, https:\/\/obuddy.eu\/wp-content\/uploads\/2024\/09\/LV-Grey-Cushion-Certified-500x500.png 500w, https:\/\/obuddy.eu\/wp-content\/uploads\/2024\/09\/LV-Grey-Cushion-Certified-600x600.png 600w, https:\/\/obuddy.eu\/wp-content\/uploads\/2024\/09\/LV-Grey-Cushion-Certified-100x100.png 100w, https:\/\/obuddy.eu\/wp-content\/uploads\/2024\/09\/LV-Grey-Cushion-Certified-50x50.png 50w\" data-sizes=\"auto, (max-width: 1080px) 100vw, 1080px\" src=\"data:image\/gif;base64,R0lGODlhAQABAAAAACH5BAEKAAEALAAAAAABAAEAAAICTAEAOw==\" style=\"--smush-placeholder-width: 1080px; --smush-placeholder-aspect-ratio: 1080\/1080;\" \/>\t\t\t\t\t\t\t\t\t\t\t\t\t\t\t<\/div>\n\t\t\t\t<\/div>\n\t\t\t\t<\/div>\n\t\t\t\t<\/div>\n\t\t<div class=\"elementor-element elementor-element-4f700e9 e-con-full e-flex e-con e-child\" data-id=\"4f700e9\" data-element_type=\"container\" data-settings=\"{&quot;content_width&quot;:&quot;full&quot;,&quot;background_background&quot;:&quot;classic&quot;}\">\n\t\t<div class=\"elementor-element elementor-element-d335da4 e-con-full e-flex e-con e-child\" data-id=\"d335da4\" data-element_type=\"container\" data-settings=\"{&quot;content_width&quot;:&quot;full&quot;,&quot;background_background&quot;:&quot;classic&quot;}\">\n\t\t\t\t<div class=\"elementor-element elementor-element-361acf5 elementor-widget elementor-widget-image\" data-id=\"361acf5\" data-element_type=\"widget\" data-widget_type=\"image.default\">\n\t\t\t\t<div class=\"elementor-widget-container\">\n\t\t\t\t\t\t\t\t\t\t\t\t\t\t\t<img decoding=\"async\" width=\"1080\" height=\"1080\" data-src=\"http:\/\/obuddy.eu\/wp-content\/uploads\/2024\/09\/LV-Cushion-Fillings.png\" class=\"attachment-full size-full wp-image-3766 lazyload\" alt=\"\" data-srcset=\"https:\/\/obuddy.eu\/wp-content\/uploads\/2024\/09\/LV-Cushion-Fillings.png 1080w, https:\/\/obuddy.eu\/wp-content\/uploads\/2024\/09\/LV-Cushion-Fillings-300x300.png 300w, https:\/\/obuddy.eu\/wp-content\/uploads\/2024\/09\/LV-Cushion-Fillings-1024x1024.png 1024w, https:\/\/obuddy.eu\/wp-content\/uploads\/2024\/09\/LV-Cushion-Fillings-150x150.png 150w, https:\/\/obuddy.eu\/wp-content\/uploads\/2024\/09\/LV-Cushion-Fillings-768x768.png 768w, https:\/\/obuddy.eu\/wp-content\/uploads\/2024\/09\/LV-Cushion-Fillings-12x12.png 12w, https:\/\/obuddy.eu\/wp-content\/uploads\/2024\/09\/LV-Cushion-Fillings-500x500.png 500w, https:\/\/obuddy.eu\/wp-content\/uploads\/2024\/09\/LV-Cushion-Fillings-600x600.png 600w, https:\/\/obuddy.eu\/wp-content\/uploads\/2024\/09\/LV-Cushion-Fillings-100x100.png 100w, https:\/\/obuddy.eu\/wp-content\/uploads\/2024\/09\/LV-Cushion-Fillings-50x50.png 50w\" data-sizes=\"auto, (max-width: 1080px) 100vw, 1080px\" src=\"data:image\/gif;base64,R0lGODlhAQABAAAAACH5BAEKAAEALAAAAAABAAEAAAICTAEAOw==\" style=\"--smush-placeholder-width: 1080px; --smush-placeholder-aspect-ratio: 1080\/1080;\" \/>\t\t\t\t\t\t\t\t\t\t\t\t\t\t\t<\/div>\n\t\t\t\t<\/div>\n\t\t\t\t<\/div>\n\t\t<div class=\"elementor-element elementor-element-b51884a e-flex e-con-boxed e-con e-child\" data-id=\"b51884a\" data-element_type=\"container\" data-settings=\"{&quot;content_width&quot;:&quot;boxed&quot;}\">\n\t\t\t\t\t<div class=\"e-con-inner\">\n\t\t\t\t<div class=\"elementor-element elementor-element-af71fa5 elementor-widget elementor-widget-text-editor\" data-id=\"af71fa5\" data-element_type=\"widget\" data-widget_type=\"text-editor.default\">\n\t\t\t\t<div class=\"elementor-widget-container\">\n\t\t\t\t\t\t\t<p>SU\u0145U GULTA, KAS SAGLAB\u0100 KOMFORTU UN FORMU.<\/p>\t\t\t\t\t\t<\/div>\n\t\t\t\t<\/div>\n\t\t\t\t<div class=\"elementor-element elementor-element-205fe67 elementor-widget elementor-widget-text-editor\" data-id=\"205fe67\" data-element_type=\"widget\" data-widget_type=\"text-editor.default\">\n\t\t\t\t<div class=\"elementor-widget-container\">\n\t\t\t\t\t\t\t<p class=\" translation-block\">Su\u0146u gulta ir pild\u012bta ar porolona gabali\u0146u un m\u0101ksl\u012bg\u0101s kokvilnas \u0161\u0137iedras mais\u012bjumu.<br>\u0160\u012b tehnolo\u0123ija nodro\u0161ina gultas m\u012bkstumu, vienlaikus ne\u013cauj tai sabrukt.<br>Pild\u012bjuma p\u0101rvalks ir sadal\u012bts tr\u012bs da\u013c\u0101s, kas nodro\u0161ina vienm\u0113r\u012bgu polster\u0113juma sadal\u012bjumu.<br>Tas pal\u012bdz saglab\u0101t gultas formu un nodro\u0161ina maksim\u0101lu komfortu j\u016bsu m\u012blulim.<\/p>\t\t\t\t\t\t<\/div>\n\t\t\t\t<\/div>\n\t\t\t\t\t<\/div>\n\t\t\t\t<\/div>\n\t\t\t\t<\/div>\n\t\t<div class=\"elementor-element elementor-element-8e572e0 e-con-full e-flex e-con e-child\" data-id=\"8e572e0\" data-element_type=\"container\" data-settings=\"{&quot;content_width&quot;:&quot;full&quot;,&quot;background_background&quot;:&quot;classic&quot;}\">\n\t\t<div class=\"elementor-element elementor-element-df504ee e-flex e-con-boxed e-con e-child\" data-id=\"df504ee\" data-element_type=\"container\" data-settings=\"{&quot;content_width&quot;:&quot;boxed&quot;}\">\n\t\t\t\t\t<div class=\"e-con-inner\">\n\t\t\t\t<div class=\"elementor-element elementor-element-1200f08 elementor-widget elementor-widget-text-editor\" data-id=\"1200f08\" data-element_type=\"widget\" data-widget_type=\"text-editor.default\">\n\t\t\t\t<div class=\"elementor-widget-container\">\n\t\t\t\t\t\t\t<p>VIEGLA KOP\u0160ANA<\/p>\t\t\t\t\t\t<\/div>\n\t\t\t\t<\/div>\n\t\t\t\t<div class=\"elementor-element elementor-element-1bac1da elementor-widget elementor-widget-text-editor\" data-id=\"1bac1da\" data-element_type=\"widget\" data-widget_type=\"text-editor.default\">\n\t\t\t\t<div class=\"elementor-widget-container\">\n\t\t\t\t\t\t\t<p>R\u016bp\u012bgi izv\u0113l\u0113tas neitr\u0101las kr\u0101sas samazina traipu redzam\u012bbu. Ja nepiecie\u0161ama t\u012br\u012b\u0161ana, viegli no\u0146emamo p\u0101rvalku var mazg\u0101t ve\u013cas ma\u0161\u012bn\u0101 un \u017e\u0101v\u0113t \u017e\u0101v\u0113t\u0101j\u0101.\"<\/p>\t\t\t\t\t\t<\/div>\n\t\t\t\t<\/div>\n\t\t\t\t\t<\/div>\n\t\t\t\t<\/div>\n\t\t<div class=\"elementor-element elementor-element-982c692 e-con-full e-flex e-con e-child\" data-id=\"982c692\" data-element_type=\"container\" data-settings=\"{&quot;content_width&quot;:&quot;full&quot;,&quot;background_background&quot;:&quot;classic&quot;}\">\n\t\t\t\t<div class=\"elementor-element elementor-element-6601a7c elementor-widget elementor-widget-image\" data-id=\"6601a7c\" data-element_type=\"widget\" data-widget_type=\"image.default\">\n\t\t\t\t<div class=\"elementor-widget-container\">\n\t\t\t\t\t\t\t\t\t\t\t\t\t\t\t<img decoding=\"async\" width=\"1080\" height=\"1080\" data-src=\"http:\/\/obuddy.eu\/wp-content\/uploads\/2024\/09\/LV-Grey-Cushion-Cover.png\" class=\"attachment-full size-full wp-image-3748 lazyload\" alt=\"\" data-srcset=\"https:\/\/obuddy.eu\/wp-content\/uploads\/2024\/09\/LV-Grey-Cushion-Cover.png 1080w, https:\/\/obuddy.eu\/wp-content\/uploads\/2024\/09\/LV-Grey-Cushion-Cover-300x300.png 300w, https:\/\/obuddy.eu\/wp-content\/uploads\/2024\/09\/LV-Grey-Cushion-Cover-1024x1024.png 1024w, https:\/\/obuddy.eu\/wp-content\/uploads\/2024\/09\/LV-Grey-Cushion-Cover-150x150.png 150w, https:\/\/obuddy.eu\/wp-content\/uploads\/2024\/09\/LV-Grey-Cushion-Cover-768x768.png 768w, https:\/\/obuddy.eu\/wp-content\/uploads\/2024\/09\/LV-Grey-Cushion-Cover-12x12.png 12w, https:\/\/obuddy.eu\/wp-content\/uploads\/2024\/09\/LV-Grey-Cushion-Cover-500x500.png 500w, https:\/\/obuddy.eu\/wp-content\/uploads\/2024\/09\/LV-Grey-Cushion-Cover-600x600.png 600w, https:\/\/obuddy.eu\/wp-content\/uploads\/2024\/09\/LV-Grey-Cushion-Cover-100x100.png 100w, https:\/\/obuddy.eu\/wp-content\/uploads\/2024\/09\/LV-Grey-Cushion-Cover-50x50.png 50w\" data-sizes=\"auto, (max-width: 1080px) 100vw, 1080px\" src=\"data:image\/gif;base64,R0lGODlhAQABAAAAACH5BAEKAAEALAAAAAABAAEAAAICTAEAOw==\" style=\"--smush-placeholder-width: 1080px; --smush-placeholder-aspect-ratio: 1080\/1080;\" \/>\t\t\t\t\t\t\t\t\t\t\t\t\t\t\t<\/div>\n\t\t\t\t<\/div>\n\t\t\t\t<\/div>\n\t\t\t\t<\/div>\n\t\t<div class=\"elementor-element elementor-element-a7a62eb e-con-full e-flex e-con e-child\" data-id=\"a7a62eb\" data-element_type=\"container\" data-settings=\"{&quot;content_width&quot;:&quot;full&quot;,&quot;background_background&quot;:&quot;classic&quot;}\">\n\t\t<div class=\"elementor-element elementor-element-516bc12 e-con-full e-flex e-con e-child\" data-id=\"516bc12\" data-element_type=\"container\" data-settings=\"{&quot;content_width&quot;:&quot;full&quot;,&quot;background_background&quot;:&quot;classic&quot;}\">\n\t\t\t\t<div class=\"elementor-element elementor-element-6cc8633 elementor-widget elementor-widget-image\" data-id=\"6cc8633\" data-element_type=\"widget\" data-widget_type=\"image.default\">\n\t\t\t\t<div class=\"elementor-widget-container\">\n\t\t\t\t\t\t\t\t\t\t\t\t\t\t\t<img decoding=\"async\" width=\"1080\" height=\"1080\" data-src=\"http:\/\/obuddy.eu\/wp-content\/uploads\/2024\/09\/LV-Grey-Cushion-Zipper.png\" class=\"attachment-full size-full wp-image-3743 lazyload\" alt=\"\" data-srcset=\"https:\/\/obuddy.eu\/wp-content\/uploads\/2024\/09\/LV-Grey-Cushion-Zipper.png 1080w, https:\/\/obuddy.eu\/wp-content\/uploads\/2024\/09\/LV-Grey-Cushion-Zipper-300x300.png 300w, https:\/\/obuddy.eu\/wp-content\/uploads\/2024\/09\/LV-Grey-Cushion-Zipper-1024x1024.png 1024w, https:\/\/obuddy.eu\/wp-content\/uploads\/2024\/09\/LV-Grey-Cushion-Zipper-150x150.png 150w, https:\/\/obuddy.eu\/wp-content\/uploads\/2024\/09\/LV-Grey-Cushion-Zipper-768x768.png 768w, https:\/\/obuddy.eu\/wp-content\/uploads\/2024\/09\/LV-Grey-Cushion-Zipper-12x12.png 12w, https:\/\/obuddy.eu\/wp-content\/uploads\/2024\/09\/LV-Grey-Cushion-Zipper-500x500.png 500w, https:\/\/obuddy.eu\/wp-content\/uploads\/2024\/09\/LV-Grey-Cushion-Zipper-600x600.png 600w, https:\/\/obuddy.eu\/wp-content\/uploads\/2024\/09\/LV-Grey-Cushion-Zipper-100x100.png 100w, https:\/\/obuddy.eu\/wp-content\/uploads\/2024\/09\/LV-Grey-Cushion-Zipper-50x50.png 50w\" data-sizes=\"auto, (max-width: 1080px) 100vw, 1080px\" src=\"data:image\/gif;base64,R0lGODlhAQABAAAAACH5BAEKAAEALAAAAAABAAEAAAICTAEAOw==\" style=\"--smush-placeholder-width: 1080px; --smush-placeholder-aspect-ratio: 1080\/1080;\" \/>\t\t\t\t\t\t\t\t\t\t\t\t\t\t\t<\/div>\n\t\t\t\t<\/div>\n\t\t\t\t<\/div>\n\t\t<div class=\"elementor-element elementor-element-3567581 e-flex e-con-boxed e-con e-child\" data-id=\"3567581\" data-element_type=\"container\" data-settings=\"{&quot;content_width&quot;:&quot;boxed&quot;}\">\n\t\t\t\t\t<div class=\"e-con-inner\">\n\t\t\t\t<div class=\"elementor-element elementor-element-406f503 elementor-widget elementor-widget-text-editor\" data-id=\"406f503\" data-element_type=\"widget\" data-widget_type=\"text-editor.default\">\n\t\t\t\t<div class=\"elementor-widget-container\">\n\t\t\t\t\t\t\t<p>KVALIT\u0100TE UN IZTUR\u012aBA<\/p>\t\t\t\t\t\t<\/div>\n\t\t\t\t<\/div>\n\t\t\t\t<div class=\"elementor-element elementor-element-6d5f963 elementor-widget elementor-widget-text-editor\" data-id=\"6d5f963\" data-element_type=\"widget\" data-widget_type=\"text-editor.default\">\n\t\t\t\t<div class=\"elementor-widget-container\">\n\t\t\t\t\t\t\t<p class=\" translation-block\">Divk\u0101r\u0161s, augst\u0101k\u0101s kvalit\u0101tes audums, iztur\u012bgas \u0161uves un uzticami aksesu\u0101ri padara \u0161o su\u0146u gultu iztur\u012bgu.<br>\u0160uv\u0113m un r\u0101v\u0113jsl\u0113dz\u0113jiem ir 2 gadu <strong>garantija<\/strong>.<\/p>\t\t\t\t\t\t<\/div>\n\t\t\t\t<\/div>\n\t\t\t\t\t<\/div>\n\t\t\t\t<\/div>\n\t\t\t\t<\/div>\n\t\t<div class=\"elementor-element elementor-element-f958671 e-con-full e-flex e-con e-child\" data-id=\"f958671\" data-element_type=\"container\" data-settings=\"{&quot;content_width&quot;:&quot;full&quot;,&quot;background_background&quot;:&quot;classic&quot;}\">\n\t\t<div class=\"elementor-element elementor-element-599a75a e-flex e-con-boxed e-con e-child\" data-id=\"599a75a\" data-element_type=\"container\" data-settings=\"{&quot;content_width&quot;:&quot;boxed&quot;}\">\n\t\t\t\t\t<div class=\"e-con-inner\">\n\t\t\t\t<div class=\"elementor-element elementor-element-d8d292f elementor-widget elementor-widget-text-editor\" data-id=\"d8d292f\" data-element_type=\"widget\" data-widget_type=\"text-editor.default\">\n\t\t\t\t<div class=\"elementor-widget-container\">\n\t\t\t\t\t\t\t<p>AUGST\u0100K\u0100S KLASES EST\u0112TIKA<\/p>\t\t\t\t\t\t<\/div>\n\t\t\t\t<\/div>\n\t\t\t\t<div class=\"elementor-element elementor-element-83511a0 elementor-widget elementor-widget-text-editor\" data-id=\"83511a0\" data-element_type=\"widget\" data-widget_type=\"text-editor.default\">\n\t\t\t\t<div class=\"elementor-widget-container\">\n\t\t\t\t\t\t\t<p>Stil\u012bg\u0101 gulta ar savu kr\u0101su un dizainu nevainojami papildin\u0101s j\u016bsu m\u0101jas interjeru.\u00a0<\/p>\t\t\t\t\t\t<\/div>\n\t\t\t\t<\/div>\n\t\t\t\t\t<\/div>\n\t\t\t\t<\/div>\n\t\t<div class=\"elementor-element elementor-element-280f2ee e-con-full e-flex e-con e-child\" data-id=\"280f2ee\" data-element_type=\"container\" data-settings=\"{&quot;content_width&quot;:&quot;full&quot;,&quot;background_background&quot;:&quot;classic&quot;}\">\n\t\t\t\t<div class=\"elementor-element elementor-element-3a3be32 elementor-widget elementor-widget-image\" data-id=\"3a3be32\" data-element_type=\"widget\" data-widget_type=\"image.default\">\n\t\t\t\t<div class=\"elementor-widget-container\">\n\t\t\t\t\t\t\t\t\t\t\t\t\t\t\t<img decoding=\"async\" width=\"1080\" height=\"1080\" data-src=\"https:\/\/obuddy.eu\/wp-content\/uploads\/2024\/08\/Pilka-pagalve.png\" class=\"attachment-full size-full wp-image-3802 lazyload\" alt=\"\" data-srcset=\"https:\/\/obuddy.eu\/wp-content\/uploads\/2024\/08\/Pilka-pagalve.png 1080w, https:\/\/obuddy.eu\/wp-content\/uploads\/2024\/08\/Pilka-pagalve-300x300.png 300w, https:\/\/obuddy.eu\/wp-content\/uploads\/2024\/08\/Pilka-pagalve-1024x1024.png 1024w, https:\/\/obuddy.eu\/wp-content\/uploads\/2024\/08\/Pilka-pagalve-150x150.png 150w, https:\/\/obuddy.eu\/wp-content\/uploads\/2024\/08\/Pilka-pagalve-768x768.png 768w, https:\/\/obuddy.eu\/wp-content\/uploads\/2024\/08\/Pilka-pagalve-12x12.png 12w, https:\/\/obuddy.eu\/wp-content\/uploads\/2024\/08\/Pilka-pagalve-500x500.png 500w, https:\/\/obuddy.eu\/wp-content\/uploads\/2024\/08\/Pilka-pagalve-600x600.png 600w, https:\/\/obuddy.eu\/wp-content\/uploads\/2024\/08\/Pilka-pagalve-100x100.png 100w, https:\/\/obuddy.eu\/wp-content\/uploads\/2024\/08\/Pilka-pagalve-50x50.png 50w\" data-sizes=\"auto, (max-width: 1080px) 100vw, 1080px\" src=\"data:image\/gif;base64,R0lGODlhAQABAAAAACH5BAEKAAEALAAAAAABAAEAAAICTAEAOw==\" style=\"--smush-placeholder-width: 1080px; --smush-placeholder-aspect-ratio: 1080\/1080;\" \/>\t\t\t\t\t\t\t\t\t\t\t\t\t\t\t<\/div>\n\t\t\t\t<\/div>\n\t\t\t\t<\/div>\n\t\t\t\t<\/div>\n\t\t\t\t\t<\/div>\n\t\t\t\t<\/div>\n\t\t\t\t\t\t\t<\/div>","protected":false},"excerpt":{"rendered":"","protected":false},"featured_media":3759,"comment_status":"open","ping_status":"closed","template":"","meta":[],"product_cat":[15,114,115],"product_tag":[],"class_list":["post-3753","product","type-product","status-publish","has-post-thumbnail","hentry","product_cat-sunu-guoliai","product_cat-mazu-sunu-guoliai","product_cat-guoliai-pagalves","pa_dydis-m","pa_dydis-l"],"aioseo_notices":[],"_links":{"self":[{"href":"https:\/\/obuddy.eu\/lv\/wp-json\/wp\/v2\/product\/3753","targetHints":{"allow":["GET"]}}],"collection":[{"href":"https:\/\/obuddy.eu\/lv\/wp-json\/wp\/v2\/product"}],"about":[{"href":"https:\/\/obuddy.eu\/lv\/wp-json\/wp\/v2\/types\/product"}],"replies":[{"embeddable":true,"href":"https:\/\/obuddy.eu\/lv\/wp-json\/wp\/v2\/comments?post=3753"}],"version-history":[{"count":1,"href":"https:\/\/obuddy.eu\/lv\/wp-json\/wp\/v2\/product\/3753\/revisions"}],"predecessor-version":[{"id":5934,"href":"https:\/\/obuddy.eu\/lv\/wp-json\/wp\/v2\/product\/3753\/revisions\/5934"}],"wp:featuredmedia":[{"embeddable":true,"href":"https:\/\/obuddy.eu\/lv\/wp-json\/wp\/v2\/media\/3759"}],"wp:attachment":[{"href":"https:\/\/obuddy.eu\/lv\/wp-json\/wp\/v2\/media?parent=3753"}],"wp:term":[{"taxonomy":"product_cat","embeddable":true,"href":"https:\/\/obuddy.eu\/lv\/wp-json\/wp\/v2\/product_cat?post=3753"},{"taxonomy":"product_tag","embeddable":true,"href":"https:\/\/obuddy.eu\/lv\/wp-json\/wp\/v2\/product_tag?post=3753"}],"curies":[{"name":"wp","href":"https:\/\/api.w.org\/{rel}","templated":true}]}}