{"id":3429,"date":"2024-06-27T20:58:23","date_gmt":"2024-06-27T17:58:23","guid":{"rendered":"https:\/\/obuddy.eu\/?page_id=3429"},"modified":"2024-06-27T21:01:02","modified_gmt":"2024-06-27T18:01:02","slug":"prekiu-pristatymas","status":"publish","type":"page","link":"https:\/\/obuddy.eu\/lv\/prekiu-pristatymas\/","title":{"rendered":"Pre\u010du pieg\u0101des noteikumi"},"content":{"rendered":"<p><\/p>\n\n\n\n<p>Visas preces tiek sagatavotas nos\u016bt\u012b\u0161anai 1-2 darba dienu laik\u0101. 99% no visiem s\u016bt\u012bjumiem tiek sagatavoti nos\u016bt\u012b\u0161anai vienas darba dienas laik\u0101.<br>Neparedz\u0113tu apst\u0101k\u013cu gad\u012bjum\u0101, ja m\u0113s saprat\u012bsim, ka preces netiks nos\u016bt\u012btas laik\u0101, m\u0113s j\u016bs par to inform\u0113sim pa e-pastu.<\/p>\n\n\n\n<ul class=\"wp-block-list\">\n<li><strong>UNISEND PAKOM\u0100TS.<\/strong>Pas\u016bt\u012bjums tiek pieg\u0101d\u0101ts 1-3 darba dienu laik\u0101. Kad s\u016bt\u012bjums tiks nog\u0101d\u0101ts pakom\u0101t\u0101, sa\u0146\u0113m\u0113js tiek inform\u0113ts ar \u012bszi\u0146u un pa e-pastu, nor\u0101dot durvju atv\u0113r\u0161anas kodu.&nbsp;&nbsp;<br><br><\/li>\n\n\n\n<li><strong>OMNIVA PAKOM\u0100TS.<\/strong>&nbsp; Pas\u016bt\u012bjums tiek pieg\u0101d\u0101ts 1-3 darba dienu laik\u0101. Kad s\u016bt\u012bjums tiek nog\u0101d\u0101ts pakom\u0101t\u0101, sa\u0146\u0113m\u0113js tiek inform\u0113ts ar \u012bszi\u0146u un pa e-pastu, nor\u0101dot durvju atv\u0113r\u0161anas kodu.&nbsp;<br>* Ja izv\u0113loties pakom\u0101tu redzat pazi\u0146ojumu \u201cP\u0100RPILD\u012aTS\u201d, iesak\u0101m izv\u0113l\u0113ties citu pakom\u0101tu.&nbsp;&nbsp;<br><br><\/li>\n\n\n\n<li><strong>DPD PAKOM\u0100TS.<\/strong>Preces tiek pieg\u0101d\u0101tas 1-3 darba dienu laik\u0101. Kad s\u016bt\u012bjums tiek nog\u0101d\u0101ts pakom\u0101t\u0101, sa\u0146\u0113m\u0113js tiek inform\u0113ts ar SMS un pa e-pastu, nor\u0101dot durvju atv\u0113r\u0161anas kodu. S\u016bt\u012bjumi pakom\u0101t\u0101 tiek glab\u0101ti 3 dienas.<\/li>\n<\/ul>\n\n\n\n<ul class=\"wp-block-list\">\n<li><strong>DPD KURJERS.<\/strong>&nbsp; Preces tiek pieg\u0101d\u0101tas 1-3 darba dienu laik\u0101. Kurjers sazin\u0101sies ar jums pa nor\u0101d\u012bto kontaktt\u0101lruni pirms s\u016bt\u012bjuma pieg\u0101des.<\/li>\n<\/ul>\n\n\n\n<p>Pas\u016bt\u012bjumi netiek pieg\u0101d\u0101ti br\u012bvdien\u0101s un sv\u0113tku dien\u0101s!&nbsp;<\/p>\n\n\n\n<p>J\u016bsu pas\u016bt\u012bjums var tikt pieg\u0101d\u0101ts vair\u0101kos s\u016bt\u012bjumos. <strong>SVAR\u012aGI!<\/strong>&nbsp;Pieg\u0101des aizkav\u0113\u0161anos var izrais\u012bt neparedz\u0113ti apst\u0101k\u013ci, piem\u0113ram, s\u016bt\u012bjumu skaita pieaugums sv\u0113tku laik\u0101 (Ziemassv\u0113tki, Lieldienas u. c.), lo\u0123istikas k\u013c\u016bda, ko pie\u013c\u0101vis p\u0101rvad\u0101t\u0101js, u. c.). Ja p\u0101rdev\u0113js ir inform\u0113ts par kav\u0113\u0161anos, m\u0113s j\u016bs par to inform\u0113sim pa e-pastu.<\/p>","protected":false},"excerpt":{"rendered":"<p>Visos prek\u0117s paruo\u0161iamos i\u0161siuntimui per 1-2 darbo dienas. 99% vis\u0173 siunt\u0173 paruo\u0161iame i\u0161siuntimui per vien\u0105 darbo dien\u0105.\u012evykus nenumatytiems atvejams ir suprantant, jog preki\u0173 nepavyks i\u0161si\u0173sti laiku, informuosime el. pa\u0161tu. Savaitgaliais ir valstybini\u0173 \u0161ven\u010di\u0173 dienomis u\u017esakymai n\u0117ra pristatomi!&nbsp; J\u016bs\u0173 u\u017esakymas&nbsp;gali&nbsp;b\u016bti&nbsp;pristatytas keliomis siuntomis. SVARBU!&nbsp;D\u0117l nenumatyt\u0173 aplinkybi\u0173, kaip padid\u0117jusio siunt\u0173 kiekio&nbsp;\u0161ventiniais periodais (Kal\u0117dos, Velykos ir pan.), ve\u017e\u0117jo logistikos klaidos ar kt., siuntos pristatymas gali v\u0117luoti. Jeigu informacija apie siuntos v\u0117lavim\u0105 pardav\u0117jui yra \u017einoma, informuosime el. pa\u0161tu.<\/p>","protected":false},"author":1,"featured_media":0,"parent":0,"menu_order":0,"comment_status":"closed","ping_status":"closed","template":"","meta":{"footnotes":""},"class_list":["post-3429","page","type-page","status-publish","hentry"],"blocksy_meta":"","aioseo_notices":[],"_links":{"self":[{"href":"https:\/\/obuddy.eu\/lv\/wp-json\/wp\/v2\/pages\/3429","targetHints":{"allow":["GET"]}}],"collection":[{"href":"https:\/\/obuddy.eu\/lv\/wp-json\/wp\/v2\/pages"}],"about":[{"href":"https:\/\/obuddy.eu\/lv\/wp-json\/wp\/v2\/types\/page"}],"author":[{"embeddable":true,"href":"https:\/\/obuddy.eu\/lv\/wp-json\/wp\/v2\/users\/1"}],"replies":[{"embeddable":true,"href":"https:\/\/obuddy.eu\/lv\/wp-json\/wp\/v2\/comments?post=3429"}],"version-history":[{"count":0,"href":"https:\/\/obuddy.eu\/lv\/wp-json\/wp\/v2\/pages\/3429\/revisions"}],"wp:attachment":[{"href":"https:\/\/obuddy.eu\/lv\/wp-json\/wp\/v2\/media?parent=3429"}],"curies":[{"name":"wp","href":"https:\/\/api.w.org\/{rel}","templated":true}]}}