{"id":3426,"date":"2024-06-27T20:55:30","date_gmt":"2024-06-27T17:55:30","guid":{"rendered":"https:\/\/obuddy.eu\/?page_id=3426"},"modified":"2024-09-06T15:25:05","modified_gmt":"2024-09-06T12:25:05","slug":"prekiu-keitimo-ir-grazinimo-salygos","status":"publish","type":"page","link":"https:\/\/obuddy.eu\/lv\/prekiu-keitimo-ir-grazinimo-salygos\/","title":{"rendered":"Pre\u010du apmai\u0146as un atgrie\u0161anas nosac\u012bjumi"},"content":{"rendered":"<p><\/p>\n\n\n\n<p>J\u016bs varat apmain\u012bt vai atgriezt obuddy.eu e-veikal\u0101 ieg\u0101d\u0101t\u0101s preces jebkura iemesla d\u0113\u013c 30 dienu laik\u0101 no pieg\u0101des dienas.<br><br>Pre\u010du atgrie\u0161ana vai apmai\u0146a ir bez maksas.<\/p>\n\n\n\n<p>Kad p\u0101rdev\u0113js b\u016bs apstiprin\u0101jis apmai\u0146u vai atgrie\u0161anu, m\u0113s jums nos\u016bt\u012bsim apmaks\u0101tu Unisend pakom\u0101ta s\u016bt\u012bjuma uzl\u012bmi. Ja s\u016bt\u012bjums ir liel\u0101ks par Unisend pakom\u0101ta maksim\u0101lajiem izm\u0113riem, m\u0113s pas\u016bt\u012bsim kurjeru, kas darba dien\u0101s pa\u0146ems s\u016bt\u012bjumu no j\u016bsu nor\u0101d\u012bt\u0101s adreses Lietuvas Republikas teritorij\u0101 (iz\u0146emot Neringas pils\u0113tu), Latvij\u0101, Igaunij\u0101.<br>Visos gad\u012bjumos pirc\u0113jam ir dro\u0161i j\u0101iepako prece, j\u0101izdruk\u0101 un j\u0101pievieno pieg\u0101des eti\u0137ete, ko m\u0113s nos\u016bt\u012bsim pa e-pastu. Unisend uzl\u012bmes pakom\u0101t\u0101 var izdruk\u0101t bez maksas, ievadot s\u016bt\u012bjuma numuru.<br>Atgrie\u017eot preces no jebkuras valsts \u0101rpus Lietuvas, Latvijas vai Igaunijas, pirc\u0113js ir atbild\u012bgs par atgrie\u0161anas pieg\u0101des izmaksu seg\u0161anu.<\/p>\n\n\n\n<p>Lai veiktu apmai\u0146u vai pre\u010du atgrie\u0161anu, l\u016bdzu, sazinieties pa e-pastu labas@obuddy.eu vai t\u0101lruni +37061548035.<\/p>\n\n\n\n<p>V\u0113stul\u0113 l\u016bdzu nor\u0101diet:<\/p>\n\n\n\n<ul class=\"wp-block-list\">\n<li>pas\u016bt\u012bjuma numuru;<\/li>\n\n\n\n<li>preces apmai\u0146as vai atgrie\u0161anas iemeslu;<\/li>\n\n\n\n<li>l\u016bdzu, nes\u016btiet preci atpaka\u013c, kam\u0113r m\u0113s neesam apstiprin\u0101ju\u0161i apmai\u0146u vai atgrie\u0161anu.<\/li>\n<\/ul>\n\n\n\n<p>M\u0113s sazin\u0101simies ar jums 3 darba dienu laik\u0101 p\u0113c j\u016bsu e-pasta sa\u0146em\u0161anas.<\/p>\n\n\n\n<p><strong>Noteikumi par atgrie\u0161anu:<\/strong><\/p>\n\n\n\n<ul class=\"wp-block-list\">\n<li>Atgrieztaj\u0101m prec\u0113m j\u0101b\u016bt neizmantot\u0101m, lab\u0101 st\u0101vokl\u012b un t\u012br\u0101m.<\/li>\n\n\n\n<li>Pirc\u0113jam preci nedr\u012bkst saboj\u0101t. Pirc\u0113js ir atbild\u012bgs par to, lai atgriezt\u0101s preces b\u016btu dro\u0161i iepakotas un s\u016bt\u012b\u0161anas laik\u0101 netiktu boj\u0101tas.<\/li>\n\n\n\n<li>Atgrieztaj\u0101m prec\u0113m j\u0101b\u016bt t\u0101d\u0101 pa\u0161\u0101 st\u0101vokl\u012b, k\u0101d\u0101 t\u0101s tika pieg\u0101d\u0101tas Pirc\u0113jam.<\/li>\n<\/ul>\n\n\n\n<p>Atmaksa par atgrieztaj\u0101m prec\u0113m tiks veikta ar bankas p\u0101rskait\u012bjumu uz kontu vai karti, no kuras tika veikta samaksa par prec\u0113m, 7 darba dienu laik\u0101 no pre\u010du pieg\u0101des \/ sa\u0146em\u0161anas dienas P\u0101rdev\u0113jam.<\/p>\n\n\n\n<p><strong>Mainot vienu produktu pret citu:<\/strong><\/p>\n\n\n\n<ul class=\"wp-block-list\">\n<li>Mainot preci pret d\u0101rg\u0101ku preci, pirc\u0113js samaks\u0101 cenu starp\u012bbu starp d\u0101rg\u0101kas main\u0101m\u0101s preces cenu un ieg\u0101d\u0101t\u0101s preces cenu pirkuma br\u012bd\u012b.<\/li>\n\n\n\n<li>If exchanging for a less expensive item, the seller refunds the difference between the price of the originally purchased item and the price of the desired item.<\/li>\n<\/ul>","protected":false},"excerpt":{"rendered":"<p>E-parduotuv\u0117je obuddy.eu \u012fsigytas prekes, d\u0117l bet kokios prie\u017easties galite pakeisti arba gr\u0105\u017einti per 30 dien\u0173&nbsp;nuo preki\u0173 pristatymo dienos. Preki\u0173 gr\u0105\u017einimas ar keitimas yra nemokamas. Pardav\u0117jui patvirtinus prek\u0117s keitim\u0105 ar gr\u0105\u017einim\u0105, atsi\u0173sime apmok\u0117t\u0105 LP Express pa\u0161tomato siuntos lipduk\u0105. Jei siunta yra didesn\u0117 nei maksimal\u016bs LP Express pa\u0161tomato i\u0161matavimai, u\u017esakysime kurjer\u012f siunt\u0105 paimti darbo dienomis i\u0161 J\u016bs\u0173 nurodyto adreso Lietuvos teritorijoje (i\u0161skyrus Neringos miest\u0105).Abiem atvejais siunt\u0105 pirk\u0117jas turi saugiai supakuoti, atspausdinti ir u\u017elipinti siuntos lipduk\u0105, kur\u012f atsi\u0173sime el. pa\u0161tu.LP Express lipdukus galima nemokamai atspausdinti pa\u0161tomat\u0173 terminale suvedus siuntos numer\u012f. D\u0117l preki\u0173 keitimo ar gr\u0105\u017einimo pra\u0161ome kreiptis el. pa\u0161tu&nbsp;labas@obuddy.eu arba telefonu +37061548035 Lai\u0161ke\u2026<\/p>","protected":false},"author":1,"featured_media":0,"parent":0,"menu_order":0,"comment_status":"closed","ping_status":"closed","template":"","meta":{"footnotes":""},"class_list":["post-3426","page","type-page","status-publish","hentry"],"blocksy_meta":"","aioseo_notices":[],"_links":{"self":[{"href":"https:\/\/obuddy.eu\/lv\/wp-json\/wp\/v2\/pages\/3426","targetHints":{"allow":["GET"]}}],"collection":[{"href":"https:\/\/obuddy.eu\/lv\/wp-json\/wp\/v2\/pages"}],"about":[{"href":"https:\/\/obuddy.eu\/lv\/wp-json\/wp\/v2\/types\/page"}],"author":[{"embeddable":true,"href":"https:\/\/obuddy.eu\/lv\/wp-json\/wp\/v2\/users\/1"}],"replies":[{"embeddable":true,"href":"https:\/\/obuddy.eu\/lv\/wp-json\/wp\/v2\/comments?post=3426"}],"version-history":[{"count":0,"href":"https:\/\/obuddy.eu\/lv\/wp-json\/wp\/v2\/pages\/3426\/revisions"}],"wp:attachment":[{"href":"https:\/\/obuddy.eu\/lv\/wp-json\/wp\/v2\/media?parent=3426"}],"curies":[{"name":"wp","href":"https:\/\/api.w.org\/{rel}","templated":true}]}}