{"id":3421,"date":"2024-06-27T20:47:24","date_gmt":"2024-06-27T17:47:24","guid":{"rendered":"https:\/\/obuddy.eu\/?page_id=3421"},"modified":"2025-06-10T15:34:32","modified_gmt":"2025-06-10T12:34:32","slug":"garantija","status":"publish","type":"page","link":"https:\/\/obuddy.eu\/lv\/garantija\/","title":{"rendered":"Garantija"},"content":{"rendered":"<p><\/p>\n\n\n\n<p class=\" translation-block\">M\u0113s saviem produktiem izvirz\u0101m visaugst\u0101kos kvalit\u0101tes standartus.\nVisiem obuddy.eu ieg\u0101d\u0101tajiem produktiem tiek piem\u0113rota garantija pret ra\u017eo\u0161anas defektiem un <strong>24 m\u0113ne\u0161u garantija gult\u0146u p\u0101rvalku r\u0101v\u0113jsl\u0113dz\u0113jiem un \u0161uv\u0113m<\/strong>.<br>\n<br>Garantija neattiecas uz r\u0101v\u0113jsl\u0113dz\u0113jiem un \u0161uv\u0113m:<\/p>\n\n\n\n<ul class=\"wp-block-list\">\n<li>Ja prece nav lietota paredz\u0113tajam m\u0113r\u0137im vai saska\u0146\u0101 ar ra\u017eot\u0101ja ieteikumiem, vai ja preci ir saboj\u0101jis pirc\u0113js, tre\u0161\u0101s personas vai vides faktori.<\/li>\n\n\n\n<li>Boj\u0101jumi, kas radu\u0161ies, rupji r\u012bkojoties dz\u012bvniekam: sakosts, sapl\u0113sts, rak\u0146\u0101ts vair\u0101k nek\u0101 ierasti utt.<\/li>\n\n\n\n<li>Ja netiek iev\u0113roti uz mazg\u0101\u0161anas eti\u0137etes sniegtie ieteikumi.<\/li>\n\n\n\n<li>Ja izstr\u0101d\u0101jums ir izmantots komerci\u0101liem m\u0113r\u0137iem.<\/li>\n<\/ul>\n\n\n\n<p><strong>Ortop\u0113diskajiem gultas matra\u010diem tiek piem\u0113rota 5 gadu garantija, ka matracis nek\u013c\u016bs pl\u0101n\u0101ks par vair\u0101k nek\u0101 10 % no matra\u010da deklar\u0113t\u0101 biezuma. <\/strong><\/p>\n\n\n\n<p>Matra\u010da garantija netiek piem\u0113rota t\u0101l\u0101k aprakst\u012btajos apst\u0101k\u013cos:<\/p>\n\n\n\n<ul class=\"wp-block-list\">\n<li>Ra\u017eo\u0161anas proces\u0101 izmantoto materi\u0101lu m\u012bkstuma d\u0113\u013c matra\u010da garums, platums un augstums var at\u0161\u0137irties no deklar\u0113tajiem izm\u0113riem l\u012bdz 1,5 cm. Tas neietekm\u0113 matra\u010da \u012bpa\u0161\u012bbas.<\/li>\n\n\n\n<li>Izmantoto materi\u0101lu d\u0113\u013c matra\u010diem var b\u016bt specifiska smaka, ta\u010du tas ar laiku izz\u016bd, v\u0113dinot telpas. Cilv\u0113ki, kuri ir jut\u012bg\u0101ki pret smak\u0101m, var ilg\u0101k sajust jaun\u0101 izstr\u0101d\u0101juma smaku. Nav j\u0101uztraucas - matra\u010du ra\u017eo\u0161an\u0101 tiek izmantoti tikai sertific\u0113ti materi\u0101li, un tie nav kait\u012bgi vesel\u012bbai.<\/li>\n\n\n\n<li>Matra\u010da lieto\u0161anas laik\u0101 var veidoties iespiedumi taj\u0101s viet\u0101s, kas ir pak\u013cautas visliel\u0101kajam spiedienam. Deform\u0101cija l\u012bdz 10% (desmit procentiem) no pamatnes augstuma neietekm\u0113 matra\u010da \u012bpa\u0161\u012bbas.<\/li>\n\n\n\n<li>Ja izstr\u0101d\u0101jums nav lietots paredz\u0113tajam m\u0113r\u0137im vai saska\u0146\u0101 ar ra\u017eot\u0101ja ieteikumiem, vai ar\u012b izstr\u0101d\u0101jums ir boj\u0101ts pirc\u0113ja, tre\u0161o personu vai vides faktoru darb\u012bbas d\u0113\u013c.<\/li>\n<\/ul>\n\n\n\n<p class=\" translation-block\">Ja jums ir k\u0101di jaut\u0101jumi par garantiju, l\u016bdzu, rakstiet uz labas@obuddy.eu, un m\u016bsu draudz\u012bg\u0101 komanda labpr\u0101t atbild\u0113s uz visiem j\u016bsu jaut\u0101jumiem.\n\nGarantijas pretenzijas gad\u012bjum\u0101 m\u0113s salabosim komponentu\/da\u013cu (p\u0101rvalku, matraci vai citu da\u013cu). Ja remonts neb\u016bs iesp\u0113jams, m\u0113s nomain\u012bsim preces komponentu\/da\u013cu pret jaunu. Ja \u0161\u0101du preci vairs nera\u017eojam vai t\u0101s nav m\u016bsu noliktav\u0101 un tuv\u0101kaj\u0101 laik\u0101 nepl\u0101nojam to dar\u012bt, m\u0113s to aizst\u0101sim ar preci, kurai ir l\u012bdz\u012bgas \u012bpa\u0161\u012bbas, funkcijas un cena.<\/p>\n\n\n\n<p>Ar garantiju saist\u012btos pieg\u0101des izdevumus sedz p\u0101rdev\u0113js.&nbsp;<\/p>","protected":false},"excerpt":{"rendered":"<p>Savo produktams keliame auk\u0161\u010diausius kokyb\u0117s reikalavimus.Visoms obuddy.eu \u012fsigytoms prek\u0117ms taikoma garantija gamykliniams defektams, bei 24 m\u0117n. garantija guoli\u0173 u\u017evalkal\u0173 u\u017etrauktukams ir si\u016bl\u0117ms. Garantija u\u017etrauktukams ir si\u016bl\u0117ms netaikoma: Ortopedini\u0173 guoli\u0173 \u010diu\u017einiams taikoma 5 met\u0173 garantija, jog \u010diu\u017einys nesuplon\u0117s daugiau nei 10% nuo deklaruojamo \u010diu\u017einio storio. Garantija \u010diu\u017einiams netaikoma esant \u017eemiau apra\u0161ytomis s\u0105lygomis: Kilus klausimams d\u0117l garantijos ra\u0161ykite labas@obuddy.eu, m\u016bs\u0173 draugi\u0161ka komanda atsakys jums \u012f visus klausimus. Esant garantiniam atvejui, prek\u0117s komponent\u0105\/dal\u012f (u\u017evalkal\u0105, \u010diu\u017ein\u012f ar kit\u0105 dal\u012f) sutaisysime. Nesant galimybei sutaisyti, prek\u0117s komponent\u0105\/dal\u012f pakeisime \u012f nauj\u0105. Jeigu tokios prek\u0117s nebegaminame arba neturime sand\u0117lyje ir artimu metu neplanuojame tur\u0117ti, prek\u0119 pakeisime \u012f analogi\u0161kas\u2026<\/p>","protected":false},"author":1,"featured_media":0,"parent":0,"menu_order":0,"comment_status":"closed","ping_status":"closed","template":"","meta":{"footnotes":"[]"},"class_list":["post-3421","page","type-page","status-publish","hentry"],"blocksy_meta":"","aioseo_notices":[],"_links":{"self":[{"href":"https:\/\/obuddy.eu\/lv\/wp-json\/wp\/v2\/pages\/3421","targetHints":{"allow":["GET"]}}],"collection":[{"href":"https:\/\/obuddy.eu\/lv\/wp-json\/wp\/v2\/pages"}],"about":[{"href":"https:\/\/obuddy.eu\/lv\/wp-json\/wp\/v2\/types\/page"}],"author":[{"embeddable":true,"href":"https:\/\/obuddy.eu\/lv\/wp-json\/wp\/v2\/users\/1"}],"replies":[{"embeddable":true,"href":"https:\/\/obuddy.eu\/lv\/wp-json\/wp\/v2\/comments?post=3421"}],"version-history":[{"count":0,"href":"https:\/\/obuddy.eu\/lv\/wp-json\/wp\/v2\/pages\/3421\/revisions"}],"wp:attachment":[{"href":"https:\/\/obuddy.eu\/lv\/wp-json\/wp\/v2\/media?parent=3421"}],"curies":[{"name":"wp","href":"https:\/\/api.w.org\/{rel}","templated":true}]}}