{"id":3753,"date":"2024-08-21T21:24:04","date_gmt":"2024-08-21T18:24:04","guid":{"rendered":"https:\/\/obuddy.eu\/?post_type=product&#038;p=3753"},"modified":"2026-03-14T10:12:35","modified_gmt":"2026-03-14T08:12:35","slug":"guolis-pagalve-pilkas","status":"publish","type":"product","link":"https:\/\/obuddy.eu\/lt\/produktas\/guolis-pagalve-pilkas\/","title":{"rendered":"Guolis \u0161unims \u201ePagalv\u0117\u201d, pilkas"},"content":{"rendered":"\t\t<div data-elementor-type=\"wp-post\" data-elementor-id=\"3744\" class=\"elementor elementor-3744\">\n\t\t\t\t\t\t\t<div class=\"elementor-element elementor-element-c82dcbb e-flex e-con-boxed e-con e-parent\" data-id=\"c82dcbb\" data-element_type=\"container\" data-settings=\"{&quot;background_background&quot;:&quot;classic&quot;,&quot;content_width&quot;:&quot;boxed&quot;}\" data-core-v316-plus=\"true\">\n\t\t\t\t\t<div class=\"e-con-inner\">\n\t\t<div class=\"elementor-element elementor-element-1140e94 e-con-full e-flex e-con e-child\" data-id=\"1140e94\" data-element_type=\"container\" data-settings=\"{&quot;content_width&quot;:&quot;full&quot;,&quot;background_background&quot;:&quot;classic&quot;}\">\n\t\t<div class=\"elementor-element elementor-element-378d13d e-flex e-con-boxed e-con e-child\" data-id=\"378d13d\" data-element_type=\"container\" data-settings=\"{&quot;content_width&quot;:&quot;boxed&quot;}\">\n\t\t\t\t\t<div class=\"e-con-inner\">\n\t\t\t\t<div class=\"elementor-element elementor-element-eed39b9 elementor-widget elementor-widget-text-editor\" data-id=\"eed39b9\" data-element_type=\"widget\" data-widget_type=\"text-editor.default\">\n\t\t\t\t<div class=\"elementor-widget-container\">\n\t\t\t<style>\/*! elementor - v3.17.0 - 01-11-2023 *\/\n.elementor-widget-text-editor.elementor-drop-cap-view-stacked .elementor-drop-cap{background-color:#69727d;color:#fff}.elementor-widget-text-editor.elementor-drop-cap-view-framed .elementor-drop-cap{color:#69727d;border:3px solid;background-color:transparent}.elementor-widget-text-editor:not(.elementor-drop-cap-view-default) .elementor-drop-cap{margin-top:8px}.elementor-widget-text-editor:not(.elementor-drop-cap-view-default) .elementor-drop-cap-letter{width:1em;height:1em}.elementor-widget-text-editor .elementor-drop-cap{float:left;text-align:center;line-height:1;font-size:50px}.elementor-widget-text-editor .elementor-drop-cap-letter{display:inline-block}<\/style>\t\t\t\t<p>TVIRTAS, GYV\u016aNAMS DRAUGI\u0160KAS AUDINYS<\/p>\t\t\t\t\t\t<\/div>\n\t\t\t\t<\/div>\n\t\t\t\t<div class=\"elementor-element elementor-element-d11bce1 elementor-widget elementor-widget-text-editor\" data-id=\"d11bce1\" data-element_type=\"widget\" data-widget_type=\"text-editor.default\">\n\t\t\t\t<div class=\"elementor-widget-container\">\n\t\t\t\t\t\t\t<p>Draskymui atspari \u201ePet Proof\u201d med\u017eiaga u\u017etikrina guolio ilgaam\u017ei\u0161kum\u0105.<br \/>Oeko-Teks standard 100 \u00a0sertifikat\u0105 turintis audinys yra be kenksming\u0173 med\u017eiag\u0173, draugi\u0161kas augintiniui ir aplinkai.<\/p>\t\t\t\t\t\t<\/div>\n\t\t\t\t<\/div>\n\t\t\t\t\t<\/div>\n\t\t\t\t<\/div>\n\t\t<div class=\"elementor-element elementor-element-bbdb7f0 e-con-full e-flex e-con e-child\" data-id=\"bbdb7f0\" data-element_type=\"container\" data-settings=\"{&quot;content_width&quot;:&quot;full&quot;,&quot;background_background&quot;:&quot;classic&quot;}\">\n\t\t\t\t<div class=\"elementor-element elementor-element-baf621a elementor-widget elementor-widget-image\" data-id=\"baf621a\" data-element_type=\"widget\" data-widget_type=\"image.default\">\n\t\t\t\t<div class=\"elementor-widget-container\">\n\t\t\t<style>\/*! elementor - v3.17.0 - 01-11-2023 *\/\n.elementor-widget-image{text-align:center}.elementor-widget-image a{display:inline-block}.elementor-widget-image a img[src$=\".svg\"]{width:48px}.elementor-widget-image img{vertical-align:middle;display:inline-block}<\/style>\t\t\t\t\t\t\t\t\t\t\t\t<img decoding=\"async\" width=\"1080\" height=\"1080\" data-src=\"https:\/\/obuddy.eu\/wp-content\/uploads\/2024\/08\/1-1.png\" class=\"attachment-full size-full wp-image-3740 lazyload\" alt=\"\" data-srcset=\"https:\/\/obuddy.eu\/wp-content\/uploads\/2024\/08\/1-1.png 1080w, https:\/\/obuddy.eu\/wp-content\/uploads\/2024\/08\/1-1-300x300.png 300w, https:\/\/obuddy.eu\/wp-content\/uploads\/2024\/08\/1-1-1024x1024.png 1024w, https:\/\/obuddy.eu\/wp-content\/uploads\/2024\/08\/1-1-150x150.png 150w, https:\/\/obuddy.eu\/wp-content\/uploads\/2024\/08\/1-1-768x768.png 768w, https:\/\/obuddy.eu\/wp-content\/uploads\/2024\/08\/1-1-12x12.png 12w, https:\/\/obuddy.eu\/wp-content\/uploads\/2024\/08\/1-1-500x500.png 500w, https:\/\/obuddy.eu\/wp-content\/uploads\/2024\/08\/1-1-600x600.png 600w, https:\/\/obuddy.eu\/wp-content\/uploads\/2024\/08\/1-1-100x100.png 100w, https:\/\/obuddy.eu\/wp-content\/uploads\/2024\/08\/1-1-50x50.png 50w\" data-sizes=\"auto, (max-width: 1080px) 100vw, 1080px\" src=\"data:image\/gif;base64,R0lGODlhAQABAAAAACH5BAEKAAEALAAAAAABAAEAAAICTAEAOw==\" style=\"--smush-placeholder-width: 1080px; --smush-placeholder-aspect-ratio: 1080\/1080;\" \/>\t\t\t\t\t\t\t\t\t\t\t\t\t\t\t<\/div>\n\t\t\t\t<\/div>\n\t\t\t\t<\/div>\n\t\t\t\t<\/div>\n\t\t<div class=\"elementor-element elementor-element-4f700e9 e-con-full e-flex e-con e-child\" data-id=\"4f700e9\" data-element_type=\"container\" data-settings=\"{&quot;content_width&quot;:&quot;full&quot;,&quot;background_background&quot;:&quot;classic&quot;}\">\n\t\t<div class=\"elementor-element elementor-element-d335da4 e-con-full e-flex e-con e-child\" data-id=\"d335da4\" data-element_type=\"container\" data-settings=\"{&quot;content_width&quot;:&quot;full&quot;,&quot;background_background&quot;:&quot;classic&quot;}\">\n\t\t\t\t<div class=\"elementor-element elementor-element-361acf5 elementor-widget elementor-widget-image\" data-id=\"361acf5\" data-element_type=\"widget\" data-widget_type=\"image.default\">\n\t\t\t\t<div class=\"elementor-widget-container\">\n\t\t\t\t\t\t\t\t\t\t\t\t\t\t\t<img decoding=\"async\" width=\"1080\" height=\"1080\" data-src=\"https:\/\/obuddy.eu\/wp-content\/uploads\/2024\/08\/2-3.png\" class=\"attachment-full size-full wp-image-3766 lazyload\" alt=\"\" data-srcset=\"https:\/\/obuddy.eu\/wp-content\/uploads\/2024\/08\/2-3.png 1080w, https:\/\/obuddy.eu\/wp-content\/uploads\/2024\/08\/2-3-300x300.png 300w, https:\/\/obuddy.eu\/wp-content\/uploads\/2024\/08\/2-3-1024x1024.png 1024w, https:\/\/obuddy.eu\/wp-content\/uploads\/2024\/08\/2-3-150x150.png 150w, https:\/\/obuddy.eu\/wp-content\/uploads\/2024\/08\/2-3-768x768.png 768w, https:\/\/obuddy.eu\/wp-content\/uploads\/2024\/08\/2-3-12x12.png 12w, https:\/\/obuddy.eu\/wp-content\/uploads\/2024\/08\/2-3-500x500.png 500w, https:\/\/obuddy.eu\/wp-content\/uploads\/2024\/08\/2-3-600x600.png 600w, https:\/\/obuddy.eu\/wp-content\/uploads\/2024\/08\/2-3-100x100.png 100w, https:\/\/obuddy.eu\/wp-content\/uploads\/2024\/08\/2-3-50x50.png 50w\" data-sizes=\"auto, (max-width: 1080px) 100vw, 1080px\" src=\"data:image\/gif;base64,R0lGODlhAQABAAAAACH5BAEKAAEALAAAAAABAAEAAAICTAEAOw==\" style=\"--smush-placeholder-width: 1080px; --smush-placeholder-aspect-ratio: 1080\/1080;\" \/>\t\t\t\t\t\t\t\t\t\t\t\t\t\t\t<\/div>\n\t\t\t\t<\/div>\n\t\t\t\t<\/div>\n\t\t<div class=\"elementor-element elementor-element-b51884a e-flex e-con-boxed e-con e-child\" data-id=\"b51884a\" data-element_type=\"container\" data-settings=\"{&quot;content_width&quot;:&quot;boxed&quot;}\">\n\t\t\t\t\t<div class=\"e-con-inner\">\n\t\t\t\t<div class=\"elementor-element elementor-element-af71fa5 elementor-widget elementor-widget-text-editor\" data-id=\"af71fa5\" data-element_type=\"widget\" data-widget_type=\"text-editor.default\">\n\t\t\t\t<div class=\"elementor-widget-container\">\n\t\t\t\t\t\t\t<p>KOMFORT\u0104 IR FORM\u0104 I\u0160LAIKANTIS GUOLIS<\/p>\t\t\t\t\t\t<\/div>\n\t\t\t\t<\/div>\n\t\t\t\t<div class=\"elementor-element elementor-element-205fe67 elementor-widget elementor-widget-text-editor\" data-id=\"205fe67\" data-element_type=\"widget\" data-widget_type=\"text-editor.default\">\n\t\t\t\t<div class=\"elementor-widget-container\">\n\t\t\t\t\t\t\t<p>Guolio u\u017epildui naudojamas porolono gabaliuk\u0173 ir dirbtin\u0117s medviln\u0117s pluo\u0161to mi\u0161inys.<br \/>\u0160i technologija u\u017etikrina guolio mink\u0161tum\u0105, tuo pa\u010diu neleid\u017eia guoliui \u201esukristi\u201d.<br \/>Kam\u0161al\u0173 u\u017evalkale esan\u010dios pertvaros i\u0161laiko kam\u0161alus tolygiai paskirstytus. <br \/>Tai padeda i\u0161laikyti guolio form\u0105 \u00a0ir u\u017etikrinti maksimal\u0173 komfort\u0105 j\u016bs\u0173 augintiniui.<\/p>\t\t\t\t\t\t<\/div>\n\t\t\t\t<\/div>\n\t\t\t\t\t<\/div>\n\t\t\t\t<\/div>\n\t\t\t\t<\/div>\n\t\t<div class=\"elementor-element elementor-element-8e572e0 e-con-full e-flex e-con e-child\" data-id=\"8e572e0\" data-element_type=\"container\" data-settings=\"{&quot;content_width&quot;:&quot;full&quot;,&quot;background_background&quot;:&quot;classic&quot;}\">\n\t\t<div class=\"elementor-element elementor-element-df504ee e-flex e-con-boxed e-con e-child\" data-id=\"df504ee\" data-element_type=\"container\" data-settings=\"{&quot;content_width&quot;:&quot;boxed&quot;}\">\n\t\t\t\t\t<div class=\"e-con-inner\">\n\t\t\t\t<div class=\"elementor-element elementor-element-1200f08 elementor-widget elementor-widget-text-editor\" data-id=\"1200f08\" data-element_type=\"widget\" data-widget_type=\"text-editor.default\">\n\t\t\t\t<div class=\"elementor-widget-container\">\n\t\t\t\t\t\t\t<p>LENGVA PRIE\u017dI\u016aRA<\/p>\t\t\t\t\t\t<\/div>\n\t\t\t\t<\/div>\n\t\t\t\t<div class=\"elementor-element elementor-element-1bac1da elementor-widget elementor-widget-text-editor\" data-id=\"1bac1da\" data-element_type=\"widget\" data-widget_type=\"text-editor.default\">\n\t\t\t\t<div class=\"elementor-widget-container\">\n\t\t\t\t\t\t\t<p>Neutralios ir ma\u017eiau teplios spalvos padeda i\u0161laikyti nepriekai\u0161ting\u0105 guolio i\u0161vaizd\u0105. Prireikus valymo &#8211; lengvai nusiimantis u\u017evalkalas gali b\u016bti skalbiamas skalbimo ma\u0161inoje bei d\u017eiovinamas d\u017eiovykl\u0117je.<\/p>\t\t\t\t\t\t<\/div>\n\t\t\t\t<\/div>\n\t\t\t\t\t<\/div>\n\t\t\t\t<\/div>\n\t\t<div class=\"elementor-element elementor-element-982c692 e-con-full e-flex e-con e-child\" data-id=\"982c692\" data-element_type=\"container\" data-settings=\"{&quot;content_width&quot;:&quot;full&quot;,&quot;background_background&quot;:&quot;classic&quot;}\">\n\t\t\t\t<div class=\"elementor-element elementor-element-6601a7c elementor-widget elementor-widget-image\" data-id=\"6601a7c\" data-element_type=\"widget\" data-widget_type=\"image.default\">\n\t\t\t\t<div class=\"elementor-widget-container\">\n\t\t\t\t\t\t\t\t\t\t\t\t\t\t\t<img decoding=\"async\" width=\"1080\" height=\"1080\" data-src=\"https:\/\/obuddy.eu\/wp-content\/uploads\/2024\/08\/3-2.png\" class=\"attachment-full size-full wp-image-3748 lazyload\" alt=\"\" data-srcset=\"https:\/\/obuddy.eu\/wp-content\/uploads\/2024\/08\/3-2.png 1080w, https:\/\/obuddy.eu\/wp-content\/uploads\/2024\/08\/3-2-300x300.png 300w, https:\/\/obuddy.eu\/wp-content\/uploads\/2024\/08\/3-2-1024x1024.png 1024w, https:\/\/obuddy.eu\/wp-content\/uploads\/2024\/08\/3-2-150x150.png 150w, https:\/\/obuddy.eu\/wp-content\/uploads\/2024\/08\/3-2-768x768.png 768w, https:\/\/obuddy.eu\/wp-content\/uploads\/2024\/08\/3-2-12x12.png 12w, https:\/\/obuddy.eu\/wp-content\/uploads\/2024\/08\/3-2-500x500.png 500w, https:\/\/obuddy.eu\/wp-content\/uploads\/2024\/08\/3-2-600x600.png 600w, https:\/\/obuddy.eu\/wp-content\/uploads\/2024\/08\/3-2-100x100.png 100w, https:\/\/obuddy.eu\/wp-content\/uploads\/2024\/08\/3-2-50x50.png 50w\" data-sizes=\"auto, (max-width: 1080px) 100vw, 1080px\" src=\"data:image\/gif;base64,R0lGODlhAQABAAAAACH5BAEKAAEALAAAAAABAAEAAAICTAEAOw==\" style=\"--smush-placeholder-width: 1080px; --smush-placeholder-aspect-ratio: 1080\/1080;\" \/>\t\t\t\t\t\t\t\t\t\t\t\t\t\t\t<\/div>\n\t\t\t\t<\/div>\n\t\t\t\t<\/div>\n\t\t\t\t<\/div>\n\t\t<div class=\"elementor-element elementor-element-a7a62eb e-con-full e-flex e-con e-child\" data-id=\"a7a62eb\" data-element_type=\"container\" data-settings=\"{&quot;content_width&quot;:&quot;full&quot;,&quot;background_background&quot;:&quot;classic&quot;}\">\n\t\t<div class=\"elementor-element elementor-element-516bc12 e-con-full e-flex e-con e-child\" data-id=\"516bc12\" data-element_type=\"container\" data-settings=\"{&quot;content_width&quot;:&quot;full&quot;,&quot;background_background&quot;:&quot;classic&quot;}\">\n\t\t\t\t<div class=\"elementor-element elementor-element-6cc8633 elementor-widget elementor-widget-image\" data-id=\"6cc8633\" data-element_type=\"widget\" data-widget_type=\"image.default\">\n\t\t\t\t<div class=\"elementor-widget-container\">\n\t\t\t\t\t\t\t\t\t\t\t\t\t\t\t<img decoding=\"async\" width=\"1080\" height=\"1080\" data-src=\"https:\/\/obuddy.eu\/wp-content\/uploads\/2024\/08\/4.png\" class=\"attachment-full size-full wp-image-3743 lazyload\" alt=\"\" data-srcset=\"https:\/\/obuddy.eu\/wp-content\/uploads\/2024\/08\/4.png 1080w, https:\/\/obuddy.eu\/wp-content\/uploads\/2024\/08\/4-300x300.png 300w, https:\/\/obuddy.eu\/wp-content\/uploads\/2024\/08\/4-1024x1024.png 1024w, https:\/\/obuddy.eu\/wp-content\/uploads\/2024\/08\/4-150x150.png 150w, https:\/\/obuddy.eu\/wp-content\/uploads\/2024\/08\/4-768x768.png 768w, https:\/\/obuddy.eu\/wp-content\/uploads\/2024\/08\/4-12x12.png 12w, https:\/\/obuddy.eu\/wp-content\/uploads\/2024\/08\/4-500x500.png 500w, https:\/\/obuddy.eu\/wp-content\/uploads\/2024\/08\/4-600x600.png 600w, https:\/\/obuddy.eu\/wp-content\/uploads\/2024\/08\/4-100x100.png 100w, https:\/\/obuddy.eu\/wp-content\/uploads\/2024\/08\/4-50x50.png 50w\" data-sizes=\"auto, (max-width: 1080px) 100vw, 1080px\" src=\"data:image\/gif;base64,R0lGODlhAQABAAAAACH5BAEKAAEALAAAAAABAAEAAAICTAEAOw==\" style=\"--smush-placeholder-width: 1080px; --smush-placeholder-aspect-ratio: 1080\/1080;\" \/>\t\t\t\t\t\t\t\t\t\t\t\t\t\t\t<\/div>\n\t\t\t\t<\/div>\n\t\t\t\t<\/div>\n\t\t<div class=\"elementor-element elementor-element-3567581 e-flex e-con-boxed e-con e-child\" data-id=\"3567581\" data-element_type=\"container\" data-settings=\"{&quot;content_width&quot;:&quot;boxed&quot;}\">\n\t\t\t\t\t<div class=\"e-con-inner\">\n\t\t\t\t<div class=\"elementor-element elementor-element-406f503 elementor-widget elementor-widget-text-editor\" data-id=\"406f503\" data-element_type=\"widget\" data-widget_type=\"text-editor.default\">\n\t\t\t\t<div class=\"elementor-widget-container\">\n\t\t\t\t\t\t\t<p>KOKYB\u0116 IR ILGAAM\u017dI\u0160KUMAS<\/p>\t\t\t\t\t\t<\/div>\n\t\t\t\t<\/div>\n\t\t\t\t<div class=\"elementor-element elementor-element-6d5f963 elementor-widget elementor-widget-text-editor\" data-id=\"6d5f963\" data-element_type=\"widget\" data-widget_type=\"text-editor.default\">\n\t\t\t\t<div class=\"elementor-widget-container\">\n\t\t\t\t\t\t\t<p>Dvigubo sluoksnio, auk\u0161\u010diausios kokyb\u0117s med\u017eiagos, tvirti apsiuvimai ir patikimi aksesuarai u\u017etikrina guolio ilgaam\u017ei\u0161kum\u0105.<br \/>Si\u016bl\u0117ms ir u\u017etrauktukams suteikiama\u00a02\u00a0met\u0173 <strong>garantija<\/strong>.<\/p>\t\t\t\t\t\t<\/div>\n\t\t\t\t<\/div>\n\t\t\t\t\t<\/div>\n\t\t\t\t<\/div>\n\t\t\t\t<\/div>\n\t\t<div class=\"elementor-element elementor-element-f958671 e-con-full e-flex e-con e-child\" data-id=\"f958671\" data-element_type=\"container\" data-settings=\"{&quot;content_width&quot;:&quot;full&quot;,&quot;background_background&quot;:&quot;classic&quot;}\">\n\t\t<div class=\"elementor-element elementor-element-599a75a e-flex e-con-boxed e-con e-child\" data-id=\"599a75a\" data-element_type=\"container\" data-settings=\"{&quot;content_width&quot;:&quot;boxed&quot;}\">\n\t\t\t\t\t<div class=\"e-con-inner\">\n\t\t\t\t<div class=\"elementor-element elementor-element-d8d292f elementor-widget elementor-widget-text-editor\" data-id=\"d8d292f\" data-element_type=\"widget\" data-widget_type=\"text-editor.default\">\n\t\t\t\t<div class=\"elementor-widget-container\">\n\t\t\t\t\t\t\t<p>PREMIUM KLAS\u0116S ESTETIKA<\/p>\t\t\t\t\t\t<\/div>\n\t\t\t\t<\/div>\n\t\t\t\t<div class=\"elementor-element elementor-element-83511a0 elementor-widget elementor-widget-text-editor\" data-id=\"83511a0\" data-element_type=\"widget\" data-widget_type=\"text-editor.default\">\n\t\t\t\t<div class=\"elementor-widget-container\">\n\t\t\t\t\t\t\t<p>Stilingas guolis savo spalva ir dizainu puikiai prisiderins prie j\u016bs\u0173 nam\u0173 interjero.\u00a0<\/p>\t\t\t\t\t\t<\/div>\n\t\t\t\t<\/div>\n\t\t\t\t\t<\/div>\n\t\t\t\t<\/div>\n\t\t<div class=\"elementor-element elementor-element-280f2ee e-con-full e-flex e-con e-child\" data-id=\"280f2ee\" data-element_type=\"container\" data-settings=\"{&quot;content_width&quot;:&quot;full&quot;,&quot;background_background&quot;:&quot;classic&quot;}\">\n\t\t\t\t<div class=\"elementor-element elementor-element-3a3be32 elementor-widget elementor-widget-image\" data-id=\"3a3be32\" data-element_type=\"widget\" data-widget_type=\"image.default\">\n\t\t\t\t<div class=\"elementor-widget-container\">\n\t\t\t\t\t\t\t\t\t\t\t\t\t\t\t<img decoding=\"async\" width=\"1080\" height=\"1080\" data-src=\"https:\/\/obuddy.eu\/wp-content\/uploads\/2024\/08\/Pilka-pagalve.png\" class=\"attachment-full size-full wp-image-3802 lazyload\" alt=\"\" data-srcset=\"https:\/\/obuddy.eu\/wp-content\/uploads\/2024\/08\/Pilka-pagalve.png 1080w, https:\/\/obuddy.eu\/wp-content\/uploads\/2024\/08\/Pilka-pagalve-300x300.png 300w, https:\/\/obuddy.eu\/wp-content\/uploads\/2024\/08\/Pilka-pagalve-1024x1024.png 1024w, https:\/\/obuddy.eu\/wp-content\/uploads\/2024\/08\/Pilka-pagalve-150x150.png 150w, https:\/\/obuddy.eu\/wp-content\/uploads\/2024\/08\/Pilka-pagalve-768x768.png 768w, https:\/\/obuddy.eu\/wp-content\/uploads\/2024\/08\/Pilka-pagalve-12x12.png 12w, https:\/\/obuddy.eu\/wp-content\/uploads\/2024\/08\/Pilka-pagalve-500x500.png 500w, https:\/\/obuddy.eu\/wp-content\/uploads\/2024\/08\/Pilka-pagalve-600x600.png 600w, https:\/\/obuddy.eu\/wp-content\/uploads\/2024\/08\/Pilka-pagalve-100x100.png 100w, https:\/\/obuddy.eu\/wp-content\/uploads\/2024\/08\/Pilka-pagalve-50x50.png 50w\" data-sizes=\"auto, (max-width: 1080px) 100vw, 1080px\" src=\"data:image\/gif;base64,R0lGODlhAQABAAAAACH5BAEKAAEALAAAAAABAAEAAAICTAEAOw==\" style=\"--smush-placeholder-width: 1080px; --smush-placeholder-aspect-ratio: 1080\/1080;\" \/>\t\t\t\t\t\t\t\t\t\t\t\t\t\t\t<\/div>\n\t\t\t\t<\/div>\n\t\t\t\t<\/div>\n\t\t\t\t<\/div>\n\t\t\t\t\t<\/div>\n\t\t\t\t<\/div>\n\t\t\t\t\t\t\t<\/div>\n\t\t\n","protected":false},"excerpt":{"rendered":"","protected":false},"featured_media":3759,"comment_status":"open","ping_status":"closed","template":"","meta":[],"product_cat":[15,114,115],"product_tag":[],"class_list":["post-3753","product","type-product","status-publish","has-post-thumbnail","hentry","product_cat-sunu-guoliai","product_cat-mazu-sunu-guoliai","product_cat-guoliai-pagalves","pa_dydis-m","pa_dydis-l"],"aioseo_notices":[],"_links":{"self":[{"href":"https:\/\/obuddy.eu\/lt\/wp-json\/wp\/v2\/product\/3753","targetHints":{"allow":["GET"]}}],"collection":[{"href":"https:\/\/obuddy.eu\/lt\/wp-json\/wp\/v2\/product"}],"about":[{"href":"https:\/\/obuddy.eu\/lt\/wp-json\/wp\/v2\/types\/product"}],"replies":[{"embeddable":true,"href":"https:\/\/obuddy.eu\/lt\/wp-json\/wp\/v2\/comments?post=3753"}],"version-history":[{"count":1,"href":"https:\/\/obuddy.eu\/lt\/wp-json\/wp\/v2\/product\/3753\/revisions"}],"predecessor-version":[{"id":5934,"href":"https:\/\/obuddy.eu\/lt\/wp-json\/wp\/v2\/product\/3753\/revisions\/5934"}],"wp:featuredmedia":[{"embeddable":true,"href":"https:\/\/obuddy.eu\/lt\/wp-json\/wp\/v2\/media\/3759"}],"wp:attachment":[{"href":"https:\/\/obuddy.eu\/lt\/wp-json\/wp\/v2\/media?parent=3753"}],"wp:term":[{"taxonomy":"product_cat","embeddable":true,"href":"https:\/\/obuddy.eu\/lt\/wp-json\/wp\/v2\/product_cat?post=3753"},{"taxonomy":"product_tag","embeddable":true,"href":"https:\/\/obuddy.eu\/lt\/wp-json\/wp\/v2\/product_tag?post=3753"}],"curies":[{"name":"wp","href":"https:\/\/api.w.org\/{rel}","templated":true}]}}