{"id":3609,"date":"2024-08-14T16:19:20","date_gmt":"2024-08-14T13:19:20","guid":{"rendered":"https:\/\/obuddy.eu\/?post_type=product&#038;p=3609"},"modified":"2026-03-19T15:52:01","modified_gmt":"2026-03-19T13:52:01","slug":"uzvalkalas-guoliui-pet-comfort-lounge-rudas","status":"publish","type":"product","link":"https:\/\/obuddy.eu\/lt\/produktas\/uzvalkalas-guoliui-pet-comfort-lounge-rudas\/","title":{"rendered":"U\u017evalkalas guoliui \u201ePet Comfort Lounge\u201d, rudas"},"content":{"rendered":"\t\t<div data-elementor-type=\"wp-post\" data-elementor-id=\"3586\" class=\"elementor elementor-3586\">\n\t\t\t\t\t\t\t<div class=\"elementor-element elementor-element-3a3e4bea e-flex e-con-boxed e-con e-parent\" data-id=\"3a3e4bea\" data-element_type=\"container\" data-settings=\"{&quot;background_background&quot;:&quot;classic&quot;,&quot;content_width&quot;:&quot;boxed&quot;}\" data-core-v316-plus=\"true\">\n\t\t\t\t\t<div class=\"e-con-inner\">\n\t\t<div class=\"elementor-element elementor-element-75888f22 e-con-full e-flex e-con e-child\" data-id=\"75888f22\" data-element_type=\"container\" data-settings=\"{&quot;content_width&quot;:&quot;full&quot;,&quot;background_background&quot;:&quot;classic&quot;}\">\n\t\t<div class=\"elementor-element elementor-element-52bc9e12 e-flex e-con-boxed e-con e-child\" data-id=\"52bc9e12\" data-element_type=\"container\" data-settings=\"{&quot;content_width&quot;:&quot;boxed&quot;}\">\n\t\t\t\t\t<div class=\"e-con-inner\">\n\t\t\t\t<div class=\"elementor-element elementor-element-450697b0 elementor-widget elementor-widget-text-editor\" data-id=\"450697b0\" data-element_type=\"widget\" data-widget_type=\"text-editor.default\">\n\t\t\t\t<div class=\"elementor-widget-container\">\n\t\t\t<style>\/*! elementor - v3.17.0 - 01-11-2023 *\/\n.elementor-widget-text-editor.elementor-drop-cap-view-stacked .elementor-drop-cap{background-color:#69727d;color:#fff}.elementor-widget-text-editor.elementor-drop-cap-view-framed .elementor-drop-cap{color:#69727d;border:3px solid;background-color:transparent}.elementor-widget-text-editor:not(.elementor-drop-cap-view-default) .elementor-drop-cap{margin-top:8px}.elementor-widget-text-editor:not(.elementor-drop-cap-view-default) .elementor-drop-cap-letter{width:1em;height:1em}.elementor-widget-text-editor .elementor-drop-cap{float:left;text-align:center;line-height:1;font-size:50px}.elementor-widget-text-editor .elementor-drop-cap-letter{display:inline-block}<\/style>\t\t\t\t<p class=\"MsoNormal\" style=\"margin: 0cm; font-size: 12pt; font-family: Calibri, sans-serif; font-weight: 400; text-align: start;\"><b><span lang=\"LT\" style=\"font-size: 15pt;\">KOL SKALBIATE VIEN\u0104 &#8211; NAUDOKITE KIT\u0104<o:p><\/o:p><\/span><\/b><\/p>\t\t\t\t\t\t<\/div>\n\t\t\t\t<\/div>\n\t\t\t\t<div class=\"elementor-element elementor-element-1abefe89 elementor-widget elementor-widget-text-editor\" data-id=\"1abefe89\" data-element_type=\"widget\" data-widget_type=\"text-editor.default\">\n\t\t\t\t<div class=\"elementor-widget-container\">\n\t\t\t\t\t\t\t<p>\u012esigijus papildom\u0105 guolio u\u017evalkal\u0105 nereik\u0117s nerimauti, jog J\u016bs\u0173 augintinis liks be savo guolio, kol u\u017evalkalas yra skalbiamas ir d\u017eiovinamas. <br \/>Skalbimo reikalaujant\u012f u\u017evalkal\u0105 pakeiskite \u0161variu, o skalbim\u0105 planuokit\u0117s sau patogiu metu.<\/p>\t\t\t\t\t\t<\/div>\n\t\t\t\t<\/div>\n\t\t\t\t\t<\/div>\n\t\t\t\t<\/div>\n\t\t<div class=\"elementor-element elementor-element-5f4f16d e-con-full e-flex e-con e-child\" data-id=\"5f4f16d\" data-element_type=\"container\" data-settings=\"{&quot;content_width&quot;:&quot;full&quot;,&quot;background_background&quot;:&quot;classic&quot;}\">\n\t\t\t\t<div class=\"elementor-element elementor-element-107eeec6 elementor-widget elementor-widget-image\" data-id=\"107eeec6\" data-element_type=\"widget\" data-widget_type=\"image.default\">\n\t\t\t\t<div class=\"elementor-widget-container\">\n\t\t\t<style>\/*! elementor - v3.17.0 - 01-11-2023 *\/\n.elementor-widget-image{text-align:center}.elementor-widget-image a{display:inline-block}.elementor-widget-image a img[src$=\".svg\"]{width:48px}.elementor-widget-image img{vertical-align:middle;display:inline-block}<\/style>\t\t\t\t\t\t\t\t\t\t\t\t<img decoding=\"async\" width=\"1500\" height=\"1500\" data-src=\"https:\/\/obuddy.eu\/wp-content\/uploads\/2023\/11\/MFB-Lengva-prieziura.webp\" class=\"attachment-full size-full wp-image-2567 lazyload\" alt=\"\" data-srcset=\"https:\/\/obuddy.eu\/wp-content\/uploads\/2023\/11\/MFB-Lengva-prieziura.webp 1500w, https:\/\/obuddy.eu\/wp-content\/uploads\/2023\/11\/MFB-Lengva-prieziura-300x300.webp 300w, https:\/\/obuddy.eu\/wp-content\/uploads\/2023\/11\/MFB-Lengva-prieziura-1024x1024.webp 1024w, https:\/\/obuddy.eu\/wp-content\/uploads\/2023\/11\/MFB-Lengva-prieziura-150x150.webp 150w, https:\/\/obuddy.eu\/wp-content\/uploads\/2023\/11\/MFB-Lengva-prieziura-768x768.webp 768w, https:\/\/obuddy.eu\/wp-content\/uploads\/2023\/11\/MFB-Lengva-prieziura-500x500.webp 500w, https:\/\/obuddy.eu\/wp-content\/uploads\/2023\/11\/MFB-Lengva-prieziura-600x600.webp 600w, https:\/\/obuddy.eu\/wp-content\/uploads\/2023\/11\/MFB-Lengva-prieziura-100x100.webp 100w, https:\/\/obuddy.eu\/wp-content\/uploads\/2023\/11\/MFB-Lengva-prieziura-50x50.webp 50w\" data-sizes=\"auto, (max-width: 1500px) 100vw, 1500px\" src=\"data:image\/gif;base64,R0lGODlhAQABAAAAACH5BAEKAAEALAAAAAABAAEAAAICTAEAOw==\" style=\"--smush-placeholder-width: 1500px; --smush-placeholder-aspect-ratio: 1500\/1500;\" \/>\t\t\t\t\t\t\t\t\t\t\t\t\t\t\t<\/div>\n\t\t\t\t<\/div>\n\t\t\t\t<\/div>\n\t\t\t\t<\/div>\n\t\t<div class=\"elementor-element elementor-element-55f4475 e-con-full e-flex e-con e-child\" data-id=\"55f4475\" data-element_type=\"container\" data-settings=\"{&quot;content_width&quot;:&quot;full&quot;,&quot;background_background&quot;:&quot;classic&quot;}\">\n\t\t<div class=\"elementor-element elementor-element-22ea2b26 e-con-full e-flex e-con e-child\" data-id=\"22ea2b26\" data-element_type=\"container\" data-settings=\"{&quot;content_width&quot;:&quot;full&quot;,&quot;background_background&quot;:&quot;classic&quot;}\">\n\t\t\t\t<div class=\"elementor-element elementor-element-32afbec2 elementor-widget elementor-widget-image\" data-id=\"32afbec2\" data-element_type=\"widget\" data-widget_type=\"image.default\">\n\t\t\t\t<div class=\"elementor-widget-container\">\n\t\t\t\t\t\t\t\t\t\t\t\t\t\t\t<img decoding=\"async\" width=\"1500\" height=\"1001\" data-src=\"https:\/\/obuddy.eu\/wp-content\/uploads\/2023\/05\/MFB-Kokybe.png\" class=\"attachment-full size-full wp-image-2549 lazyload\" alt=\"\" data-srcset=\"https:\/\/obuddy.eu\/wp-content\/uploads\/2023\/05\/MFB-Kokybe.png 1500w, https:\/\/obuddy.eu\/wp-content\/uploads\/2023\/05\/MFB-Kokybe-300x200.png 300w, https:\/\/obuddy.eu\/wp-content\/uploads\/2023\/05\/MFB-Kokybe-1024x683.png 1024w, https:\/\/obuddy.eu\/wp-content\/uploads\/2023\/05\/MFB-Kokybe-768x513.png 768w, https:\/\/obuddy.eu\/wp-content\/uploads\/2023\/05\/MFB-Kokybe-500x334.png 500w, https:\/\/obuddy.eu\/wp-content\/uploads\/2023\/05\/MFB-Kokybe-600x400.png 600w\" data-sizes=\"auto, (max-width: 1500px) 100vw, 1500px\" src=\"data:image\/gif;base64,R0lGODlhAQABAAAAACH5BAEKAAEALAAAAAABAAEAAAICTAEAOw==\" style=\"--smush-placeholder-width: 1500px; --smush-placeholder-aspect-ratio: 1500\/1001;\" \/>\t\t\t\t\t\t\t\t\t\t\t\t\t\t\t<\/div>\n\t\t\t\t<\/div>\n\t\t\t\t<\/div>\n\t\t<div class=\"elementor-element elementor-element-25f014de e-flex e-con-boxed e-con e-child\" data-id=\"25f014de\" data-element_type=\"container\" data-settings=\"{&quot;content_width&quot;:&quot;boxed&quot;}\">\n\t\t\t\t\t<div class=\"e-con-inner\">\n\t\t\t\t<div class=\"elementor-element elementor-element-5b47ce09 elementor-widget elementor-widget-text-editor\" data-id=\"5b47ce09\" data-element_type=\"widget\" data-widget_type=\"text-editor.default\">\n\t\t\t\t<div class=\"elementor-widget-container\">\n\t\t\t\t\t\t\t<p class=\"MsoNormal\" style=\"margin: 0cm; font-size: 12pt; font-family: Calibri, sans-serif; font-weight: 400; text-align: start;\"><b><span lang=\"LT\" style=\"font-size: 15pt;\">PRAILGINKITE GUOLIO TARNAVIMO LAIK\u0104<\/span><\/b><\/p>\t\t\t\t\t\t<\/div>\n\t\t\t\t<\/div>\n\t\t\t\t<div class=\"elementor-element elementor-element-108f2057 elementor-widget elementor-widget-text-editor\" data-id=\"108f2057\" data-element_type=\"widget\" data-widget_type=\"text-editor.default\">\n\t\t\t\t<div class=\"elementor-widget-container\">\n\t\t\t\t\t\t\t<p>O.buddy guoliai yra patvar\u016bs ir ilgaam\u017eiai. Papildomas u\u017evalkalas prailgins guolio tarnavimo trukm\u0119, kuriuo j\u016bs\u0173 augintinis gal\u0117s d\u017eiaugtis ilgus metus.<\/p>\t\t\t\t\t\t<\/div>\n\t\t\t\t<\/div>\n\t\t\t\t\t<\/div>\n\t\t\t\t<\/div>\n\t\t\t\t<\/div>\n\t\t<div class=\"elementor-element elementor-element-47fe2050 e-con-full e-flex e-con e-child\" data-id=\"47fe2050\" data-element_type=\"container\" data-settings=\"{&quot;content_width&quot;:&quot;full&quot;,&quot;background_background&quot;:&quot;classic&quot;}\">\n\t\t<div class=\"elementor-element elementor-element-6654dd69 e-flex e-con-boxed e-con e-child\" data-id=\"6654dd69\" data-element_type=\"container\" data-settings=\"{&quot;content_width&quot;:&quot;boxed&quot;}\">\n\t\t\t\t\t<div class=\"e-con-inner\">\n\t\t\t\t<div class=\"elementor-element elementor-element-7860a016 elementor-widget elementor-widget-text-editor\" data-id=\"7860a016\" data-element_type=\"widget\" data-widget_type=\"text-editor.default\">\n\t\t\t\t<div class=\"elementor-widget-container\">\n\t\t\t\t\t\t\t<p><strong>SKIRTINGOS U\u017dVALKAL\u0172 SPALVOS PERMAINOMS INTERJERE<\/strong><\/p>\t\t\t\t\t\t<\/div>\n\t\t\t\t<\/div>\n\t\t\t\t<div class=\"elementor-element elementor-element-4cdedb09 elementor-widget elementor-widget-text-editor\" data-id=\"4cdedb09\" data-element_type=\"widget\" data-widget_type=\"text-editor.default\">\n\t\t\t\t<div class=\"elementor-widget-container\">\n\t\t\t\t\t\t\t<p>Panorote permain\u0173 interjere? Pakeiskite guolio spalv\u0105 nekeisdami viso guolio, tik jo u\u017evalkal\u0105.<\/p>\t\t\t\t\t\t<\/div>\n\t\t\t\t<\/div>\n\t\t\t\t\t<\/div>\n\t\t\t\t<\/div>\n\t\t<div class=\"elementor-element elementor-element-53d537bc e-con-full e-flex e-con e-child\" data-id=\"53d537bc\" data-element_type=\"container\" data-settings=\"{&quot;content_width&quot;:&quot;full&quot;,&quot;background_background&quot;:&quot;classic&quot;}\">\n\t\t\t\t<div class=\"elementor-element elementor-element-7fe3886a elementor-widget elementor-widget-image\" data-id=\"7fe3886a\" data-element_type=\"widget\" data-widget_type=\"image.default\">\n\t\t\t\t<div class=\"elementor-widget-container\">\n\t\t\t\t\t\t\t\t\t\t\t\t\t\t\t<img decoding=\"async\" width=\"1080\" height=\"1080\" data-src=\"https:\/\/obuddy.eu\/wp-content\/uploads\/2024\/08\/Uzvalkalu-combo.png\" class=\"attachment-full size-full wp-image-3595 lazyload\" alt=\"\" data-srcset=\"https:\/\/obuddy.eu\/wp-content\/uploads\/2024\/08\/Uzvalkalu-combo.png 1080w, https:\/\/obuddy.eu\/wp-content\/uploads\/2024\/08\/Uzvalkalu-combo-300x300.png 300w, https:\/\/obuddy.eu\/wp-content\/uploads\/2024\/08\/Uzvalkalu-combo-1024x1024.png 1024w, https:\/\/obuddy.eu\/wp-content\/uploads\/2024\/08\/Uzvalkalu-combo-150x150.png 150w, https:\/\/obuddy.eu\/wp-content\/uploads\/2024\/08\/Uzvalkalu-combo-768x768.png 768w, https:\/\/obuddy.eu\/wp-content\/uploads\/2024\/08\/Uzvalkalu-combo-12x12.png 12w, https:\/\/obuddy.eu\/wp-content\/uploads\/2024\/08\/Uzvalkalu-combo-500x500.png 500w, https:\/\/obuddy.eu\/wp-content\/uploads\/2024\/08\/Uzvalkalu-combo-600x600.png 600w, https:\/\/obuddy.eu\/wp-content\/uploads\/2024\/08\/Uzvalkalu-combo-100x100.png 100w, https:\/\/obuddy.eu\/wp-content\/uploads\/2024\/08\/Uzvalkalu-combo-50x50.png 50w\" data-sizes=\"auto, (max-width: 1080px) 100vw, 1080px\" src=\"data:image\/gif;base64,R0lGODlhAQABAAAAACH5BAEKAAEALAAAAAABAAEAAAICTAEAOw==\" style=\"--smush-placeholder-width: 1080px; --smush-placeholder-aspect-ratio: 1080\/1080;\" \/>\t\t\t\t\t\t\t\t\t\t\t\t\t\t\t<\/div>\n\t\t\t\t<\/div>\n\t\t\t\t<\/div>\n\t\t\t\t<\/div>\n\t\t<div class=\"elementor-element elementor-element-7e031b79 e-con-full e-flex e-con e-child\" data-id=\"7e031b79\" data-element_type=\"container\" data-settings=\"{&quot;content_width&quot;:&quot;full&quot;,&quot;background_background&quot;:&quot;classic&quot;}\">\n\t\t<div class=\"elementor-element elementor-element-40202a7a e-con-full e-flex e-con e-child\" data-id=\"40202a7a\" data-element_type=\"container\" data-settings=\"{&quot;content_width&quot;:&quot;full&quot;,&quot;background_background&quot;:&quot;classic&quot;}\">\n\t\t\t\t<div class=\"elementor-element elementor-element-e5b4ac3 elementor-widget elementor-widget-video\" data-id=\"e5b4ac3\" data-element_type=\"widget\" data-settings=\"{&quot;youtube_url&quot;:&quot;https:\\\/\\\/www.youtube.com\\\/watch?v=5CtQ5NADYdU&quot;,&quot;video_type&quot;:&quot;youtube&quot;,&quot;controls&quot;:&quot;yes&quot;}\" data-widget_type=\"video.default\">\n\t\t\t\t<div class=\"elementor-widget-container\">\n\t\t\t<style>\/*! elementor - v3.17.0 - 01-11-2023 *\/\n.elementor-widget-video .elementor-widget-container{overflow:hidden;transform:translateZ(0)}.elementor-widget-video .elementor-wrapper{aspect-ratio:var(--video-aspect-ratio)}.elementor-widget-video .elementor-wrapper iframe,.elementor-widget-video .elementor-wrapper video{height:100%;width:100%;display:flex;border:none;background-color:#000}@supports not (aspect-ratio:1\/1){.elementor-widget-video .elementor-wrapper{position:relative;overflow:hidden;height:0;padding-bottom:calc(100% \/ var(--video-aspect-ratio))}.elementor-widget-video .elementor-wrapper iframe,.elementor-widget-video .elementor-wrapper video{position:absolute;top:0;right:0;bottom:0;left:0}}.elementor-widget-video .elementor-open-inline .elementor-custom-embed-image-overlay{position:absolute;top:0;right:0;bottom:0;left:0;background-size:cover;background-position:50%}.elementor-widget-video .elementor-custom-embed-image-overlay{cursor:pointer;text-align:center}.elementor-widget-video .elementor-custom-embed-image-overlay:hover .elementor-custom-embed-play i{opacity:1}.elementor-widget-video .elementor-custom-embed-image-overlay img{display:block;width:100%;aspect-ratio:var(--video-aspect-ratio);-o-object-fit:cover;object-fit:cover;-o-object-position:center center;object-position:center center}@supports not (aspect-ratio:1\/1){.elementor-widget-video .elementor-custom-embed-image-overlay{position:relative;overflow:hidden;height:0;padding-bottom:calc(100% \/ var(--video-aspect-ratio))}.elementor-widget-video .elementor-custom-embed-image-overlay img{position:absolute;top:0;right:0;bottom:0;left:0}}.elementor-widget-video .e-hosted-video .elementor-video{-o-object-fit:cover;object-fit:cover}.e-con-inner>.elementor-widget-video,.e-con>.elementor-widget-video{width:var(--container-widget-width);--flex-grow:var(--container-widget-flex-grow)}<\/style>\t\t<div class=\"elementor-wrapper elementor-open-inline\">\n\t\t\t<div class=\"elementor-video\"><\/div>\t\t<\/div>\n\t\t\t\t<\/div>\n\t\t\t\t<\/div>\n\t\t\t\t<\/div>\n\t\t<div class=\"elementor-element elementor-element-6ebd7e90 e-flex e-con-boxed e-con e-child\" data-id=\"6ebd7e90\" data-element_type=\"container\" data-settings=\"{&quot;content_width&quot;:&quot;boxed&quot;}\">\n\t\t\t\t\t<div class=\"e-con-inner\">\n\t\t\t\t<div class=\"elementor-element elementor-element-152578b5 elementor-widget elementor-widget-text-editor\" data-id=\"152578b5\" data-element_type=\"widget\" data-widget_type=\"text-editor.default\">\n\t\t\t\t<div class=\"elementor-widget-container\">\n\t\t\t\t\t\t\t<p>U\u017dVALAKALUI PAKEISTI &#8211; VOS KELETAS MINU\u010cI\u0172<\/p>\t\t\t\t\t\t<\/div>\n\t\t\t\t<\/div>\n\t\t\t\t<div class=\"elementor-element elementor-element-459636f5 elementor-widget elementor-widget-text-editor\" data-id=\"459636f5\" data-element_type=\"widget\" data-widget_type=\"text-editor.default\">\n\t\t\t\t<div class=\"elementor-widget-container\">\n\t\t\t\t\t\t\t<p>\u0160iame video susipa\u017einkite kaip greitai ir paprastai yra pakei\u010diamas u\u017evalkalas.\u00a0<\/p>\t\t\t\t\t\t<\/div>\n\t\t\t\t<\/div>\n\t\t\t\t\t<\/div>\n\t\t\t\t<\/div>\n\t\t\t\t<\/div>\n\t\t\t\t\t<\/div>\n\t\t\t\t<\/div>\n\t\t\t\t\t\t\t<\/div>\n\t\t\n","protected":false},"excerpt":{"rendered":"","protected":false},"featured_media":3610,"comment_status":"open","ping_status":"closed","template":"","meta":[],"product_cat":[116,15],"product_tag":[],"class_list":["post-3609","product","type-product","status-publish","has-post-thumbnail","hentry","product_cat-guoliu-uzvalkalai","product_cat-sunu-guoliai","product_shipping_class-ortopediniai-standard","pa_dydis-m","pa_dydis-l","pa_dydis-l-plus","pa_dydis-xl"],"aioseo_notices":[],"_links":{"self":[{"href":"https:\/\/obuddy.eu\/lt\/wp-json\/wp\/v2\/product\/3609","targetHints":{"allow":["GET"]}}],"collection":[{"href":"https:\/\/obuddy.eu\/lt\/wp-json\/wp\/v2\/product"}],"about":[{"href":"https:\/\/obuddy.eu\/lt\/wp-json\/wp\/v2\/types\/product"}],"replies":[{"embeddable":true,"href":"https:\/\/obuddy.eu\/lt\/wp-json\/wp\/v2\/comments?post=3609"}],"version-history":[{"count":1,"href":"https:\/\/obuddy.eu\/lt\/wp-json\/wp\/v2\/product\/3609\/revisions"}],"predecessor-version":[{"id":6333,"href":"https:\/\/obuddy.eu\/lt\/wp-json\/wp\/v2\/product\/3609\/revisions\/6333"}],"wp:featuredmedia":[{"embeddable":true,"href":"https:\/\/obuddy.eu\/lt\/wp-json\/wp\/v2\/media\/3610"}],"wp:attachment":[{"href":"https:\/\/obuddy.eu\/lt\/wp-json\/wp\/v2\/media?parent=3609"}],"wp:term":[{"taxonomy":"product_cat","embeddable":true,"href":"https:\/\/obuddy.eu\/lt\/wp-json\/wp\/v2\/product_cat?post=3609"},{"taxonomy":"product_tag","embeddable":true,"href":"https:\/\/obuddy.eu\/lt\/wp-json\/wp\/v2\/product_tag?post=3609"}],"curies":[{"name":"wp","href":"https:\/\/api.w.org\/{rel}","templated":true}]}}