{"id":1551,"date":"2023-05-29T13:08:39","date_gmt":"2023-05-29T10:08:39","guid":{"rendered":"https:\/\/obuddy.eu\/?post_type=product&#038;p=1551"},"modified":"2026-03-19T10:49:49","modified_gmt":"2026-03-19T08:49:49","slug":"guolis-spurga-tamsiai-pilka","status":"publish","type":"product","link":"https:\/\/obuddy.eu\/lt\/produktas\/guolis-spurga-tamsiai-pilka\/","title":{"rendered":"Guolis \u0161unims ir kat\u0117ms \u201eSpurga\u201d, tamsiai pilka"},"content":{"rendered":"\t\t<div data-elementor-type=\"wp-post\" data-elementor-id=\"2377\" class=\"elementor elementor-2377\">\n\t\t\t\t\t\t\t<div class=\"elementor-element elementor-element-8ab81b5 e-flex e-con-boxed e-con e-parent\" data-id=\"8ab81b5\" data-element_type=\"container\" data-settings=\"{&quot;background_background&quot;:&quot;classic&quot;,&quot;content_width&quot;:&quot;boxed&quot;}\" data-core-v316-plus=\"true\">\n\t\t\t\t\t<div class=\"e-con-inner\">\n\t\t<div class=\"elementor-element elementor-element-eab301e e-con-full e-flex e-con e-child\" data-id=\"eab301e\" data-element_type=\"container\" data-settings=\"{&quot;content_width&quot;:&quot;full&quot;,&quot;background_background&quot;:&quot;classic&quot;}\">\n\t\t<div class=\"elementor-element elementor-element-c763854 e-flex e-con-boxed e-con e-child\" data-id=\"c763854\" data-element_type=\"container\" data-settings=\"{&quot;content_width&quot;:&quot;boxed&quot;}\">\n\t\t\t\t\t<div class=\"e-con-inner\">\n\t\t\t\t<div class=\"elementor-element elementor-element-cb9051c elementor-widget elementor-widget-text-editor\" data-id=\"cb9051c\" data-element_type=\"widget\" data-widget_type=\"text-editor.default\">\n\t\t\t\t<div class=\"elementor-widget-container\">\n\t\t\t<style>\/*! elementor - v3.17.0 - 01-11-2023 *\/\n.elementor-widget-text-editor.elementor-drop-cap-view-stacked .elementor-drop-cap{background-color:#69727d;color:#fff}.elementor-widget-text-editor.elementor-drop-cap-view-framed .elementor-drop-cap{color:#69727d;border:3px solid;background-color:transparent}.elementor-widget-text-editor:not(.elementor-drop-cap-view-default) .elementor-drop-cap{margin-top:8px}.elementor-widget-text-editor:not(.elementor-drop-cap-view-default) .elementor-drop-cap-letter{width:1em;height:1em}.elementor-widget-text-editor .elementor-drop-cap{float:left;text-align:center;line-height:1;font-size:50px}.elementor-widget-text-editor .elementor-drop-cap-letter{display:inline-block}<\/style>\t\t\t\tYPATINGAS D\u0116MESYS KOKYBEI\n\t\t\t\t\t\t<\/div>\n\t\t\t\t<\/div>\n\t\t\t\t<div class=\"elementor-element elementor-element-66ce46d elementor-widget elementor-widget-text-editor\" data-id=\"66ce46d\" data-element_type=\"widget\" data-widget_type=\"text-editor.default\">\n\t\t\t\t<div class=\"elementor-widget-container\">\n\t\t\t\t\t\t\tAuk\u0161\u010diausios kokyb\u0117s med\u017eiagos, tvirti apsiuvimai ir patikimi aksesuarai u\u017etikrina guolio ilgaam\u017ei\u0161kum\u0105.\nNeslystanti guolio apa\u010dia neleis guoliui slidin\u0117ti ant \u012fvairi\u0173 pavir\u0161i\u0173.  \t\t\t\t\t\t<\/div>\n\t\t\t\t<\/div>\n\t\t\t\t\t<\/div>\n\t\t\t\t<\/div>\n\t\t<div class=\"elementor-element elementor-element-0b0e354 e-con-full e-flex e-con e-child\" data-id=\"0b0e354\" data-element_type=\"container\" data-settings=\"{&quot;content_width&quot;:&quot;full&quot;,&quot;background_background&quot;:&quot;classic&quot;}\">\n\t\t\t\t<div class=\"elementor-element elementor-element-bcbefda elementor-widget elementor-widget-image\" data-id=\"bcbefda\" data-element_type=\"widget\" data-widget_type=\"image.default\">\n\t\t\t\t<div class=\"elementor-widget-container\">\n\t\t\t<style>\/*! elementor - v3.17.0 - 01-11-2023 *\/\n.elementor-widget-image{text-align:center}.elementor-widget-image a{display:inline-block}.elementor-widget-image a img[src$=\".svg\"]{width:48px}.elementor-widget-image img{vertical-align:middle;display:inline-block}<\/style>\t\t\t\t\t\t\t\t\t\t\t\t<img decoding=\"async\" width=\"1502\" height=\"1001\" data-src=\"https:\/\/obuddy.eu\/wp-content\/uploads\/2023\/11\/DB-Auksciausios-kokybes-medziagos-.webp\" class=\"attachment-full size-full wp-image-2556 lazyload\" alt=\"\" data-srcset=\"https:\/\/obuddy.eu\/wp-content\/uploads\/2023\/11\/DB-Auksciausios-kokybes-medziagos-.webp 1502w, https:\/\/obuddy.eu\/wp-content\/uploads\/2023\/11\/DB-Auksciausios-kokybes-medziagos--300x200.webp 300w, https:\/\/obuddy.eu\/wp-content\/uploads\/2023\/11\/DB-Auksciausios-kokybes-medziagos--1024x682.webp 1024w, https:\/\/obuddy.eu\/wp-content\/uploads\/2023\/11\/DB-Auksciausios-kokybes-medziagos--768x512.webp 768w, https:\/\/obuddy.eu\/wp-content\/uploads\/2023\/11\/DB-Auksciausios-kokybes-medziagos--500x333.webp 500w, https:\/\/obuddy.eu\/wp-content\/uploads\/2023\/11\/DB-Auksciausios-kokybes-medziagos--600x400.webp 600w\" data-sizes=\"auto, (max-width: 1502px) 100vw, 1502px\" src=\"data:image\/gif;base64,R0lGODlhAQABAAAAACH5BAEKAAEALAAAAAABAAEAAAICTAEAOw==\" style=\"--smush-placeholder-width: 1502px; --smush-placeholder-aspect-ratio: 1502\/1001;\" \/>\t\t\t\t\t\t\t\t\t\t\t\t\t\t\t<\/div>\n\t\t\t\t<\/div>\n\t\t\t\t<\/div>\n\t\t\t\t<\/div>\n\t\t<div class=\"elementor-element elementor-element-db7086d e-con-full e-flex e-con e-child\" data-id=\"db7086d\" data-element_type=\"container\" data-settings=\"{&quot;content_width&quot;:&quot;full&quot;,&quot;background_background&quot;:&quot;classic&quot;}\">\n\t\t<div class=\"elementor-element elementor-element-838f1fc e-con-full e-flex e-con e-child\" data-id=\"838f1fc\" data-element_type=\"container\" data-settings=\"{&quot;content_width&quot;:&quot;full&quot;,&quot;background_background&quot;:&quot;classic&quot;}\">\n\t\t\t\t<div class=\"elementor-element elementor-element-9548c79 elementor-widget elementor-widget-image\" data-id=\"9548c79\" data-element_type=\"widget\" data-widget_type=\"image.default\">\n\t\t\t\t<div class=\"elementor-widget-container\">\n\t\t\t\t\t\t\t\t\t\t\t\t\t\t\t<img decoding=\"async\" width=\"1502\" height=\"1001\" data-src=\"https:\/\/obuddy.eu\/wp-content\/uploads\/2023\/11\/DB-Storas-ir-purus-pagrindas.webp\" class=\"attachment-full size-full wp-image-2559 lazyload\" alt=\"\" data-srcset=\"https:\/\/obuddy.eu\/wp-content\/uploads\/2023\/11\/DB-Storas-ir-purus-pagrindas.webp 1502w, https:\/\/obuddy.eu\/wp-content\/uploads\/2023\/11\/DB-Storas-ir-purus-pagrindas-300x200.webp 300w, https:\/\/obuddy.eu\/wp-content\/uploads\/2023\/11\/DB-Storas-ir-purus-pagrindas-1024x682.webp 1024w, https:\/\/obuddy.eu\/wp-content\/uploads\/2023\/11\/DB-Storas-ir-purus-pagrindas-768x512.webp 768w, https:\/\/obuddy.eu\/wp-content\/uploads\/2023\/11\/DB-Storas-ir-purus-pagrindas-500x333.webp 500w, https:\/\/obuddy.eu\/wp-content\/uploads\/2023\/11\/DB-Storas-ir-purus-pagrindas-600x400.webp 600w\" data-sizes=\"auto, (max-width: 1502px) 100vw, 1502px\" src=\"data:image\/gif;base64,R0lGODlhAQABAAAAACH5BAEKAAEALAAAAAABAAEAAAICTAEAOw==\" style=\"--smush-placeholder-width: 1502px; --smush-placeholder-aspect-ratio: 1502\/1001;\" \/>\t\t\t\t\t\t\t\t\t\t\t\t\t\t\t<\/div>\n\t\t\t\t<\/div>\n\t\t\t\t<\/div>\n\t\t<div class=\"elementor-element elementor-element-948dab0 e-flex e-con-boxed e-con e-child\" data-id=\"948dab0\" data-element_type=\"container\" data-settings=\"{&quot;content_width&quot;:&quot;boxed&quot;}\">\n\t\t\t\t\t<div class=\"e-con-inner\">\n\t\t\t\t<div class=\"elementor-element elementor-element-f21ac5e elementor-widget elementor-widget-text-editor\" data-id=\"f21ac5e\" data-element_type=\"widget\" data-widget_type=\"text-editor.default\">\n\t\t\t\t<div class=\"elementor-widget-container\">\n\t\t\t\t\t\t\tSTANDUS IR PURUS PAGRINDAS\t\t\t\t\t\t<\/div>\n\t\t\t\t<\/div>\n\t\t\t\t<div class=\"elementor-element elementor-element-a59ff18 elementor-widget elementor-widget-text-editor\" data-id=\"a59ff18\" data-element_type=\"widget\" data-widget_type=\"text-editor.default\">\n\t\t\t\t<div class=\"elementor-widget-container\">\n\t\t\t\t\t\t\tGausiai kam\u0161alu u\u017epildytas guolio pagrindas bei \u0161onin\u0117s pagalv\u0117l\u0117s u\u017etikrins maksimal\u0173 komfort\u0105 J\u016bs\u0173 katei ar \u0161uniui, neleis guoliui i\u0161sigul\u0117ti ir prarasti formos. \nKuriame tvarius produktus  &#8211; guolio pagrindas bei \u0161onin\u0117s pagalv\u0117s u\u017epildytos 100% perdirbtu dirbtin\u0117s medviln\u0117s pluo\u0161tu.  \n\t\t\t\t\t\t<\/div>\n\t\t\t\t<\/div>\n\t\t\t\t\t<\/div>\n\t\t\t\t<\/div>\n\t\t\t\t<\/div>\n\t\t<div class=\"elementor-element elementor-element-14e0068 e-con-full e-flex e-con e-child\" data-id=\"14e0068\" data-element_type=\"container\" data-settings=\"{&quot;content_width&quot;:&quot;full&quot;,&quot;background_background&quot;:&quot;classic&quot;}\">\n\t\t<div class=\"elementor-element elementor-element-cdd0f4f e-flex e-con-boxed e-con e-child\" data-id=\"cdd0f4f\" data-element_type=\"container\" data-settings=\"{&quot;content_width&quot;:&quot;boxed&quot;}\">\n\t\t\t\t\t<div class=\"e-con-inner\">\n\t\t\t\t<div class=\"elementor-element elementor-element-4efbf72 elementor-widget elementor-widget-text-editor\" data-id=\"4efbf72\" data-element_type=\"widget\" data-widget_type=\"text-editor.default\">\n\t\t\t\t<div class=\"elementor-widget-container\">\n\t\t\t\t\t\t\tPATOGI PRIE\u017dI\u016aRA\n\t\t\t\t\t\t<\/div>\n\t\t\t\t<\/div>\n\t\t\t\t<div class=\"elementor-element elementor-element-9f665a3 elementor-widget elementor-widget-text-editor\" data-id=\"9f665a3\" data-element_type=\"widget\" data-widget_type=\"text-editor.default\">\n\t\t\t\t<div class=\"elementor-widget-container\">\n\t\t\t\t\t\t\tNeutralios ir ma\u017eiau teplios spalvos padeda i\u0161laikyti nepriekai\u0161ting\u0105 guolio i\u0161vaizd\u0105. Prireikus valymo &#8211; lengvai nusiimantis u\u017evalkalas gali b\u016bti skalbiamas skalbimo ma\u0161inoje bei d\u017eiovinamas d\u017eiovykl\u0117je.\t\t\t\t\t\t<\/div>\n\t\t\t\t<\/div>\n\t\t\t\t\t<\/div>\n\t\t\t\t<\/div>\n\t\t<div class=\"elementor-element elementor-element-824480a e-con-full e-flex e-con e-child\" data-id=\"824480a\" data-element_type=\"container\" data-settings=\"{&quot;content_width&quot;:&quot;full&quot;,&quot;background_background&quot;:&quot;classic&quot;}\">\n\t\t\t\t<div class=\"elementor-element elementor-element-42a5d2b elementor-widget elementor-widget-image\" data-id=\"42a5d2b\" data-element_type=\"widget\" data-widget_type=\"image.default\">\n\t\t\t\t<div class=\"elementor-widget-container\">\n\t\t\t\t\t\t\t\t\t\t\t\t\t\t\t<img decoding=\"async\" width=\"1500\" height=\"1500\" data-src=\"https:\/\/obuddy.eu\/wp-content\/uploads\/2023\/11\/DB-Lengva-prieziura.webp\" class=\"attachment-full size-full wp-image-2557 lazyload\" alt=\"\" data-srcset=\"https:\/\/obuddy.eu\/wp-content\/uploads\/2023\/11\/DB-Lengva-prieziura.webp 1500w, https:\/\/obuddy.eu\/wp-content\/uploads\/2023\/11\/DB-Lengva-prieziura-300x300.webp 300w, https:\/\/obuddy.eu\/wp-content\/uploads\/2023\/11\/DB-Lengva-prieziura-1024x1024.webp 1024w, https:\/\/obuddy.eu\/wp-content\/uploads\/2023\/11\/DB-Lengva-prieziura-150x150.webp 150w, https:\/\/obuddy.eu\/wp-content\/uploads\/2023\/11\/DB-Lengva-prieziura-768x768.webp 768w, https:\/\/obuddy.eu\/wp-content\/uploads\/2023\/11\/DB-Lengva-prieziura-500x500.webp 500w, https:\/\/obuddy.eu\/wp-content\/uploads\/2023\/11\/DB-Lengva-prieziura-600x600.webp 600w, https:\/\/obuddy.eu\/wp-content\/uploads\/2023\/11\/DB-Lengva-prieziura-100x100.webp 100w, https:\/\/obuddy.eu\/wp-content\/uploads\/2023\/11\/DB-Lengva-prieziura-50x50.webp 50w\" data-sizes=\"auto, (max-width: 1500px) 100vw, 1500px\" src=\"data:image\/gif;base64,R0lGODlhAQABAAAAACH5BAEKAAEALAAAAAABAAEAAAICTAEAOw==\" style=\"--smush-placeholder-width: 1500px; --smush-placeholder-aspect-ratio: 1500\/1500;\" \/>\t\t\t\t\t\t\t\t\t\t\t\t\t\t\t<\/div>\n\t\t\t\t<\/div>\n\t\t\t\t<\/div>\n\t\t\t\t<\/div>\n\t\t<div class=\"elementor-element elementor-element-22e215c e-con-full e-flex e-con e-child\" data-id=\"22e215c\" data-element_type=\"container\" data-settings=\"{&quot;content_width&quot;:&quot;full&quot;,&quot;background_background&quot;:&quot;classic&quot;}\">\n\t\t<div class=\"elementor-element elementor-element-0be440d e-con-full e-flex e-con e-child\" data-id=\"0be440d\" data-element_type=\"container\" data-settings=\"{&quot;content_width&quot;:&quot;full&quot;,&quot;background_background&quot;:&quot;classic&quot;}\">\n\t\t\t\t<div class=\"elementor-element elementor-element-a3e23d1 elementor-widget elementor-widget-image\" data-id=\"a3e23d1\" data-element_type=\"widget\" data-widget_type=\"image.default\">\n\t\t\t\t<div class=\"elementor-widget-container\">\n\t\t\t\t\t\t\t\t\t\t\t\t\t\t\t<img decoding=\"async\" width=\"1501\" height=\"1001\" data-src=\"https:\/\/obuddy.eu\/wp-content\/uploads\/2023\/11\/DB-Reguliuojamas-Kamsalu-kiekis.webp\" class=\"attachment-full size-full wp-image-2558 lazyload\" alt=\"\" data-srcset=\"https:\/\/obuddy.eu\/wp-content\/uploads\/2023\/11\/DB-Reguliuojamas-Kamsalu-kiekis.webp 1501w, https:\/\/obuddy.eu\/wp-content\/uploads\/2023\/11\/DB-Reguliuojamas-Kamsalu-kiekis-300x200.webp 300w, https:\/\/obuddy.eu\/wp-content\/uploads\/2023\/11\/DB-Reguliuojamas-Kamsalu-kiekis-1024x683.webp 1024w, https:\/\/obuddy.eu\/wp-content\/uploads\/2023\/11\/DB-Reguliuojamas-Kamsalu-kiekis-768x512.webp 768w, https:\/\/obuddy.eu\/wp-content\/uploads\/2023\/11\/DB-Reguliuojamas-Kamsalu-kiekis-500x333.webp 500w, https:\/\/obuddy.eu\/wp-content\/uploads\/2023\/11\/DB-Reguliuojamas-Kamsalu-kiekis-600x400.webp 600w\" data-sizes=\"auto, (max-width: 1501px) 100vw, 1501px\" src=\"data:image\/gif;base64,R0lGODlhAQABAAAAACH5BAEKAAEALAAAAAABAAEAAAICTAEAOw==\" style=\"--smush-placeholder-width: 1501px; --smush-placeholder-aspect-ratio: 1501\/1001;\" \/>\t\t\t\t\t\t\t\t\t\t\t\t\t\t\t<\/div>\n\t\t\t\t<\/div>\n\t\t\t\t<\/div>\n\t\t<div class=\"elementor-element elementor-element-21b8df1 e-flex e-con-boxed e-con e-child\" data-id=\"21b8df1\" data-element_type=\"container\" data-settings=\"{&quot;content_width&quot;:&quot;boxed&quot;}\">\n\t\t\t\t\t<div class=\"e-con-inner\">\n\t\t\t\t<div class=\"elementor-element elementor-element-ad597a5 elementor-widget elementor-widget-text-editor\" data-id=\"ad597a5\" data-element_type=\"widget\" data-widget_type=\"text-editor.default\">\n\t\t\t\t<div class=\"elementor-widget-container\">\n\t\t\t\t\t\t\tREGULIUOJAMAS MINK\u0160TUMAS\t\t\t\t\t\t<\/div>\n\t\t\t\t<\/div>\n\t\t\t\t<div class=\"elementor-element elementor-element-ba17a66 elementor-widget elementor-widget-text-editor\" data-id=\"ba17a66\" data-element_type=\"widget\" data-widget_type=\"text-editor.default\">\n\t\t\t\t<div class=\"elementor-widget-container\">\n\t\t\t\t\t\t\tPagrindo ir \u0161on\u0173 kam\u0161al\u0173 mai\u0161ai turi u\u017etrauktukus &#8211; prireikus galima papildyti ar suma\u017einti kam\u0161alo kiek\u012f, taip pritaikant guolio mink\u0161tum\u0105 bei purum\u0105 individualiems J\u016bs\u0173 \u0161uns, ar kat\u0117s poreikiams.\t\t\t\t\t\t<\/div>\n\t\t\t\t<\/div>\n\t\t\t\t\t<\/div>\n\t\t\t\t<\/div>\n\t\t\t\t<\/div>\n\t\t<div class=\"elementor-element elementor-element-ef6d11f e-con-full e-flex e-con e-child\" data-id=\"ef6d11f\" data-element_type=\"container\" data-settings=\"{&quot;content_width&quot;:&quot;full&quot;,&quot;background_background&quot;:&quot;classic&quot;}\">\n\t\t<div class=\"elementor-element elementor-element-3881bad e-flex e-con-boxed e-con e-child\" data-id=\"3881bad\" data-element_type=\"container\" data-settings=\"{&quot;content_width&quot;:&quot;boxed&quot;}\">\n\t\t\t\t\t<div class=\"e-con-inner\">\n\t\t\t\t<div class=\"elementor-element elementor-element-a8d6e2f elementor-widget elementor-widget-text-editor\" data-id=\"a8d6e2f\" data-element_type=\"widget\" data-widget_type=\"text-editor.default\">\n\t\t\t\t<div class=\"elementor-widget-container\">\n\t\t\t\t\t\t\tMA\u017dINA NERIM\u0104 IR STRES\u0104\n\t\t\t\t\t\t<\/div>\n\t\t\t\t<\/div>\n\t\t\t\t<div class=\"elementor-element elementor-element-dcfd009 elementor-widget elementor-widget-text-editor\" data-id=\"dcfd009\" data-element_type=\"widget\" data-widget_type=\"text-editor.default\">\n\t\t\t\t<div class=\"elementor-widget-container\">\n\t\t\t\t\t\t\tSpeciali guolio forma ir \u0161velni med\u017eiaga u\u017etikrina augintiniui saugumo jausm\u0105, ma\u017eina nerim\u0105, stres\u0105 ir padeda atsipalaiduoti.\n\t\t\t\t\t\t<\/div>\n\t\t\t\t<\/div>\n\t\t\t\t\t<\/div>\n\t\t\t\t<\/div>\n\t\t<div class=\"elementor-element elementor-element-a950dbb e-con-full e-flex e-con e-child\" data-id=\"a950dbb\" data-element_type=\"container\" data-settings=\"{&quot;content_width&quot;:&quot;full&quot;,&quot;background_background&quot;:&quot;classic&quot;}\">\n\t\t\t\t<div class=\"elementor-element elementor-element-60695e2 elementor-widget elementor-widget-image\" data-id=\"60695e2\" data-element_type=\"widget\" data-widget_type=\"image.default\">\n\t\t\t\t<div class=\"elementor-widget-container\">\n\t\t\t\t\t\t\t\t\t\t\t\t\t\t\t<img decoding=\"async\" width=\"2560\" height=\"1722\" data-src=\"https:\/\/obuddy.eu\/wp-content\/uploads\/2023\/11\/DB-mazina-nerima-scaled.webp\" class=\"attachment-full size-full wp-image-2560 lazyload\" alt=\"\" data-srcset=\"https:\/\/obuddy.eu\/wp-content\/uploads\/2023\/11\/DB-mazina-nerima-scaled.webp 2560w, https:\/\/obuddy.eu\/wp-content\/uploads\/2023\/11\/DB-mazina-nerima-300x202.webp 300w, https:\/\/obuddy.eu\/wp-content\/uploads\/2023\/11\/DB-mazina-nerima-1024x689.webp 1024w, https:\/\/obuddy.eu\/wp-content\/uploads\/2023\/11\/DB-mazina-nerima-768x517.webp 768w, https:\/\/obuddy.eu\/wp-content\/uploads\/2023\/11\/DB-mazina-nerima-1536x1033.webp 1536w, https:\/\/obuddy.eu\/wp-content\/uploads\/2023\/11\/DB-mazina-nerima-2048x1378.webp 2048w, https:\/\/obuddy.eu\/wp-content\/uploads\/2023\/11\/DB-mazina-nerima-500x336.webp 500w, https:\/\/obuddy.eu\/wp-content\/uploads\/2023\/11\/DB-mazina-nerima-600x404.webp 600w\" data-sizes=\"auto, (max-width: 2560px) 100vw, 2560px\" src=\"data:image\/gif;base64,R0lGODlhAQABAAAAACH5BAEKAAEALAAAAAABAAEAAAICTAEAOw==\" style=\"--smush-placeholder-width: 2560px; --smush-placeholder-aspect-ratio: 2560\/1722;\" \/>\t\t\t\t\t\t\t\t\t\t\t\t\t\t\t<\/div>\n\t\t\t\t<\/div>\n\t\t\t\t<\/div>\n\t\t\t\t<\/div>\n\t\t\t\t\t<\/div>\n\t\t\t\t<\/div>\n\t\t\t\t\t\t\t<\/div>\n\t\t\n","protected":false},"excerpt":{"rendered":"","protected":false},"featured_media":2034,"comment_status":"open","ping_status":"closed","template":"","meta":[],"product_cat":[15,114,26],"product_tag":[],"class_list":["post-1551","product","type-product","status-publish","has-post-thumbnail","hentry","product_cat-sunu-guoliai","product_cat-mazu-sunu-guoliai","product_cat-jaukus-guoliai-spurga","pa_dydis-s","pa_dydis-m","pa_dydis-l","pa_dydis-l-plus","pa_dydis-xl"],"aioseo_notices":[],"_links":{"self":[{"href":"https:\/\/obuddy.eu\/lt\/wp-json\/wp\/v2\/product\/1551","targetHints":{"allow":["GET"]}}],"collection":[{"href":"https:\/\/obuddy.eu\/lt\/wp-json\/wp\/v2\/product"}],"about":[{"href":"https:\/\/obuddy.eu\/lt\/wp-json\/wp\/v2\/types\/product"}],"replies":[{"embeddable":true,"href":"https:\/\/obuddy.eu\/lt\/wp-json\/wp\/v2\/comments?post=1551"}],"version-history":[{"count":1,"href":"https:\/\/obuddy.eu\/lt\/wp-json\/wp\/v2\/product\/1551\/revisions"}],"predecessor-version":[{"id":5994,"href":"https:\/\/obuddy.eu\/lt\/wp-json\/wp\/v2\/product\/1551\/revisions\/5994"}],"wp:featuredmedia":[{"embeddable":true,"href":"https:\/\/obuddy.eu\/lt\/wp-json\/wp\/v2\/media\/2034"}],"wp:attachment":[{"href":"https:\/\/obuddy.eu\/lt\/wp-json\/wp\/v2\/media?parent=1551"}],"wp:term":[{"taxonomy":"product_cat","embeddable":true,"href":"https:\/\/obuddy.eu\/lt\/wp-json\/wp\/v2\/product_cat?post=1551"},{"taxonomy":"product_tag","embeddable":true,"href":"https:\/\/obuddy.eu\/lt\/wp-json\/wp\/v2\/product_tag?post=1551"}],"curies":[{"name":"wp","href":"https:\/\/api.w.org\/{rel}","templated":true}]}}