{"id":3429,"date":"2024-06-27T20:58:23","date_gmt":"2024-06-27T17:58:23","guid":{"rendered":"https:\/\/obuddy.eu\/?page_id=3429"},"modified":"2024-06-27T21:01:02","modified_gmt":"2024-06-27T18:01:02","slug":"prekiu-pristatymas","status":"publish","type":"page","link":"https:\/\/obuddy.eu\/lt\/prekiu-pristatymas\/","title":{"rendered":"Preki\u0173 pristatymo s\u0105lygos"},"content":{"rendered":"\n<p><\/p>\n\n\n\n<p>Visos prek\u0117s paruo\u0161iamos i\u0161siuntimui per 1-2 darbo dienas. 99% vis\u0173 siunt\u0173 paruo\u0161iame i\u0161siuntimui per vien\u0105 darbo dien\u0105.<br>\u012evykus nenumatytiems atvejams ir suprantant, jog preki\u0173 nepavyks i\u0161si\u0173sti laiku, informuosime el. pa\u0161tu.<\/p>\n\n\n\n<ul class=\"wp-block-list\">\n<li><strong>LP EXPRESS&nbsp;PA\u0160TOMATAS<\/strong>.&nbsp;U\u017esakymas&nbsp;yra pristatomas per 1\u20133 darbo dienas.&nbsp;Kai siunta pristatoma \u012f pa\u0161tomat\u0105, gav\u0117jas informuojamas SMS \u017einute ir el. pa\u0161tu su dureli\u0173 atidarymo kodu.&nbsp;&nbsp;<br><br><\/li>\n\n\n\n<li><strong>OMNIVA&nbsp;PA\u0160TOMATAS.<\/strong>&nbsp; U\u017esakymas&nbsp;yra pristatomas per 1\u20133 darbo dienas.&nbsp;Kai siunta pristatoma \u012f pa\u0161tomat\u0105, gav\u0117jas informuojamas SMS \u017einute ir el. pa\u0161tu su dureli\u0173 atidarymo kodu.&nbsp;<br>* Jei renkantis Jums tinkant\u012f pa\u0161tomat\u0105 prie jo matote priera\u0161\u0105 \u201ePERPILDYTAS\u201c,&nbsp;rekomenduojame rinktis kit\u0105 pa\u0161tomat\u0105.&nbsp;&nbsp;<br><br><\/li>\n\n\n\n<li><strong>DPD PA\u0160TOMATAS<\/strong>. Prek\u0117s yra pristatomos per 1\u20133 darbo dienas.&nbsp;Kai siunta pristatoma \u012f pa\u0161tomat\u0105, gav\u0117jas informuojamas SMS \u017einute ir el. pa\u0161tu su dureli\u0173 atidarymo kodu.&nbsp;Siuntos pa\u0161tomate saugomos 3 dienas.<\/li>\n<\/ul>\n\n\n\n<ul class=\"wp-block-list\">\n<li><strong>DPD KURJERIS.<\/strong>&nbsp; Prek\u0117s yra pristatomos per 1\u20133 darbo dienas.&nbsp;Prie\u0161 pristatydamas siunt\u0105 kurjeris susisieks su Jumis nurodytu kontaktiniu telefonu.<\/li>\n<\/ul>\n\n\n\n<p>Savaitgaliais ir valstybini\u0173 \u0161ven\u010di\u0173 dienomis u\u017esakymai n\u0117ra pristatomi!&nbsp;<\/p>\n\n\n\n<p>J\u016bs\u0173 u\u017esakymas&nbsp;gali&nbsp;b\u016bti&nbsp;pristatytas keliomis siuntomis. <strong>SVARBU!<\/strong>&nbsp;D\u0117l nenumatyt\u0173 aplinkybi\u0173, kaip padid\u0117jusio siunt\u0173 kiekio&nbsp;\u0161ventiniais periodais (Kal\u0117dos, Velykos ir pan.), ve\u017e\u0117jo logistikos klaidos ar kt., siuntos pristatymas gali v\u0117luoti. Jeigu informacija apie siuntos v\u0117lavim\u0105 pardav\u0117jui yra \u017einoma, informuosime el. pa\u0161tu.<\/p>\n","protected":false},"excerpt":{"rendered":"<p>Visos prek\u0117s paruo\u0161iamos i\u0161siuntimui per 1-2 darbo dienas. 99% vis\u0173 siunt\u0173 paruo\u0161iame i\u0161siuntimui per vien\u0105 darbo dien\u0105.\u012evykus nenumatytiems atvejams ir suprantant, jog preki\u0173 nepavyks i\u0161si\u0173sti laiku, informuosime el. pa\u0161tu. Savaitgaliais ir valstybini\u0173 \u0161ven\u010di\u0173 dienomis u\u017esakymai n\u0117ra pristatomi!&nbsp; J\u016bs\u0173 u\u017esakymas&nbsp;gali&nbsp;b\u016bti&nbsp;pristatytas keliomis siuntomis. SVARBU!&nbsp;D\u0117l nenumatyt\u0173 aplinkybi\u0173, kaip padid\u0117jusio siunt\u0173 kiekio&nbsp;\u0161ventiniais periodais (Kal\u0117dos, Velykos ir pan.), ve\u017e\u0117jo logistikos klaidos ar kt., siuntos pristatymas gali v\u0117luoti. Jeigu informacija apie siuntos v\u0117lavim\u0105 pardav\u0117jui yra \u017einoma, informuosime el. pa\u0161tu.<\/p>\n","protected":false},"author":1,"featured_media":0,"parent":0,"menu_order":0,"comment_status":"closed","ping_status":"closed","template":"","meta":{"footnotes":""},"class_list":["post-3429","page","type-page","status-publish","hentry"],"blocksy_meta":"","aioseo_notices":[],"_links":{"self":[{"href":"https:\/\/obuddy.eu\/lt\/wp-json\/wp\/v2\/pages\/3429","targetHints":{"allow":["GET"]}}],"collection":[{"href":"https:\/\/obuddy.eu\/lt\/wp-json\/wp\/v2\/pages"}],"about":[{"href":"https:\/\/obuddy.eu\/lt\/wp-json\/wp\/v2\/types\/page"}],"author":[{"embeddable":true,"href":"https:\/\/obuddy.eu\/lt\/wp-json\/wp\/v2\/users\/1"}],"replies":[{"embeddable":true,"href":"https:\/\/obuddy.eu\/lt\/wp-json\/wp\/v2\/comments?post=3429"}],"version-history":[{"count":0,"href":"https:\/\/obuddy.eu\/lt\/wp-json\/wp\/v2\/pages\/3429\/revisions"}],"wp:attachment":[{"href":"https:\/\/obuddy.eu\/lt\/wp-json\/wp\/v2\/media?parent=3429"}],"curies":[{"name":"wp","href":"https:\/\/api.w.org\/{rel}","templated":true}]}}