{"id":3426,"date":"2024-06-27T20:55:30","date_gmt":"2024-06-27T17:55:30","guid":{"rendered":"https:\/\/obuddy.eu\/?page_id=3426"},"modified":"2024-09-06T15:25:05","modified_gmt":"2024-09-06T12:25:05","slug":"prekiu-keitimo-ir-grazinimo-salygos","status":"publish","type":"page","link":"https:\/\/obuddy.eu\/lt\/prekiu-keitimo-ir-grazinimo-salygos\/","title":{"rendered":"Preki\u0173 keitimo ir gr\u0105\u017einimo s\u0105lygos"},"content":{"rendered":"\n<p><\/p>\n\n\n\n<p>E-parduotuv\u0117je obuddy.eu \u012fsigytas prekes, d\u0117l bet kokios prie\u017easties galite pakeisti arba gr\u0105\u017einti per 30 dien\u0173&nbsp;nuo preki\u0173 pristatymo dienos.<br><br>Preki\u0173 gr\u0105\u017einimas ar keitimas yra nemokamas.<\/p>\n\n\n\n<p>Pardav\u0117jui patvirtinus prek\u0117s keitim\u0105 ar gr\u0105\u017einim\u0105, atsi\u0173sime apmok\u0117t\u0105 LP Express pa\u0161tomato siuntos lipduk\u0105. Jei siunta yra didesn\u0117 nei maksimal\u016bs LP Express pa\u0161tomato i\u0161matavimai, u\u017esakysime kurjer\u012f siunt\u0105 paimti darbo dienomis i\u0161 J\u016bs\u0173 nurodyto adreso Lietuvos teritorijoje (i\u0161skyrus Neringos miest\u0105).<br>Abiem atvejais siunt\u0105 pirk\u0117jas turi saugiai supakuoti, atspausdinti ir u\u017elipinti siuntos lipduk\u0105, kur\u012f atsi\u0173sime el. pa\u0161tu.<br>LP Express lipdukus galima nemokamai atspausdinti pa\u0161tomat\u0173 terminale suvedus siuntos numer\u012f.<\/p>\n\n\n\n<p>D\u0117l preki\u0173 keitimo ar gr\u0105\u017einimo pra\u0161ome kreiptis el. pa\u0161tu&nbsp;labas@obuddy.eu arba telefonu +37061548035<\/p>\n\n\n\n<p>Lai\u0161ke pra\u0161ome nurodyti:<\/p>\n\n\n\n<ul class=\"wp-block-list\">\n<li>u\u017esakymo numer\u012f<\/li>\n\n\n\n<li>prek\u0117s keitimo ar gr\u0105\u017einimo prie\u017east\u012f<\/li>\n\n\n\n<li>prek\u0117s nesi\u0173skite atgal kol nepatvirtinsime jos keitimo ar gr\u0105\u017einimo<\/li>\n<\/ul>\n\n\n\n<p>Gav\u0119 el. lai\u0161k\u0105 su Jumis susisieksime per 3 darbo dienas<\/p>\n\n\n\n<p><strong>Gr\u0105\u017einam\u0173&nbsp;preki\u0173&nbsp;taisykl\u0117s:<\/strong><\/p>\n\n\n\n<ul class=\"wp-block-list\">\n<li>Gr\u0105\u017einamos prek\u0117s turi b\u016bti nepanaudotos, nepraradusios prekin\u0117s i\u0161vaizdos, \u0161varios.<\/li>\n\n\n\n<li>Prek\u0117 turi b\u016bti nesugadinta Pirk\u0117jo. Pirk\u0117jas atsakingas, kad gr\u0105\u017einama prek\u0117 b\u016bt\u0173 saugiai supakuota ir nepa\u017eeista siuntimo metu.<\/li>\n\n\n\n<li>Gr\u0105\u017einamos prek\u0117s komplektacija turi b\u016bti nepakitusi, tokia, kokia buvo \u012fteikta Pirk\u0117jui.<\/li>\n<\/ul>\n\n\n\n<p>Pinigai u\u017e gr\u0105\u017eintas prekes Jums bus gr\u0105\u017einami bankiniu pavedimu \u012f s\u0105skait\u0105 ar kortel\u0119 i\u0161 kurios sumok\u0117jote u\u017e prek\u0119, per 7 darbo dienas nuo prek\u0117s pristatymo\/gavimo pardav\u0117jui datos.<\/p>\n\n\n\n<p><strong>Kei\u010diant prek\u0119 \u012f kit\u0105:<\/strong><\/p>\n\n\n\n<ul class=\"wp-block-list\">\n<li>Kei\u010diant prek\u0119 \u012f brangesn\u0119, pirk\u0117jas sumoka kainos skirtum\u0105 tarp brangesn\u0117s prek\u0117s kainos \u012f kuri\u0105 norima keisti ir \u012fsigytos prek\u0117s kainos, kuri\u0105 sumok\u0117jo \u012fsigijimo metu.<\/li>\n\n\n\n<li>Kei\u010diant prek\u0119 \u012f pigesn\u0119, pardav\u0117jas pirk\u0117jui gr\u0105\u017eina kainos skirtum\u0105 tarp \u012fsigytos prek\u0117s kainos \u012fsigijimo metu ir prek\u0117s kainos \u012f kuri\u0105 norima keisti.<\/li>\n<\/ul>\n","protected":false},"excerpt":{"rendered":"<p>E-parduotuv\u0117je obuddy.eu \u012fsigytas prekes, d\u0117l bet kokios prie\u017easties galite pakeisti arba gr\u0105\u017einti per 30 dien\u0173&nbsp;nuo preki\u0173 pristatymo dienos. Preki\u0173 gr\u0105\u017einimas ar keitimas yra nemokamas. Pardav\u0117jui patvirtinus prek\u0117s keitim\u0105 ar gr\u0105\u017einim\u0105, atsi\u0173sime apmok\u0117t\u0105 LP Express pa\u0161tomato siuntos lipduk\u0105. Jei siunta yra didesn\u0117 nei maksimal\u016bs LP Express pa\u0161tomato i\u0161matavimai, u\u017esakysime kurjer\u012f siunt\u0105 paimti darbo dienomis i\u0161 J\u016bs\u0173 nurodyto adreso Lietuvos teritorijoje (i\u0161skyrus Neringos miest\u0105).Abiem atvejais siunt\u0105 pirk\u0117jas turi saugiai supakuoti, atspausdinti ir u\u017elipinti siuntos lipduk\u0105, kur\u012f atsi\u0173sime el. pa\u0161tu.LP Express lipdukus galima nemokamai atspausdinti pa\u0161tomat\u0173 terminale suvedus siuntos numer\u012f. D\u0117l preki\u0173 keitimo ar gr\u0105\u017einimo pra\u0161ome kreiptis el. pa\u0161tu&nbsp;labas@obuddy.eu arba telefonu +37061548035 Lai\u0161ke\u2026<\/p>\n","protected":false},"author":1,"featured_media":0,"parent":0,"menu_order":0,"comment_status":"closed","ping_status":"closed","template":"","meta":{"footnotes":""},"class_list":["post-3426","page","type-page","status-publish","hentry"],"blocksy_meta":"","aioseo_notices":[],"_links":{"self":[{"href":"https:\/\/obuddy.eu\/lt\/wp-json\/wp\/v2\/pages\/3426","targetHints":{"allow":["GET"]}}],"collection":[{"href":"https:\/\/obuddy.eu\/lt\/wp-json\/wp\/v2\/pages"}],"about":[{"href":"https:\/\/obuddy.eu\/lt\/wp-json\/wp\/v2\/types\/page"}],"author":[{"embeddable":true,"href":"https:\/\/obuddy.eu\/lt\/wp-json\/wp\/v2\/users\/1"}],"replies":[{"embeddable":true,"href":"https:\/\/obuddy.eu\/lt\/wp-json\/wp\/v2\/comments?post=3426"}],"version-history":[{"count":0,"href":"https:\/\/obuddy.eu\/lt\/wp-json\/wp\/v2\/pages\/3426\/revisions"}],"wp:attachment":[{"href":"https:\/\/obuddy.eu\/lt\/wp-json\/wp\/v2\/media?parent=3426"}],"curies":[{"name":"wp","href":"https:\/\/api.w.org\/{rel}","templated":true}]}}