{"id":3421,"date":"2024-06-27T20:47:24","date_gmt":"2024-06-27T17:47:24","guid":{"rendered":"https:\/\/obuddy.eu\/?page_id=3421"},"modified":"2025-06-10T15:34:32","modified_gmt":"2025-06-10T12:34:32","slug":"garantija","status":"publish","type":"page","link":"https:\/\/obuddy.eu\/lt\/garantija\/","title":{"rendered":"Garantija"},"content":{"rendered":"\n<p><\/p>\n\n\n\n<p>Savo produktams keliame auk\u0161\u010diausius kokyb\u0117s reikalavimus.<br>Visoms obuddy.eu \u012fsigytoms prek\u0117ms taikoma garantija gamykliniams defektams, bei <strong>24 m\u0117n. garantija guoli\u0173 u\u017evalkal\u0173 u\u017etrauktukams ir si\u016bl\u0117ms<\/strong>. <br><br>Garantija u\u017etrauktukams ir si\u016bl\u0117ms netaikoma:<\/p>\n\n\n\n<ul class=\"wp-block-list\">\n<li>Jeigu gaminys naudotas ne pagal paskirt\u012f ar nesilaikant gamintojo rekomendacij\u0173, arba gaminys sugadintas d\u0117l pirk\u0117jo, tre\u010di\u0173j\u0173 asmen\u0173 veiksm\u0173, ar aplinkos veiksni\u0173.<\/li>\n\n\n\n<li>Pa\u017eeidimams, atsiradusiems d\u0117l \u0161iurk\u0161taus gyv\u016bno elgesio: kand\u017eiojimas, draskymas, padidintas nei \u012fprastai kapstymas ir pan.<\/li>\n\n\n\n<li>Jeigu nebuvo vadovaujamasi skalbimo etiket\u0117je nurodytomis rekomendacijomis.<\/li>\n\n\n\n<li>Jeigu produktas buvo naudojamas komerciniais tikslais.<\/li>\n<\/ul>\n\n\n\n<p><strong>Ortopedini\u0173 guoli\u0173 \u010diu\u017einiams taikoma 5 met\u0173 garantija, jog \u010diu\u017einys nesuplon\u0117s daugiau nei 10% nuo deklaruojamo \u010diu\u017einio storio. <\/strong><\/p>\n\n\n\n<p>Garantija \u010diu\u017einiams netaikoma esant \u017eemiau apra\u0161ytomis s\u0105lygomis:<\/p>\n\n\n\n<ul class=\"wp-block-list\">\n<li>D\u0117l gamybos procese naudojam\u0173 med\u017eiag\u0173 mink\u0161tumo, \u010diu\u017einio ilgis, plotis ir auk\u0161tis gali tur\u0117ti iki 1,5 cm paklaid\u0105 nuo deklaruojam\u0173 matmen\u0173. \u010ciu\u017einio savyb\u0117ms tai neturi jokios \u012ftakos.<\/li>\n\n\n\n<li>D\u0117l naudojam\u0173 med\u017eiag\u0173 \u010diu\u017einiai gali tur\u0117ti specifin\u012f kvap\u0105, ta\u010diau v\u0117dinant patalpas jis ilgainiui dingsta. Jautresni kvapams \u017emon\u0117s naujo gaminio kvap\u0105 gali jausti ir ilgiau. Nerimauti nereikia \u2013 \u010diu\u017eini\u0173 gamyboje naudojamos tik sertifikuotos med\u017eiagos, kurios sveikatai nekenkia.<\/li>\n\n\n\n<li>\u010ciu\u017einiui d\u0117vintis did\u017eiausi\u0105 spaudim\u0105 patirian\u010dios vietos gali \u012fdubti. Iki 10 % (de\u0161imties procent\u0173) pagrindo auk\u0161\u010dio deformacija neturi \u012ftakos \u010diu\u017einio savyb\u0117ms.<\/li>\n\n\n\n<li>Gaminys naudotas ne pagal paskirt\u012f ar nesilaikant gamintojo rekomendacij\u0173 arba gaminys sugadintas d\u0117l pirk\u0117jo, tre\u010di\u0173j\u0173 asmen\u0173 veiksm\u0173 ar aplinkos veiksni\u0173.<\/li>\n<\/ul>\n\n\n\n<p>Kilus klausimams d\u0117l garantijos ra\u0161ykite labas@obuddy.eu, m\u016bs\u0173 draugi\u0161ka komanda atsakys jums \u012f visus klausimus.<br><br>Esant garantiniam atvejui, prek\u0117s komponent\u0105\/dal\u012f (u\u017evalkal\u0105, \u010diu\u017ein\u012f ar kit\u0105 dal\u012f) sutaisysime. Nesant galimybei sutaisyti, prek\u0117s komponent\u0105\/dal\u012f pakeisime \u012f nauj\u0105. Jeigu tokios prek\u0117s nebegaminame arba neturime sand\u0117lyje ir artimu metu neplanuojame tur\u0117ti, prek\u0119 pakeisime \u012f analogi\u0161kas savybes, funkcijas ir kain\u0105 turin\u010di\u0105 prek\u0119.<\/p>\n\n\n\n<p>Su garantija susijusias siuntimo i\u0161laidas padengia pardav\u0117jas.&nbsp;<\/p>\n","protected":false},"excerpt":{"rendered":"<p>Savo produktams keliame auk\u0161\u010diausius kokyb\u0117s reikalavimus.Visoms obuddy.eu \u012fsigytoms prek\u0117ms taikoma garantija gamykliniams defektams, bei 24 m\u0117n. garantija guoli\u0173 u\u017evalkal\u0173 u\u017etrauktukams ir si\u016bl\u0117ms. Garantija u\u017etrauktukams ir si\u016bl\u0117ms netaikoma: Ortopedini\u0173 guoli\u0173 \u010diu\u017einiams taikoma 5 met\u0173 garantija, jog \u010diu\u017einys nesuplon\u0117s daugiau nei 10% nuo deklaruojamo \u010diu\u017einio storio. Garantija \u010diu\u017einiams netaikoma esant \u017eemiau apra\u0161ytomis s\u0105lygomis: Kilus klausimams d\u0117l garantijos ra\u0161ykite labas@obuddy.eu, m\u016bs\u0173 draugi\u0161ka komanda atsakys jums \u012f visus klausimus. Esant garantiniam atvejui, prek\u0117s komponent\u0105\/dal\u012f (u\u017evalkal\u0105, \u010diu\u017ein\u012f ar kit\u0105 dal\u012f) sutaisysime. Nesant galimybei sutaisyti, prek\u0117s komponent\u0105\/dal\u012f pakeisime \u012f nauj\u0105. Jeigu tokios prek\u0117s nebegaminame arba neturime sand\u0117lyje ir artimu metu neplanuojame tur\u0117ti, prek\u0119 pakeisime \u012f analogi\u0161kas\u2026<\/p>\n","protected":false},"author":1,"featured_media":0,"parent":0,"menu_order":0,"comment_status":"closed","ping_status":"closed","template":"","meta":{"footnotes":"[]"},"class_list":["post-3421","page","type-page","status-publish","hentry"],"blocksy_meta":"","aioseo_notices":[],"_links":{"self":[{"href":"https:\/\/obuddy.eu\/lt\/wp-json\/wp\/v2\/pages\/3421","targetHints":{"allow":["GET"]}}],"collection":[{"href":"https:\/\/obuddy.eu\/lt\/wp-json\/wp\/v2\/pages"}],"about":[{"href":"https:\/\/obuddy.eu\/lt\/wp-json\/wp\/v2\/types\/page"}],"author":[{"embeddable":true,"href":"https:\/\/obuddy.eu\/lt\/wp-json\/wp\/v2\/users\/1"}],"replies":[{"embeddable":true,"href":"https:\/\/obuddy.eu\/lt\/wp-json\/wp\/v2\/comments?post=3421"}],"version-history":[{"count":0,"href":"https:\/\/obuddy.eu\/lt\/wp-json\/wp\/v2\/pages\/3421\/revisions"}],"wp:attachment":[{"href":"https:\/\/obuddy.eu\/lt\/wp-json\/wp\/v2\/media?parent=3421"}],"curies":[{"name":"wp","href":"https:\/\/api.w.org\/{rel}","templated":true}]}}