{"id":1641,"date":"2023-06-05T10:44:55","date_gmt":"2023-06-05T07:44:55","guid":{"rendered":"https:\/\/obuddy.eu\/?page_id=1641"},"modified":"2024-05-21T19:41:31","modified_gmt":"2024-05-21T16:41:31","slug":"privatumo-politika","status":"publish","type":"page","link":"https:\/\/obuddy.eu\/lt\/privatumo-politika\/","title":{"rendered":"Privatumo politika"},"content":{"rendered":"\n<p><strong>MB Retail bees<\/strong>&nbsp;atsakingai saugo J\u016bs\u0173 privatum\u0105. \u0160i privatumo politika apra\u0161o, koki\u0105 asmenin\u0119 informacij\u0105 mes renkame ir kaip mes j\u0105 naudojame.<\/p>\n\n\n\n<p>M\u016bs\u0173 pagrindinis tikslas renkant J\u016bs\u0173 asmenin\u0119 informacij\u0105 yra suteikti Jums skland\u017ei\u0105, efektyvi\u0105 ir asmeninius poreikius tenkinan\u010di\u0105 patirt\u012f, kol J\u016bs naudojat\u0117s m\u016bs\u0173 elektronine parduotuve. Tai leid\u017eia mums teikti informacij\u0105 ir atlikti funkcijas, kurios labiausiai atitinka J\u016bs\u0173 poreikius ir padeda pritaikyti m\u016bs\u0173 paslaugas taip, kad jos b\u016bt\u0173 lengviau ir grei\u010diau suprantamos.<\/p>\n\n\n\n<p><strong>1. VARTOJAMOS S\u0104VOKOS<\/strong><\/p>\n\n\n\n<p><strong>Pardav\u0117jas<\/strong>&nbsp;&#8211; MB Retail bees, juridinio asmens kodas 306224944, PVM mok\u0117tojo kodas LT100015650514, registracijos adresas \u017dali\u0173j\u0173 e\u017eer\u0173 g. 240-3, Vilnius, 08471.<\/p>\n\n\n\n<p><a href=\"https:\/\/obuddy.eu\/\">www.obuddy.eu<\/a> &#8211; elektronin\u0117 parduotuv\u0117, esanti adresu\u00a0<a href=\"https:\/\/obuddy.eu\/\">www.obuddy.eu<\/a>.<\/p>\n\n\n\n<p><strong>Naudotojas(pirk\u0117jas)<\/strong>&nbsp;&#8211; bet kuris fizinis asmuo ar juridinis asmuo, kuris naudojasi elektronine parduotuve, u\u017esako ir ar perka prekes.<\/p>\n\n\n\n<p><strong>Asmens duomenys<\/strong>&nbsp;&#8211; bet kuri informacija, susijusi su fiziniu asmeniu &#8211; duomen\u0173 subjektu, kurio tapatyb\u0117 yra \u017einoma arba gali b\u016bti tiesiogiai ar netiesiogiai nustatyta.<\/p>\n\n\n\n<p><strong>Asmens duomen\u0173 valdytojas<\/strong>\u00a0&#8211;\u00a0<a href=\"https:\/\/obuddy.eu\/\">www.obuddy.eu<\/a><\/p>\n\n\n\n<p><strong>Paskyra&nbsp;<\/strong>&#8211; Pirk\u0117jo registracijos https:\/\/obuddy.eu rezultatas, d\u0117l kurio sukuriama jo asmeninius duomenis ir u\u017esakym\u0105 istorij\u0105 saugojanti s\u0105skaita (account).<\/p>\n\n\n\n<p><strong>https:\/\/obuddy.eu\u00a0paskyros\u00a0<\/strong>&#8211; tai <a href=\"https:\/\/obuddy.eu\/\">www.obuddy.eu<\/a> paskyros Facebook, Twitter, Linkedin ir kituose socialiniuose tinkluose, kuriuose suteikiama informacija apie https:\/\/obuddy.eu ir joje teikiamas Paslaugas, bei dalinamasi pavie\u0161intu elektronin\u0117s parduotuv\u0117s turiniu.<\/p>\n\n\n\n<p><strong>Paslaugos<\/strong>\u00a0&#8211; visos\u00a0<a href=\"https:\/\/obuddy.eu\/\">www.obuddy.eu<\/a> Pirk\u0117jui teikiamos paslaugos.<\/p>\n\n\n\n<p><strong>Pardav\u0117jo partneris<\/strong>\u00a0&#8211; juridinis asmuo: 1) parduodantis prekes ar teikiantis paslaugas <a href=\"https:\/\/obuddy.eu\/\">www.obuddy.eu<\/a>, taip pat juridinis asmuo, pasitelkiamas norint \u012fvykdyti Pirk\u0117jo u\u017esakym\u0105; 2) su kuriuo gali b\u016bti vykdomos bendros akcijos arba projektai elektronin\u0117je parduotuv\u0117je <a href=\"https:\/\/obuddy.eu\/\">www.obuddy.eu<\/a>, \u0161io juridinio asmens internetiniuose puslapiuose arba bet kokiose \u017einiasklaidos priemon\u0117se, kuriose <a href=\"https:\/\/obuddy.eu\/\">www.obuddy.eu<\/a> ir \u0161io juridinio asmens akcija arba projektas bus apra\u0161omas, skelbiamas.<\/p>\n\n\n\n<p><strong>Tre\u010diasis asmuo<\/strong>&nbsp;&#8211; juridinis ar fizinis asmuo, i\u0161skyrus duomen\u0173 subjekt\u0105, duomen\u0173 valdytoj\u0105, duomen\u0173 tvarkytoj\u0105 ir asmenis, kurie yra tiesiogiai duomen\u0173 valdytojo ar duomen\u0173 tvarkytojo \u012fgalioti tvarkyti duomenis.<\/p>\n\n\n\n<p><strong>Administratorius<\/strong>\u00a0&#8211; u\u017e <a href=\"https:\/\/obuddy.eu\/\">www.obuddy.eu<\/a> rinkodar\u0105 atsakingas asmuo.<\/p>\n\n\n\n<p><strong>IP adresas<\/strong>&nbsp;&#8211; Kiekvienam prie interneto prijungtam kompiuteriui priskirtas unikalus numeris, kuris \u017einomas kaip interneto protokolo (IP) adresas. Kadangi \u0161ie numeriai paprastai priskiriami pagal \u0161alies blokus, IP adresas gali b\u016bti da\u017enai naudojamas \u0161aliai, kurioje kompiuteris prijungiamas prie interneto, identifikuoti.<\/p>\n\n\n\n<p><strong>Taisykl\u0117s<\/strong>\u00a0&#8211; patvirtintos galiojan\u010dios &#8222;Preki\u0173 pirkimo &#8211; pardavimo internetin\u0117je parduotuv\u0117je <a href=\"https:\/\/obuddy.eu\/\">www.obuddy.eu<\/a> Taisykl\u0117s&#8221;.<\/p>\n\n\n\n<p><strong>Tiesiogin\u0117 rinkodara<\/strong>&nbsp;&#8211; veikla, skirta pa\u0161tu, telefonu arba kitokiu tiesioginiu b\u016bdu si\u016blyti asmenims prekes ar paslaugas ir (arba) teirautis j\u0105 nuomon\u0117s d\u0117l si\u016blom\u0173 Preki\u0173 ar paslaug\u0173.<\/p>\n\n\n\n<p>&nbsp;Kitos \u0161ioje privatumo politikoje vartojamos s\u0105vokos suprantamos taip, kaip jos yra apibr\u0117\u017etos Lietuvos Respublikos asmens duomen\u0173 teisin\u0117s apsaugos \u012fstatyme.<\/p>\n\n\n\n<p><strong>2. BENDROS NUOSTATOS<\/strong><\/p>\n\n\n\n<p>\u0160i privatumo politika yra skirta u\u017etikrinti, kad Pardav\u0117jas laikosi Lietuvos Respublikos asmens duomen\u0173 teisin\u0117s apsaugos \u012fstatymo, Lietuvos Respublikos elektronini\u0173 ry\u0161i\u0173 \u012fstatymo ir kit\u0173 galiojan\u010di\u0173 teis\u0117s akt\u0173, reglamentuojan\u010di\u0173 asmens duomen\u0173 apsaug\u0105, taip pat kompetenting\u0173 institucij\u0173 nurodym\u0173.<\/p>\n\n\n\n<p><a href=\"https:\/\/obuddy.eu\/\">www.obuddy.eu<\/a> Privatumo politika numatyto pagrindines Asmens duomen\u0173 rinkimo, kaupimo ir tvarkymo Taisykl\u0117s naudojantis <a href=\"https:\/\/obuddy.eu\/\">www.obuddy.eu<\/a> si\u016blomomis Paslaugomis. Privatumo politika skirta apsaugoti ir ginti <a href=\"https:\/\/obuddy.eu\/\">www.obuddy.eu<\/a> Pirk\u0117j\u0105 Asmens duomenis nuo neteis\u0117to naudojimo. Privatumo politika taikoma ir\u00a0<a href=\"https:\/\/obuddy.eu\/\">www.obuddy.eu<\/a>\u00a0\u00a0Paskyroms.<\/p>\n\n\n\n<p><a href=\"https:\/\/obuddy.eu\/\">www.obuddy.eu<\/a>\u00a0 yra nuorod\u0173 \u012f kit\u0173 asmen\u0173, \u012fmoni\u0173 ar organizacij\u0173 interneto tinklalapius, ir kad Pardav\u0117jas n\u0117ra atsakingas u\u017e toki\u0173 interneto tinklapi\u0173 turin\u012f ir\/ar j\u0105 naudojamus Privatumo politikos u\u017etikrinimo metodus, tod\u0117l prie\u0161 pateikdamas apie save informacij\u0105 Pirk\u0117jas tur\u0117t\u0173 susipa\u017einti su atitinkamo interneto tinklapio taisykl\u0117mis, Privatumo politika ir kitais dokumentais.<\/p>\n\n\n\n<p>Naudotojas(pirk\u0117jas) gali atlikti pirkimo\u00a0<a href=\"https:\/\/obuddy.eu\/\">www.obuddy.eu<\/a>\u00a0veiksmus prisiregistrav\u0119s prie <a href=\"https:\/\/obuddy.eu\/\">www.obuddy.eu<\/a>, taip pat neatlik\u0119s registracijos.<\/p>\n\n\n\n<p><strong>3. ASMENS DUOMEN\u0172 TEIKIMAS, TVARKYMO TEISINIAI PAGRINDAI IR TIKSLAI<\/strong><\/p>\n\n\n\n<p>Informacij\u0105, kuri yra renkama apie Naudotojus(pirk\u0117jus), priklauso nuo Jums teikiam\u0173 paslaug\u0173 ir to, koki\u0105 informacij\u0105 pateikiate internetin\u0117je parduotuv\u0117je\u00a0<a href=\"https:\/\/obuddy.eu\/\">www.obuddy.eu<\/a>\u00a0pradedant naudotis paslaugomis ar registruojantis\u00a0<a href=\"https:\/\/obuddy.eu\/\">www.obuddy.eu<\/a>\u00a0paskyroje. J\u016bs\u0173 asmens duomenys yra gaunami \u0161iais b\u016bdais:<\/p>\n\n\n\n<ul class=\"wp-block-list\">\n<li>pateikiate J\u016bs (u\u017epildydami ir pateikdami u\u017eklausos form\u0105 interneto svetain\u0117je, skambindami kontakt\u0173 centro telefono numeriu, lankydamiesi klient\u0173 aptarnavimo skyriuose);<\/li>\n\n\n\n<li>generuojami automati\u0161kai, kiek tai numato galiojantys teis\u0117s aktai (lankantis interneto svetain\u0117je ir \/ ar socialin\u0117je paskyroje, naudojantis program\u0117l\u0117mis);<\/li>\n\n\n\n<li>gaunami i\u0161 tre\u010di\u0173j\u0173 asmen\u0173 ir \/ ar vie\u0161ai prieinam\u0173 \u0161altini\u0173, kiek tai numato galiojantys teis\u0117s aktai.<\/li>\n<\/ul>\n\n\n\n<p>Pirk\u0117jas gali atlikti pirkimo\u00a0<a href=\"https:\/\/obuddy.eu\/\">www.obuddy.eu<\/a>\u00a0veiksmus prisiregistrav\u0119s prie\u00a0<a href=\"https:\/\/obuddy.eu\/\">www.obuddy.eu<\/a>\u00a0, taip pat neatlik\u0119s registracijos. I\u0161 registracijos neatlikusio Pirk\u0117jo reikalaujama pateikti \u0161iuos Asmens duomenys &#8211; vard\u0105, pavard\u0119, telefono numer\u012f, el. pa\u0161to adres\u0105, pristatymo adres\u0105. Pirk\u0117jas yra atsakingas u\u017e savo Asmens duomen\u0173 pateikim\u0105, tikslum\u0105 ir teisingum\u0105.<\/p>\n\n\n\n<p>Asmenys, norintys registruotis <a href=\"https:\/\/obuddy.eu\/\">www.obuddy.eu<\/a>, privalo pateikti savo elektronin\u012f pa\u0161to adres\u0105 ir sugalvot\u0105 Slapta\u017eod\u012f. Registracijos metu yra sukuriama Paskyra. Paskyroje Pirk\u0117jas pats suveda savo duomenis &#8211; vard\u0105, pavard\u0119, telefono numer\u012f, elektroninio pa\u0161to adres\u0105, tod\u0117l tik jis yra atsakingas u\u017e \u0161i\u0173 duomen\u0173 teisingum\u0105. Pirk\u0117jui suteikiamas Vartotojo ID. Pirk\u0117jas gali bet kuriuo metu:<\/p>\n\n\n\n<ul class=\"wp-block-list\">\n<li>koreguoti ir\/ar pildyti Asmens duomenis Paskyroje. U\u017e pakoreguot\u0105 ir\/ar papildyt\u0105 duomen\u0173 teisingum\u0105 atsakingas Pirk\u0117jas;<\/li>\n\n\n\n<li>kreiptis \u012f\u00a0<a href=\"https:\/\/obuddy.eu\/\">www.obuddy.eu<\/a>\u00a0elektroninio pa\u0161to adresu\u00a0hello@obuddy.eu\u00a0\u012f atsaking\u0105 asmen\u012f d\u0117l Paskyros panaikinimo.<\/li>\n<\/ul>\n\n\n\n<p>Pardav\u0117jas renka ir toliau tvarko J\u016bs\u0173 asmens duomenis remiantis asmens duomen\u0173 apsaug\u0105 reglamentuojan\u010diuose teis\u0117s aktuose apibr\u0117\u017etais teis\u0117tais pagrindais:<\/p>\n\n\n\n<ul class=\"wp-block-list\">\n<li>kai tvarkyti asmens duomenis Pardav\u0117j\u0105 \u012fpareigoja galiojantys teis\u0117s aktai;<\/li>\n\n\n\n<li>siekiant sudaryti ir \/ ar vykdyti su Jumis sudaryt\u0105 sutart\u012f;<\/li>\n\n\n\n<li>J\u016bs\u0173 sutikimu;<\/li>\n\n\n\n<li>d\u0117l Pardav\u0117jo teis\u0117t\u0173 interes\u0173, kai J\u016bs\u0173 privat\u016bs interesai n\u0117ra svarbesni.<\/li>\n<\/ul>\n\n\n\n<p>Pardav\u0117jas tvarko asmens duomenis \u0161iais tikslais:<\/p>\n\n\n\n<ul class=\"wp-block-list\">\n<li>Paslaug\u0173 teikimo, kliento mokumo \u012fvertinimo ir kredito rizikos valdymo, pa\u017eeist\u0173 Pardav\u0117jo teisi\u0173 gynimo<\/li>\n\n\n\n<li>Tinkamam paslaug\u0173 teikimui, paslaug\u0173 kokyb\u0117s u\u017etikrinimui.<\/li>\n\n\n\n<li>Tiesiogin\u0117s rinkodaros*.<\/li>\n<\/ul>\n\n\n\n<p>*Jei Pirk\u0117jas po Preki\u0173 ir\/ar paslaug\u0173 \u012fsigijimo nepageidauja, kad jo nurodyti Asmens duomenys b\u016bt\u0173 naudojami Tiesiogin\u0117s rinkodaros ar veiklos analiz\u0117s tikslais, Pirk\u0117jas turi prisijungti prie savo Paskyros, esan\u010dios <a href=\"https:\/\/obuddy.eu\/\">www.obuddy.eu<\/a> ir Paskyros lange Paskyra, skyriuje Naujienlai\u0161ki\u0173 prenumeratos, turi nuimti varnel\u0119, esan\u010di\u0105 prie teiginio Bendras prenumeravimas, bei paspausti nuorod\u0105 I\u0161saugoti. Taip pat visais atvejais Pirk\u0117jas gali ra\u0161yti elektronin\u012f lai\u0161k\u0105 adresu\u00a0hello@obuddy.eu\u00a0arba skambinti u\u017e duomen\u0173 apsaug\u0105 atsakingam asmeniui telefonu +37065699450 ir nurodyti, kad nepageidauja gauti elektronini\u0173 lai\u0161k\u0173 ir\/arba SMS \u017einu\u010di\u0173, telefono skambu\u010di\u0173. Elektronini\u0173 lai\u0161k\u0173 ir\/arba SMS \u017einu\u010di\u0173 siuntimas, skambinimas telefonu nutraukiamas tik Pirk\u0117jui ai\u0161kiai i\u0161vardinus el. pa\u0161to adresus ir\/arba telefono numerius.<\/p>\n\n\n\n<p>Pardav\u0117jas gali perduoti J\u016bs\u0173 asmens duomenis:<\/p>\n\n\n\n<ul class=\"wp-block-list\">\n<li>duomen\u0173 tvarkytojams (paslaug\u0173 teik\u0117jams), kurie teikia paslaugas ir tvarko J\u016bs\u0173 asmens duomenis Pardav\u0117jo, kaip duomen\u0173 valdytojo, vardu (pvz. IT paslaug\u0173 teik\u0117jai, auditoriai, reklamos agent\u016bros, transporto paslaug\u0173 teik\u0117jai ir pan.);<\/li>\n\n\n\n<li>kitiems tretiesiems asmenims, kai to reikalaujama pagal galiojan\u010dius teis\u0117s aktus arba kai tai yra b\u016btina siekiant apsaugoti Pardav\u0117jo teis\u0117tus interesus (pvz. teismai, vald\u017eios ir teis\u0117saugos institucijos ir pan.).<\/li>\n<\/ul>\n\n\n\n<p><strong>4. ASMENS DUOMEN\u0172 NAUDOJIMO IR SAUGOJIMO TVARKA<\/strong><\/p>\n\n\n\n<p>Naudotojas (pirk\u0117jas) suteikia teis\u0119\u00a0<a href=\"https:\/\/obuddy.eu\/\">www.obuddy.eu<\/a>\u00a0rinkti, valdyti, tvarkyti ir saugoti Pirk\u0117jo Asmens duomenis tokia apimtimi ir tokiais tikslais, kaip numatyta Privatumo politikoje ir kituose <a href=\"https:\/\/obuddy.eu\/\">www.obuddy.eu<\/a> dokumentuose.<\/p>\n\n\n\n<p>Pardav\u0117jas saugo Naudotoj\u0173(pirk\u0117j\u0173) asmens duomenis tiek, kiek reikia nustatytam tikslui pasiekti. Pasiekus nustatyt\u0105 tiksl\u0105, Pirk\u0117j\u0173 asmens duomenys i\u0161trinami, i\u0161skyrus tuos atvejus, kai galiojantys teis\u0117s aktai \u012fpareigoja Pardav\u0117j\u0105 saugoti asmens duomenis \u0161iuose teis\u0117s aktuose nustatyt\u0105 termin\u0105. Pasibaigus \u0161iam terminui, asmens duomenys i\u0161trinami taip, kad j\u0173 negalima b\u016bt\u0173 atgaminti.<\/p>\n\n\n\n<p>Pardav\u0117jas vidini\u0173 organizacini\u0173 ir technini\u0173 priemoni\u0173 pagalba u\u017etikrina, jog Pirk\u0117jo pateikiami Asmens duomenys\u00a0<a href=\"https:\/\/obuddy.eu\/\">www.obuddy.eu<\/a>\u00a0\u00a0b\u016bt\u0173 apsaugoti nuo bet koki\u0173 neteis\u0117t\u0173 veiksm\u0173: neteis\u0117to Asmens duomen\u0173 pakeitimo, atskleidimo ar sunaikinimo, asmens tapatyb\u0117s vagyst\u0117s, suk\u010diavimo, bei Asmens duomen\u0173 apsaugos lygio atitikim\u0105 Lietuvos Respublikos teis\u0117s akt\u0173 reikalavimams.<\/p>\n\n\n\n<p>Pirk\u0117jas \u012fsipareigoja ir privalo saugoti savo prisijungimo prie\u00a0<a href=\"https:\/\/obuddy.eu\/\">www.obuddy.eu<\/a>\u00a0\u00a0Slapta\u017eod\u012f ir prisijungimo vard\u0105, bei kitus duomenis. Pirk\u0117jas \u012fsipareigoja ir privalo jokiems kitiems tretiesiems asmenims neatskleisti Asmens duomen\u0173 nei apie save, nei apie tre\u010diuosius asmenis, jeigu tokie tre\u010di\u0173j\u0173 asmen\u0173 Asmens duomenys jam tapo prieinami, ir i\u0161 karto apie matomus pa\u017eeidimus informuoti Pardav\u0117j\u0105.<\/p>\n\n\n\n<p><strong>5. ASMENS DUOMEN\u0172 SUBJEKT\u0172 TEISI\u0172 \u012eGYVENDINIMAS<\/strong><\/p>\n\n\n\n<p>Naudotojas(pirk\u0117jas), kurio asmens duomenis tvarko\u00a0<a href=\"https:\/\/obuddy.eu\/\">www.obuddy.eu<\/a>\u00a0ar Pardav\u0117jas, turi \u0161ias teises:<\/p>\n\n\n\n<ul class=\"wp-block-list\">\n<li>\u017einoti (b\u016bti informuotas) apie savo duomen\u0173 tvarkym\u0105;<\/li>\n\n\n\n<li>susipa\u017einti su savo asmens duomenimis ir kaip jie yra tvarkomi;<\/li>\n\n\n\n<li>reikalauti i\u0161taisyti, sunaikinti savo asmens duomenis arba sustabdyti, i\u0161skyrus saugojim\u0105, savo asmens duomen\u0173 tvarkymo veiksmus, kai duomenys tvarkomi nesilaikant Lietuvos Respublikos asmens duomen\u0173 teisin\u0117s apsaugos \u012fstatymo ir kit\u0173 \u012fstatym\u0173 nuostat\u0173;<\/li>\n\n\n\n<li>nesutikti, kad b\u016bt\u0173 tvarkomi J\u016bs\u0173 asmens duomenys.<\/li>\n<\/ul>\n\n\n\n<p>Visos nurodytos asmens duomen\u0173 subjekt\u0173 teis\u0117s bus \u012fgyvendintos prie\u0161 tai nusta\u010dius ir patikrinus asmens, kuris kreipiasi, tapatyb\u0119. Tai galite padaryti bet kuriame\u00a0<a href=\"https:\/\/obuddy.eu\/\">www.obuddy.eu<\/a>\u00a0klient\u0173 aptarnavimo padalinyje arba pasinaudodami tam tikromis nuorodomis pateikiamomis\u00a0<a href=\"https:\/\/obuddy.eu\/\">www.obuddy.eu<\/a>\u00a0ar Pardav\u0117jo teikiamos reklaminio turinio med\u017eiagos apa\u010dioje.<\/p>\n\n\n\n<p>Pardav\u0117jas gali nesudaryti Jums s\u0105lyg\u0173 \u012fgyvendinti auk\u0161\u010diau nurodyt\u0173 asmens duomen\u0173 subjekt\u0173 teisi\u0173, kai galiojan\u010di\u0173 teis\u0117s akt\u0173 numatytais atvejais reikia u\u017etikrinti nusikaltim\u0173, tarnybin\u0117s ar profesin\u0117s etikos pa\u017eeidim\u0173 prevencij\u0105, tyrim\u0105 ir nustatym\u0105, taip pat duomen\u0173 subjekto ar kit\u0173 asmen\u0173 teisi\u0173 ir laisvi\u0173 apsaug\u0105.<\/p>\n\n\n\n<p><strong>Jei i\u0161kilt\u0173 klausim\u0173 d\u0117l \u0161ioje privatumo politikoje pateiktos informacijos, maloniai pra\u0161ome kreiptis Jums patogiu b\u016bdu.<\/strong><\/p>\n\n\n\n<p><strong>Bet kok\u012f pra\u0161ym\u0105 ar&nbsp; nurodym\u0105, susijus\u012f su Asmens duomen\u0173 tvarkymu, Pirk\u0117jas turi pateikti Pardav\u0117jui ra\u0161tu vienu i\u0161 \u0161i\u0173 b\u016bd\u0173:<\/strong><\/p>\n\n\n\n<p><strong>1) \u012fteikdamas tok\u012f pra\u0161ym\u0105 ar nurodym\u0105 Pardav\u0117jui tiesiogiai adresu \u017dali\u0173j\u0173 e\u017eer\u0173 g. <\/strong><strong>240-3, Vilnius, 08471<\/strong><strong>,<\/strong><\/p>\n\n\n\n<p><strong>2) i\u0161si\u0173sdamas tok\u012f pra\u0161ym\u0105 ar nurodym\u0105 elektroninio pa\u0161to adresu\u00a0hello@obuddy.eu\u00a0\u00a0i\u0161 savo elektroninio pa\u0161to adreso.<\/strong><\/p>\n\n\n\n<p>Pardav\u0117jas, gav\u0119s tok\u012f Pirk\u0117jo pra\u0161ym\u0105 ar nurodym\u0105, ne v\u0117liau kaip per 30 (trisde\u0161imt) kalendorini\u0173 dien\u0173 pateikia Pirk\u0117jui atsakym\u0105 bei atlieka pra\u0161yme nurodytus veiksmus ar atsisako juos atlikti. Pirk\u0117jo pra\u0161ymu atsakymas turi b\u016bti pateiktas ra\u0161tu.<\/p>\n\n\n\n<p><strong>6. SLAPUK\u0172 NAUDOJIMAS<\/strong><\/p>\n\n\n\n<p>Pirk\u0117jui lankantis\u00a0<a href=\"https:\/\/obuddy.eu\/\">www.obuddy.eu<\/a>\u00a0, yra naudojami slapukai (angl. cookies). Tai nedideli informacijos elementai, i\u0161saugomi J\u016bs\u0173 interneto nar\u0161ykl\u0117je, kurie padeda\u00a0<a href=\"https:\/\/obuddy.eu\/\">www.obuddy.eu<\/a>\u00a0\u00a0atpa\u017einti Jus kaip ankstesn\u012f\u00a0<a href=\"https:\/\/obuddy.eu\/\">www.obuddy.eu<\/a>\u00a0\u00a0interneto svetain\u0117s lankytoj\u0105, i\u0161saugoti J\u016bs\u0173 lankymosi svetain\u0117je istorij\u0105 ir pagal tai pritaikyti turin\u012f. Taip pat slapukai padeda u\u017etikrinti skland\u0173\u00a0<a href=\"https:\/\/obuddy.eu\/\">www.obuddy.eu<\/a>\u00a0interneto svetain\u0117s ir elektronin\u0117s prekyviet\u0117s veikim\u0105, leid\u017eia steb\u0117ti lankymosi \u0161ioje interneto svetain\u0117se trukm\u0119, da\u017enum\u0105 bei rinkti statistin\u0119 informacij\u0105 apie \u0161ios interneto svetain\u0117s lankytoj\u0173 skai\u010di\u0173. Analizuodami \u0161iuos duomenis galime tobulinti\u00a0<a href=\"https:\/\/obuddy.eu\/\">www.obuddy.eu<\/a>\u00a0, padaryti j\u0105 patogesn\u0119 J\u016bs\u0173 naudojimui.<\/p>\n\n\n\n<p>Pardav\u0117jo naudojami Slapukai savaranki\u0161kai neidentifikuoja konkretaus asmens. Duomenys surinkti slapuk\u0173 pagalba daugiau susij\u0119 su konkretaus kompiuterio panaudojimu negu su konkre\u010diu interneto naudotoju, ta\u010diau J\u016bs galite atsisakyti slapuk\u0173 naudojimo, nar\u0161ykl\u0117je pasirinkdami tam tikrus nustatymus. Visgi atkreipiame J\u016bs\u0173 d\u0117mes\u012f \u012f tai, kad tokiu atveju J\u016bs negal\u0117site i\u0161naudoti vis\u0173 svetain\u0117s teikiam\u0173 funkcij\u0173. \u017demiau pateikiamas slapuk\u0173 s\u0105ra\u0161as.<\/p>\n\n\n\n<figure class=\"wp-block-table\"><table><tbody><tr><td>Slapuko pavadinimas<\/td><td>Slapuko apra\u0161ymas<\/td><td>Slapuko galiojimo terminas<\/td><td>Slapukas nesaugomas, jei nesutinkate<\/td><\/tr><tr><td>__cfduid<\/td><td>Slapukas naudojamas vartotoj\u0173 srauto nustatymui.<\/td><td>1 metai<\/td><td>Ne<\/td><\/tr><tr><td>PHPSESSID<\/td><td>I\u0161laiko vartotojo nar\u0161ymo sesij\u0105, vis\u0173 u\u017eklaus\u0173 metu.<\/td><td>Nar\u0161ymo metu<\/td><td>Ne<\/td><\/tr><tr><td>UID<\/td><td>Unikalus vartotojo ID vartotojui atpa\u017einti<\/td><td>&nbsp;<\/td><td>&nbsp;<\/td><\/tr><tr><td>_ga<\/td><td rowspan=\"2\">\u201eGoogle Analytics\u201c statistikos sistemos dalis, saugo informacij\u0105 apie lankytojo lankomas svetain\u0117s dalis, kiek kart\u0173 apsilankoma svetain\u0117je, kokia apsilankymo trukm\u0117, nar\u0161ykl\u0117s informacija ir t.t.<\/td><td>2 metai<\/td><td>Taip<\/td><\/tr><tr><td>_gid<\/td><td>24 valandos<\/td><td>Taip<\/td><\/tr><tr><td>@@History\/@@scroll|#<\/td><td>Anonimi\u0161kai renkama informacija apie vartotoj\u0173 elgsen\u0105 konkre\u010diame interneto puslapyje.<\/td><td>Nar\u0161ymo metu<\/td><td>Ne<\/td><\/tr><tr><td>__utm.gif<\/td><td>Google analytics kodas, kuris identifikuoja tik vartotojo kompiuter\u012f ir nar\u0161ykl\u0119.<\/td><td>Nar\u0161ymo metu<\/td><td>Ne<\/td><\/tr><tr><td>__utma<\/td><td>Google analytics kodas, renkantis informacij\u0105 apie pirm\u0105 ir paskutin\u012f vartotojo vizit\u0105.<\/td><td>2 metai<\/td><td>Ne<\/td><\/tr><tr><td>__utmb<\/td><td>Google analytics kodas, registruojantis tiksl\u0173 laik\u0105, kuomet vartotojas nar\u0161\u0117 puslapyje. Naudojamas tikslaus laiko konkre\u010diame puslapyje nustatymui.<\/td><td>Nar\u0161ymo metu<\/td><td>Ne<\/td><\/tr><tr><td>__utmc<\/td><td>Google analytics kodas, registruojantis tiksl\u0173 laik\u0105, kuomet vartotojas i\u0161\u0117jo i\u0161 puslapio. Naudojamas tikslaus laiko m\u016bs\u0173 puslapyje nustatymui.<\/td><td>Nar\u0161ymo metu<\/td><td>Ne<\/td><\/tr><tr><td>__utmz<\/td><td>Google analytics kodas, registruojantis i\u0161 kur vartotojas at\u0117jo \u012f m\u016bs\u0173 puslap\u012f, koks paie\u0161kos variklis buvo naudotas, kokia nuoroda buvo paspausta ir koks paie\u0161kos terminas buvo panaudotas.<\/td><td>6 m\u0117nesiai<\/td><td>Ne<\/td><\/tr><tr><td>AWSALB<\/td><td>Zopim chat naudojamas kodas<\/td><td>6 dienos<\/td><td>Ne<\/td><\/tr><tr><td>collect<\/td><td>Google analytics kodas, naudojamas si\u0173sti duomenis apie vartotojo \u012frengin\u012f ir jo veiksmus, seka vartotojo naudojamus \u012frenginius ir rinkodaros kanalus.<\/td><td>Nar\u0161ymo metu<\/td><td>Ne<\/td><\/tr><tr><td>__zlcmid<\/td><td>Zopim Chat kodas, i\u0161saugo informacij\u0105 vartotojo nar\u0161ymo b\u016bsen\u0105 vis\u0173 u\u017eklaus\u0173 metu.<\/td><td>1 metai<\/td><td>Ne<\/td><\/tr><tr><td>_hjIncludedInSample<\/td><td>\u0160is kodas tiria, ar vartotojas turi b\u016bti registruotas tam tikroje statistin\u0117je kategorijoje.<\/td><td>Nar\u0161ymo metu<\/td><td>Ne<\/td><\/tr><tr><td>ads\/conversion\/#<\/td><td>\u0160is kodas skirtas rodom\u0173 reklam\u0173 konversijai nustatyti<\/td><td>Nar\u0161ymo metu<\/td><td>Ne<\/td><\/tr><tr><td>ads\/ga-audiences<\/td><td>\u0160is kodas naudojamas Google analytics, kuris pagal lankytoj\u0173 elgsen\u0105 &nbsp;ir skirtas pritraukti lankytojus tapti vartotojais pagal<\/td><td>Nar\u0161ymo metu<\/td><td>Ne<\/td><\/tr><tr><td>fr<\/td><td>Facebook naudojamas kodas, skirtas pateikti reklaminius produktus i\u0161 tre\u010di\u0173j\u0173 \u0161ali\u0173.<\/td><td>Nar\u0161ymo metu<\/td><td>Ne<\/td><\/tr><tr><td>IDE<\/td><td>Google DoubleClick kodas registruojantis lankytoj\u0173 veiksmus per\u017ei\u016br\u0117jus ar paspaudus ant vienos i\u0161 parodyt\u0173 reklam\u0173 tam, kad i\u0161matuoti toki\u0173 reklamini\u0173 kampanij\u0173 efektyvum\u0105 ir toliau teikti personalizuotas tokio pob\u016bd\u017eio reklamas lankytojui.<\/td><td>1 metai<\/td><td>Ne<\/td><\/tr><tr><td>test_cookie<\/td><td>\u0160is kodas naudojamas nustatyti ar lankytojo nar\u0161ykl\u0117 palaiko slapukus.<\/td><td>Nar\u0161ymo metu<\/td><td>Ne<\/td><\/tr><tr><td>tr<\/td><td>Facebook Pixel naudojamas kodas<\/td><td>Nar\u0161ymo metu<\/td><td>Ne<\/td><\/tr><tr><td>zte#<\/td><td>I\u0161saugo Zopim Chat ID prietaisui atpa\u017einti tarp sesij\u0173.<\/td><td>Nar\u0161ymo metu<\/td><td>Ne<\/td><\/tr><\/tbody><\/table><\/figure>\n\n\n\n<p>&nbsp;<strong>7.&nbsp;INTELEKTIN\u0116 NUOSAVYB\u0116<\/strong><\/p>\n\n\n\n<p>Visos intelektin\u0117s nuosavyb\u0117s teis\u0117s internetin\u0117je svetain\u0117je ir turinyje (\u012fskaitant nuotraukas), pateiktos Naudotojui, lieka\u00a0<a href=\"https:\/\/obuddy.eu\/\">www.obuddy.eu<\/a>\u00a0ar Pardav\u0117jo nuosavybe ir yra apsaugota autorini\u0173 teisi\u0173 \u012fstatym\u0173 ir sutar\u010di\u0173 visame pasaulyje. Visos \u0161ios teis\u0117s yra apsaugotos\u00a0<a href=\"https:\/\/obuddy.eu\/\">www.obuddy.eu<\/a>\u00a0 ir licencij\u0173.<\/p>\n\n\n\n<p>Naudotojas gali kaupti, spausdinti ar pateikti turin\u012f tik savo asmeniniam naudojimui. Naudotojas neturi teisi\u0173 jokia forma publikuoti, manipuliuoti, platinti ar kitaip redaguoti turinio ar pateiktos med\u017eiagos komerciniams ar su asmeniniu naudojimu nesusijusiems tikslams.<\/p>\n\n\n\n<p><strong>8. BAIGIAMOSIOS NUOSTATOS<\/strong><\/p>\n\n\n\n<p>\u0160i Privatumo politika galioja nuo 2023 m. bir\u017eelio 6 dienos. Pardav\u0117jas pasilieka teis\u0119 bet kada per\u017ei\u016br\u0117ti ir keisti Privatumo politikos taisykles. Pakeitimai \u012fsigalioja i\u0161 karto po j\u0173 paskelbimo Svetain\u0117je.<\/p>\n","protected":false},"excerpt":{"rendered":"<p>MB Retail bees&nbsp;atsakingai saugo J\u016bs\u0173 privatum\u0105. \u0160i privatumo politika apra\u0161o, koki\u0105 asmenin\u0119 informacij\u0105 mes renkame ir kaip mes j\u0105 naudojame. M\u016bs\u0173 pagrindinis tikslas renkant J\u016bs\u0173 asmenin\u0119 informacij\u0105 yra suteikti Jums skland\u017ei\u0105, efektyvi\u0105 ir asmeninius poreikius tenkinan\u010di\u0105 patirt\u012f, kol J\u016bs naudojat\u0117s m\u016bs\u0173 elektronine parduotuve. Tai leid\u017eia mums teikti informacij\u0105 ir atlikti funkcijas, kurios labiausiai atitinka J\u016bs\u0173 poreikius ir padeda pritaikyti m\u016bs\u0173 paslaugas taip, kad jos b\u016bt\u0173 lengviau ir grei\u010diau suprantamos. 1. VARTOJAMOS S\u0104VOKOS Pardav\u0117jas&nbsp;&#8211; MB Retail bees, juridinio asmens kodas 306224944, PVM mok\u0117tojo kodas LT100015650514, registracijos adresas \u017dali\u0173j\u0173 e\u017eer\u0173 g. 240-3, Vilnius, 08471. www.obuddy.eu &#8211; elektronin\u0117 parduotuv\u0117, esanti adresu\u00a0www.obuddy.eu. Naudotojas(pirk\u0117jas)&nbsp;&#8211; bet\u2026<\/p>\n","protected":false},"author":1,"featured_media":0,"parent":0,"menu_order":0,"comment_status":"closed","ping_status":"closed","template":"","meta":{"footnotes":""},"class_list":["post-1641","page","type-page","status-publish","hentry"],"blocksy_meta":"","aioseo_notices":[],"_links":{"self":[{"href":"https:\/\/obuddy.eu\/lt\/wp-json\/wp\/v2\/pages\/1641","targetHints":{"allow":["GET"]}}],"collection":[{"href":"https:\/\/obuddy.eu\/lt\/wp-json\/wp\/v2\/pages"}],"about":[{"href":"https:\/\/obuddy.eu\/lt\/wp-json\/wp\/v2\/types\/page"}],"author":[{"embeddable":true,"href":"https:\/\/obuddy.eu\/lt\/wp-json\/wp\/v2\/users\/1"}],"replies":[{"embeddable":true,"href":"https:\/\/obuddy.eu\/lt\/wp-json\/wp\/v2\/comments?post=1641"}],"version-history":[{"count":0,"href":"https:\/\/obuddy.eu\/lt\/wp-json\/wp\/v2\/pages\/1641\/revisions"}],"wp:attachment":[{"href":"https:\/\/obuddy.eu\/lt\/wp-json\/wp\/v2\/media?parent=1641"}],"curies":[{"name":"wp","href":"https:\/\/api.w.org\/{rel}","templated":true}]}}