{"id":1624,"date":"2023-06-05T10:20:19","date_gmt":"2023-06-05T07:20:19","guid":{"rendered":"https:\/\/obuddy.eu\/?page_id=1624"},"modified":"2024-05-21T19:34:48","modified_gmt":"2024-05-21T16:34:48","slug":"prekiu-pirkimo-pardavimo-taisykles","status":"publish","type":"page","link":"https:\/\/obuddy.eu\/lt\/prekiu-pirkimo-pardavimo-taisykles\/","title":{"rendered":"Preki\u0173 pirkimo pardavimo taisykl\u0117s"},"content":{"rendered":"\n<p>I. S\u0105vokos<\/p>\n\n\n\n<ol class=\"wp-block-list\">\n<li>Duomen\u0173 valdytojas ir svetain\u0117s <a href=\"https:\/\/obuddy.eu\/\">www.obuddy.eu<\/a> operatorius (toliau \u2013 Duomen\u0173 valdytojas) yra MB Retail bees, \u012fmon\u0117s kodas 306224944, PVM mok\u0117tojo kodas LT100015650514, buvein\u0117s adresas \u017dali\u0173j\u0173 e\u017eer\u0173 g. 240-3, Vilnius, 08471, Lietuvos Respublika, elektroninio pa\u0161to adresas \u2013&nbsp;hello@obuddy.eu<\/li>\n\n\n\n<li>Pirk\u0117jas \u2013 veiksnus fizinis arba juridinis asmuo, \u012fsigij\u0119s Preki\u0173 interneto parduotuv\u0117je&nbsp;<a href=\"https:\/\/obuddy.eu\/\">www.obuddy.eu<\/a><\/li>\n\n\n\n<li>\u0160alys \u2013 Pirk\u0117jas ir Pardav\u0117jas kartu.<\/li>\n\n\n\n<li><a href=\"https:\/\/obuddy.eu\/\">www.obuddy.eu<\/a> \u2013 internetin\u0117 parduotuv\u0117, internetiniu adresu&nbsp;<a href=\"https:\/\/obuddy.eu\/\">www.obuddy.eu<\/a><\/li>\n\n\n\n<li>Asmens duomenys \u2013 bet kuri informacija, susijusi su fiziniu asmeniu \u2013 duomen\u0173 subjektu, kurio tapatyb\u0117 yra \u017einoma arba gali b\u016bti tiesiogiai ar netiesiogiai nustatyta pasinaudojant tokiais duomenimis kaip asmens kodas, vienas arba keli asmeniui b\u016bdingi fizinio, fiziologinio, psichologinio, ekonominio, kult\u016brinio ar socialinio pob\u016bd\u017eio po\u017eymiai.<\/li>\n\n\n\n<li>Gr\u0105\u017einimo forma \u2013 nustatyto pavyzd\u017eio forma, kuri\u0105 u\u017epild\u017eius galima pasinaudoti Preki\u0173 atsisakymo teise.<\/li>\n\n\n\n<li>Prek\u0117 \u2013 visa tai, kuo prekiaujama elektronin\u0117je parduotuv\u0117je <a href=\"https:\/\/obuddy.eu\/\">www.obuddy.eu<\/a>. Atskirai Taisykl\u0117se vartojamos s\u0105vokos \u201eprek\u0117\u201c, \u201eprek\u0117s\u201c rei\u0161kia tiek vienaskait\u0105, tiek daugiskait\u0105.<\/li>\n\n\n\n<li>Preki\u0173 pirkimo pardavimo taisykl\u0117s (toliau \u2013 Taisykl\u0117s) reglamentuoja Pirk\u0117jo ir Pardav\u0117jo teises, \u012fsipareigojimus, Preki\u0173 kainas, apmok\u0117jimo tvark\u0105, terminus, pristatym\u0105, Preki\u0173 kokyb\u0117s garantij\u0105, Preki\u0173 gr\u0105\u017einim\u0105 ir keitim\u0105, atsakomybes.<\/li>\n\n\n\n<li>Privatumo politika \u2013 Pardav\u0117jo patvirtintas dokumentas, kuriame numatytos pagrindin\u0117s Asmens duomen\u0173 rinkimo, kaupimo, tvarkymo ir laikymo taisykl\u0117s, naudojantis <a href=\"https:\/\/obuddy.eu\/\">www.obuddy.eu<\/a>.<\/li>\n<\/ol>\n\n\n\n<p>II. Bendrosios nuostatos<\/p>\n\n\n\n<ol class=\"wp-block-list\" start=\"10\">\n<li>\u0160ios Preki\u0173 pirkimo \u2013 pardavimo Taisykl\u0117s, jas patvirtinus Pirk\u0117jui (susipa\u017einus su Taisykl\u0117mis bei pa\u017eym\u0117jus varnel\u0119 prie teiginio \u201cA\u0161 perskai\u010diau ir sutinku su puslapio s\u0105lygomis ir taisykl\u0117mis\u201d), yra \u0161alims privalomas teisinis dokumentas, kuriame nustatomos Pirk\u0117jo ir Pardav\u0117jo teis\u0117s bei pareigos, Preki\u0173 \u012fsigijimo bei apmok\u0117jimo u\u017e jas s\u0105lygos, Preki\u0173 pristatymo ir gr\u0105\u017einimo tvarka, \u0161ali\u0173 atsakomyb\u0117 bei kitos su Preki\u0173 pirkimu \u2013 pardavimu internetin\u0117je parduotuv\u0117je susijusios nuostatos.<\/li>\n\n\n\n<li>Pardav\u0117jas pasilieka teis\u0119 bet kuriuo metu pakeisti, taisyti ar papildyti Taisykles, atsi\u017evelgdamas \u012f teis\u0117s akt\u0173 nustatytus reikalavimus.<\/li>\n\n\n\n<li>Pirk\u0117jas, patvirtindamas Taisykles, patvirtina, kad jis turi teis\u0119 pirkti prekes <a href=\"https:\/\/obuddy.eu\/\">www.obuddy.eu<\/a> internetin\u0117je parduotuv\u0117je.<\/li>\n\n\n\n<li>Taip pat informuojame, kad \u0161ios Taisykl\u0117s gali b\u016bti kei\u010diamos pasikeitus teisiniam reglamentavimui. Kiekvien\u0105 kart\u0105 u\u017esakant Prekes, rekomenduojame per\u017ei\u016br\u0117ti Taisykles tam, kad Pirk\u0117jas b\u016bt\u0173 \u012fsitikin\u0119s, jog pilnai supranta kokiomis s\u0105lygomis, konkre\u010diu atveju, bus daromas u\u017esakymas.<\/li>\n\n\n\n<li>Pirk\u0117jas privalo susipa\u017einti su Pardav\u0117jo patvirtinta Privatumo politika. Sutikim\u0105 arba nesutikim\u0105 su konkre\u010diais Pirk\u0117jo Asmens duomen\u0173 naudojimo b\u016bdais Pirk\u0117jas i\u0161rei\u0161kia Privatumo politikoje numatyta tvarka.<\/li>\n\n\n\n<li>Jei Pardav\u0117jui numatyta teis\u0117 ar pareiga pateikti dokumentus ar informacij\u0105 Pirk\u0117jui elektroniniu pa\u0161tu, visais atvejais u\u017e veikian\u010dio ir Pirk\u0117jui priklausan\u010dio elektroninio pa\u0161to adreso pateikim\u0105 Pardav\u0117jui atsako pats Pirk\u0117jas.<\/li>\n<\/ol>\n\n\n\n<p>III. Privatumo politika<\/p>\n\n\n\n<ol class=\"wp-block-list\" start=\"16\">\n<li>MB Retail bees, vykdydama elektronin\u0119 Prekyba vadovaujasi Lietuvos Respublikos Asmens duomen\u0173 teisin\u0117s apsaugos \u012fstatymu, bendruoju duomen\u0173 apsaugos reglamentu (ES) 2016\/679 ir kitais teis\u0117s aktais, nustatan\u010diais Asmens duomen\u0173 tvarkym\u0105, laikym\u0105si ir \u012fgyvendinim\u0105.<\/li>\n\n\n\n<li>Privatumo politika yra Taisykli\u0173 sud\u0117tin\u0117 dalis.<\/li>\n<\/ol>\n\n\n\n<p>IV. Prek\u0117s<\/p>\n\n\n\n<ol class=\"wp-block-list\" start=\"18\">\n<li>Internetin\u0117je parduotuv\u0117je pateikiami Preki\u0173 atvaizdai yra iliustracinio pob\u016bd\u017eio. Nepaisant to, kad Pardav\u0117jas d\u0117jo visas pastangas tam, kad Preki\u0173 spalvos b\u016bt\u0173 atvaizduotos kuo tiksliau, Pardav\u0117jas negali garantuoti, kad Pirk\u0117jo \u012frenginio ekranas tiksliai atspind\u0117s Preki\u0173 spalvas. Pirk\u0117jas supranta, kad Prek\u0117s gali ne\u017eymiai skirtis nuo j\u0173 atvaizd\u0173.<\/li>\n\n\n\n<li>Preki\u0173 \u012fpakavimas gali skirtis nuo to, kuris pateikiamas atvaizduose, esan\u010diuose internetin\u0117je parduotuv\u0117je.<\/li>\n\n\n\n<li>Visos Prek\u0117s, pateikiamos internetin\u0117je parduotuv\u0117je, yra prieinamos Pirk\u0117jui. Tuo atveju, jeigu u\u017esakytos Prek\u0117s nebelieka, Pirk\u0117jas yra nedelsiant apie tai informuojamas elektroniniu pa\u0161tu ar kitomis priemon\u0117mis (skambu\u010diu ir\/arba SMS \u017einute) ir tokios Prek\u0117s u\u017esakymo vykdymas yra nutraukiamas.<\/li>\n\n\n\n<li>Sutartis tarp Pirk\u0117jo ir Pardav\u0117jo laikoma sudaryta nuo to momento, kai Pirk\u0117jas, i\u0161sirink\u0119s perkam\u0105 (-as) Prek\u0119 (-es) ir suformav\u0119s Preki\u0173 krep\u0161el\u012f, paspaud\u017eia nuorod\u0105 \u201cU\u017esakyti\u201d ir kai Pardav\u0117jas susisiek\u0119s su Pirk\u0117ju jo nurodytu telefonu arba el. pa\u0161tu, patvirtina u\u017esakym\u0105 atsi\u0173sdamas lai\u0161k\u0105 el. pa\u0161tu apie u\u017esakymo patvirtinim\u0105.<\/li>\n\n\n\n<li>Kiekviena tarp Pirk\u0117jo ir Pardav\u0117jo sudaryta pirkimo \u2013 pardavimo sutartis yra registruojama ir saugoma internetin\u0117s parduotuv\u0117s duomen\u0173 baz\u0117je.<\/li>\n<\/ol>\n\n\n\n<p>V. Pirk\u0117jo teis\u0117s<\/p>\n\n\n\n<ol class=\"wp-block-list\" start=\"23\">\n<li>Pirk\u0117jas turi teis\u0119 susipa\u017einti su savo Asmens duomenimis ir teis\u0119 reikalauti i\u0161taisyti neteisingus, nei\u0161samius, netikslius savo Asmens duomenis, para\u0161ydamas el. lai\u0161k\u0105\u00a0hello@obuddy.eu.\u00a0Tokiu atveju Pardav\u0117jas nedelsdamas turi \u012fgyvendinti pirk\u0117jo pra\u0161ym\u0105 (per 1-2 darbo dienas). \u00a0<\/li>\n\n\n\n<li>Pirk\u0117jas teise atsisakyti Preki\u0173 pirkimo \u2013 pardavimo sutarties gali pasinaudoti tik tuo atveju, jeigu Prek\u0117 nebuvo sugadinta arba i\u0161 esm\u0117s nepasikeit\u0117 jos i\u0161vaizda, taip pat ji nebuvo naudojama ir liko originalioje pakuot\u0117je.<\/li>\n\n\n\n<li>Pirk\u0117jas, \u012fsigij\u0119s netinkamos kokyb\u0117s Prek\u0119 internetin\u0117je parduotuv\u0117je, turi teis\u0119 reikalauti Pardav\u0117jo kad b\u016bt\u0173 u\u017etikrinta tinkama prek\u0117s kokyb\u0117, proporcingai suma\u017einta prek\u0117s kaina, arba viena\u0161ali\u0161kai nutraukta pirkimo-pardavimo sutartis.<\/li>\n\n\n\n<li>Pardav\u0117jas yra atsakingas vartotojui u\u017e bet koki\u0105 preki\u0173 kokyb\u0117s reikalavim\u0173 neatitikt\u012f prek\u0117s pristatymo momentu.<\/li>\n<\/ol>\n\n\n\n<p>VI. Pirk\u0117jo \u012fsipareigojimai<\/p>\n\n\n\n<ol class=\"wp-block-list\" start=\"27\">\n<li>Pirk\u0117jas privalo sumok\u0117ti u\u017e Prekes ir priimti jas \u0161i\u0173 Taisykli\u0173 nustatyta tvarka.<\/li>\n\n\n\n<li>Jeigu pasikei\u010dia Pirk\u0117jo u\u017esakymo formoje pateikti duomenys, jis privalo nedelsdamas apie juos informuoti Pardav\u0117j\u0105.<\/li>\n\n\n\n<li>Pirk\u0117jas, naudodamasis <a href=\"https:\/\/obuddy.eu\/\">www.obuddy.eu<\/a> internetine parduotuve, \u012fsipareigoja laikytis \u0161i\u0173 Taisykli\u0173, kit\u0173 s\u0105lyg\u0173, ai\u0161kiai nurodyt\u0173 internetin\u0117je parduotuv\u0117je bei nepa\u017eeisti Lietuvos Respublikos teis\u0117s akt\u0173.<\/li>\n<\/ol>\n\n\n\n<p>VII. Pardav\u0117jo teis\u0117s<\/p>\n\n\n\n<ol class=\"wp-block-list\" start=\"30\">\n<li>Pardav\u0117jas turi teis\u0119 savo nuo\u017ei\u016bra nustatyti minimal\u0173 Preki\u0173 krep\u0161elio dyd\u012f, t. y. minimali\u0105 sum\u0105, kuri\u0105 pasiekus bus vykdomas Pirk\u0117jo u\u017esakymas. \u0160ios sumos dydis gali b\u016bti nurodomas per\u017ei\u016brint Preki\u0173 krep\u0161el\u012f.<\/li>\n\n\n\n<li>Jei Pirk\u0117jas bando pakenkti internetin\u0117s parduotuv\u0117s darbo stabilumui ir saugumui ar pa\u017eeid\u017eia savo \u012fsipareigojimus, Pardav\u0117jas turi teis\u0119 nedelsiant ir be persp\u0117jimo apriboti ar sustabdyti jam galimyb\u0119 naudotis internetine parduotuve arba i\u0161skirtiniais atvejais panaikinti Pirk\u0117jo registracij\u0105.<\/li>\n\n\n\n<li>Susidarius svarbioms aplinkyb\u0117ms, Pardav\u0117jas gali laikinai arba i\u0161 viso nutraukti internetin\u0117s parduotuv\u0117s veikl\u0105, apie tai i\u0161 anksto neprane\u0161\u0119 Pirk\u0117jui. Tokiu atveju, visi priimti ir patvirtinti Pirk\u0117j\u0173 u\u017esakymai u\u017ebaigiami vykdyti, o nauji u\u017esakymai nepriimami.<\/li>\n\n\n\n<li>Pardav\u0117jas turi teis\u0119 i\u0161 anksto neprane\u0161\u0119s Pirk\u0117jui anuliuoti jo u\u017esakym\u0105, jeigu Pirk\u0117jas pasirink\u0119s apmok\u0117jim\u0105 banko pavedimu nesumoka u\u017e Prekes.<\/li>\n\n\n\n<li>Pardav\u0117jas gali vykdyti \u012fvairaus pob\u016bd\u017eio rinkodaros akcijas ir i\u0161ankstiniu Pirk\u0117j\u0173 sutikimu juos apie \u0161ias akcijas informuoti informacij\u0105 siun\u010diant Pirk\u0117j\u0173 nurodytais kontaktais. Pardav\u0117jas taip pat turi teis\u0119 bet kada viena\u0161ali\u0161kai, be atskiro \u012fsp\u0117jimo keisti aptariam\u0173 rinkodaros akcij\u0173 s\u0105lygas ir nutraukti jau prad\u0117tas vykdyti akcijas.<\/li>\n\n\n\n<li>Pardav\u0117jas \u012fsipareigoja prekes Pirk\u0117jui pristatyti ne v\u0117liau kaip per 30 dien\u0173 nuo sutarties sudarymo dienos. Pardav\u0117jas d\u0117l svarbi\u0173 prie\u017eas\u010di\u0173 negal\u0117damas laiku ir tinkamai \u012fvykdyti u\u017esakymo per 30 dien\u0173, \u012fsipareigoja nedelsiant informuoti Pirk\u0117j\u0105 apie preki\u0173 pristatymo v\u0117lavim\u0105.<\/li>\n<\/ol>\n\n\n\n<p>VIII. Pardav\u0117jo \u012fsipareigojimai<\/p>\n\n\n\n<ol class=\"wp-block-list\" start=\"36\">\n<li>Pardav\u0117jas \u012fsipareigoja \u0161iose Taisykl\u0117se ir internetin\u0117je parduotuv\u0117je nustatytomis s\u0105lygomis sudaryti Pirk\u0117jui galimyb\u0119 naudotis internetin\u0117s parduotuv\u0117s <a href=\"https:\/\/obuddy.eu\/\">www.obuddy.lt<\/a> teikiamomis paslaugomis.<\/li>\n\n\n\n<li>Pardav\u0117jas \u012fsipareigoja gerbti Pirk\u0117jo privatumo teis\u0119 \u012f jam priklausan\u010di\u0105 asmenin\u0119 informacij\u0105, t. y. Pirk\u0117jo nurodytus Asmens duomenis tvarkyti Lietuvos Respublikos teis\u0117s akt\u0173 nustatyta tvarka.<\/li>\n\n\n\n<li>Pardav\u0117jas \u012fsipareigoja pristatyti Pirk\u0117jo u\u017esakytas Prekes jo nurodytu adresu, nurodytomis s\u0105lygomis.<\/li>\n\n\n\n<li>Pardav\u0117jas, d\u0117l svarbi\u0173 aplinkybi\u0173 negal\u0117damas pristatyti Pirk\u0117jui u\u017esakytos Prek\u0117s, \u012fsipareigoja pasi\u016blyti analogi\u0161k\u0105 ar kiek \u012fmanoma savo savyb\u0117mis pana\u0161esn\u0119 Prek\u0119. Pirk\u0117jui atsisakius priimti analogi\u0161k\u0105 ar savo savyb\u0117mis pana\u0161iausi\u0105 Prek\u0119, Pardav\u0117jas \u012fsipareigoja gr\u0105\u017einti Pirk\u0117jui sumok\u0117tus pinigus per 7-10 (septynias \u2013 de\u0161imt) darbo dien\u0173, jeigu buvo atliktas i\u0161ankstinis apmok\u0117jimas, o jei mok\u0117jimas nebuvo atliktas \u2013 anuliuoti u\u017esakym\u0105.<\/li>\n\n\n\n<li>Pirk\u0117jui gr\u0105\u017einant Prekes, Pardav\u0117jas \u012fsipareigoja gr\u0105\u017einti \u0161io sumok\u0117tus pinigus per 7-10 (septynias \u2013 de\u0161imt) darbo dien\u0173 nuo Preki\u0173 gr\u0105\u017einimo Pardav\u0117jui dienos.<\/li>\n<\/ol>\n\n\n\n<p>IX. Preki\u0173 kainos, apmok\u0117jimo tvarka ir terminai&nbsp;<\/p>\n\n\n\n<ol class=\"wp-block-list\" start=\"41\">\n<li>Preki\u0173 kainos internetin\u0117je parduotuv\u0117je ir suformuotame u\u017esakyme nurodomos eurais su PVM.<\/li>\n\n\n\n<li>Pirk\u0117jas atsiskaito u\u017e Prekes vienu i\u0161 \u0161i\u0173 b\u016bd\u0173:<\/li>\n\n\n\n<li>Naudojantis elektronine bankininkyste;<\/li>\n\n\n\n<li>Atliekant bankin\u012f pavedim\u0105;<\/li>\n\n\n\n<li>OBUDDY dovan\u0173 kuponu.<\/li>\n\n\n\n<li>Pirk\u0117jas, atsiskaitydamas bankiniu pavedimu, \u012fsipareigoja u\u017e Prekes atsiskaityti nedelsdamas. Tik jam sumok\u0117jus bus formuojamas u\u017esakymas.<\/li>\n\n\n\n<li>PVM s\u0105skaitose fakt\u016brose pateikiamos pasirinktos Prek\u0117s, j\u0173 kiekis, suteikiamos nuolaidos, galutin\u0117 Preki\u0173 kaina, \u012fskaitant visus mokes\u010dius, ir kiti buhalterin\u0119 apskait\u0105 reglamentuojan\u010di\u0173 teis\u0117s akt\u0173 patvirtinti b\u016btini pateikti duomenys.<\/li>\n<\/ol>\n\n\n\n<p>X. Preki\u0173 pristatymas<\/p>\n\n\n\n<ol class=\"wp-block-list\" start=\"48\">\n<li>Pirk\u0117jas, u\u017esakydamas Prekes, gali pasirinkti Preki\u0173 pateikimo b\u016bd\u0105, t. y. pasinaudoti Pardav\u0117jo teikiama Preki\u0173 pristatymo paslauga arba Pardav\u0117jo Preki\u0173 atsi\u0117mimo punkte.<\/li>\n<\/ol>\n\n\n\n<p>XI. Preki\u0173 pristatymas Pirk\u0117jo nurodytu adresu:<\/p>\n\n\n\n<ol class=\"wp-block-list\" start=\"49\">\n<li>Pirk\u0117jas, u\u017esakymo metu pasirink\u0119s Preki\u0173 pristatymo paslaug\u0105, \u012fsipareigoja nurodyti tiksli\u0105 Preki\u0173 pristatymo viet\u0105.<\/li>\n\n\n\n<li>Pirk\u0117jas \u012fsipareigoja Prekes priimti pats. Tuo atveju, kai jis Preki\u0173 pats priimti negali, o Prek\u0117s pristatytos nurodytu adresu ir remiantis kitais Pirk\u0117jo pateiktais duomenimis, Pirk\u0117jas neturi teis\u0117s reik\u0161ti Pardav\u0117jui pretenzij\u0173 d\u0117l Preki\u0173 pristatymo netinkamam subjektui.<\/li>\n\n\n\n<li>Prekes pristato Pardav\u0117jas arba jo \u012fgaliotas atstovas.<\/li>\n\n\n\n<li>Pristatymo kaina priklauso nuo Pirk\u0117jo pasirinkto pristatymo b\u016bdo.<\/li>\n\n\n\n<li>Pardav\u0117jas pasilieka teis\u0119 keisti Preki\u0173 pristatymo mokest\u012f ir pirkinio sum\u0105, nuo kurios pristatymas nemokamas. Galiojantys \u012fkainiai yra nurodomi u\u017esakymo formavimo lange taip, kad Pirk\u0117jas turi galimyb\u0119 su jais susipa\u017einti iki patvirtindamas u\u017esakym\u0105.<\/li>\n\n\n\n<li>U\u017esakytas Prekes b\u016btina atsiimti ne v\u0117liau kaip per 21 darbo dien\u0105, skai\u010diuojamas nuo Pardav\u0117jo patvirtinimo, kad u\u017esakymas jau paruo\u0161tas, gavimo momento. Pirk\u0117jui laiku neatsi\u0117mus Preki\u0173, Pardav\u0117jas pasilieka teis\u0119 nutraukti u\u017esakym\u0105 be \u012fsp\u0117jimo ir gr\u0105\u017einti sumok\u0117t\u0105 mok\u0117jim\u0105.<\/li>\n\n\n\n<li>Prekes gali atsiimti tik u\u017esakym\u0105 pateik\u0119s asmuo arba asmuo, nurodytas u\u017esakymo pateikimo metu.<\/li>\n\n\n\n<li>Pardav\u0117jas pateikia Prekes Pirk\u0117jui vadovaudamasis Preki\u0173 apra\u0161ymuose nurodytais terminais. \u0160ie terminai yra preliminar\u016bs, be to netaikomi tais atvejais, kai Pardav\u0117jo sand\u0117lyje n\u0117ra reikiam\u0173 Preki\u0173, o Pirk\u0117jas informuojamas apie jo u\u017esakyt\u0173 Preki\u0173 tr\u016bkum\u0105. Visais atvejais Pardav\u0117jas \u012fsipareigoja Prekes pristatyti ne v\u0117liau kaip per 30 dien\u0173 nuo sutarties sudarymo dienos. Esant i\u0161imtiniais atvejais Preki\u0173 pateikimas gali v\u0117luoti d\u0117l nenumatyt\u0173, nuo Pardav\u0117jo nepriklausan\u010di\u0173 aplinkybi\u0173. Tokiu atveju Pardav\u0117jas \u012fsipareigoja nedelsiant susisiekti su Pirk\u0117ju ir suderinti Preki\u0173 pateikimo s\u0105lygas.<\/li>\n\n\n\n<li>Pardav\u0117jas neatsako u\u017e Preki\u0173 savybi\u0173 poky\u010dius, galin\u010dius atsirasti d\u0117l temperat\u016bros poky\u010dio ar kit\u0173 nuo Pardav\u0117jo nepriklausan\u010di\u0173 aplinkybi\u0173 poveikio, pristatant Prekes Pirk\u0117ju. Pardav\u0117jas taip pat neatsako u\u017e transportavimo metu padaryt\u0105 \u017eal\u0105.<\/li>\n\n\n\n<li>Tais atvejais, kai vartojimo pirkimo\u2013pardavimo sutartyje numatytas daikt\u0173 gabenimas ir Pardav\u0117jas i\u0161siun\u010dia daiktus Pirk\u0117jui, daikt\u0173 atsitiktinio \u017euvimo ar sugedimo rizika pereina Pirk\u0117jui, kai jis ar jo nurodytas asmuo, i\u0161skyrus ve\u017e\u0117j\u0105, priima daiktus. Jeigu daiktai perduodami ve\u017e\u0117jui, kur\u012f pasirinko Pirk\u0117jas, o Pardav\u0117jas nesi\u016bl\u0117 tokio pristatymo, \u0161ioje dalyje numatyta rizika pereina Pirk\u0117jui, kai daiktai perduodami ve\u017e\u0117jui.<\/li>\n\n\n\n<li>Visais atvejais Pardav\u0117jas atleid\u017eiamas nuo atsakomyb\u0117s u\u017e Preki\u0173 pateikimo termin\u0173 pa\u017eeidim\u0105, jeigu Prek\u0117s Pirk\u0117jui n\u0117ra pateikiamos arba pateikiamos ne laiku d\u0117l Pirk\u0117jo kalt\u0117s arba d\u0117l nuo Pirk\u0117jo priklausan\u010di\u0173 aplinkybi\u0173.<\/li>\n\n\n\n<li>Preki\u0173 pateikimo Pirk\u0117jui metu Pirk\u0117jas privalo kartu su Pardav\u0117ju arba jo \u012fgaliotu atstovu patikrinti siuntos ir Prek\u0117s(-i\u0173) b\u016bkl\u0119 bei pasira\u0161yti siuntos perdavimo \u2013 pri\u0117mimo dokument\u0105. Pirk\u0117jui pasira\u0161ius siuntos perdavimo \u2013 pri\u0117mimo dokumente, laikoma, kad siunta yra perduota tinkamos b\u016bkl\u0117s, Preki\u0173 pa\u017eeidim\u0173, kuri\u0173 atsiradimo pagrindas priskirtinas ne gamykliniam brokui, bei Prek\u0117s(-i\u0173) komplektacijos neatitikim\u0173 (toki\u0173, kuriuos galima nustatyti i\u0161orin\u0117s Preki\u0173 ap\u017ei\u016bros metu) n\u0117ra. Pasteb\u0117j\u0119s, kad pateiktos siuntos pakuot\u0117 pa\u017eeista (suglam\u017eyta, \u0161lapia ar kitaip i\u0161ori\u0161kai pa\u017eeista), Prek\u0117(-\u0117s) yra pa\u017eeista(-os) ir\/ar Prek\u0117(-\u0117s) yra netinkamos komplektacijos, Pirk\u0117jas privalo tai pa\u017eym\u0117ti siuntos perdavimo \u2013 pri\u0117mimo dokumente.<\/li>\n<\/ol>\n\n\n\n<p>XII. Preki\u0173 gr\u0105\u017einimas ir keitimas<\/p>\n\n\n\n<ol class=\"wp-block-list\" start=\"61\">\n<li><a href=\"https:\/\/obuddy.eu\/\">www.obuddy.eu<\/a> \u012fsigytos Prek\u0117s gr\u0105\u017einamos ir\/ar kei\u010diamos vadovaujantis Lietuvos Respublikos civilinio kodekso 6.362 ir 6.363 straipsniais, taip pat Lietuvos Respublikos Vyriausyb\u0117s 2014 m. liepos 22 d. nutarimu Nr.738 patvirtintomis \u201eMa\u017emenin\u0117s prekybos taisykl\u0117mis\u201c.<\/li>\n\n\n\n<li>Nor\u0117damas gr\u0105\u017einti kokybi\u0161k\u0105 Prek\u0119(-es), Pirk\u0117jas apie tai Pardav\u0117jui turi prane\u0161ti ra\u0161tu (el. pa\u0161tu hello@obuddy.eu)<\/li>\n\n\n\n<li>Pirk\u0117jas turi teis\u0119 per 14 dien\u0173 nuo preki\u0173 pristatymo arba atsi\u0117mimo dienos gr\u0105\u017einti Prekes, kuri\u0173 prekin\u0117 i\u0161vaizda ir (ar) pakuot\u0117 yra nepa\u017eeista, prie\u0161 tai ra\u0161tu informav\u0119s Pardav\u0117j\u0105.<\/li>\n\n\n\n<li>Pardav\u0117jas turi teis\u0119 atsisakyti priimti Prekes, kurios buvo i\u0161pakuotos po pristatymo ir yra netinkamos gr\u0105\u017einti d\u0117l sveikatos apsaugos ar higienos prie\u017eas\u010di\u0173, arba Prek\u0117s negali b\u016bti gr\u0105\u017eintos kitais Lietuvos Respublikos teis\u0117s akt\u0173 nustatytais atvejais. Pirk\u0117jas privalo u\u017etikrinti, kad gr\u0105\u017einam\u0173 Preki\u0173 kokyb\u0117, pakuot\u0117 ir atitikimas saugumo ir higienos reikalavimams nepasikeist\u0173.<\/li>\n\n\n\n<li>Pardav\u0117jas turi teis\u0119 atsisakyti priimti Pirk\u0117jo gr\u0105\u017einamas ar kei\u010diamas Prekes \u0161i\u0173 Taisykli\u0173 58 punkte numatytais atvejais, taip pat, jei nustatoma, kad Prek\u0117s pa\u017eeistos, nuimtos ir\/ arba pa\u017eeistos etiket\u0117s, nupl\u0117\u0161ta apsaugin\u0117 pl\u0117vel\u0117, sugadinta pakuot\u0117 ir kt. ir\/ arba Prek\u0117s buvo naudojamos.<\/li>\n\n\n\n<li>Pasinaudojus Preki\u0173 gr\u0105\u017einimo teise, i\u0161laidas u\u017e Preki\u0173 gr\u0105\u017einim\u0105 apmoka Pirk\u0117jas.<\/li>\n\n\n\n<li>Pardav\u0117jas n\u0117ra atsakingas u\u017e Preki\u0173 kokyb\u0117s pablog\u0117jim\u0105, jei Pirk\u0117jas ar asmenys, kuriems Pirk\u0117jas perdav\u0117 Prekes, jas naudojo ne tiems tikslams, kuriems tokios Prek\u0117s yra paprastai naudojamos, nesilaik\u0117 instrukcijose nurodyt\u0173 reikalavim\u0173, pa\u017eeid\u0117 Preki\u0173 gabenimo, laikymo, naudojimo ir\/ar sand\u0117liavimo taisykles, taip pat, jeigu matomi Preki\u0173 \u012fpakavimo ir kiti i\u0161oriniai defektai, ra\u0161tu neaptarti Preki\u0173 perdavimo metu, ar Preki\u0173 kokyb\u0117s pablog\u0117jimas yra d\u0117l Pirk\u0117jo ar kit\u0173 asmen\u0173, kuriems Pirk\u0117jas perdav\u0117 Prekes, veiksm\u0173.<\/li>\n\n\n\n<li>Pinigai u\u017e gr\u0105\u017eintas Prekes visais atvejais pervedami mok\u0117jimo pavedimu ir tik \u012f mok\u0117tojo banko s\u0105skait\u0105.<\/li>\n<\/ol>\n\n\n\n<p>XIII. Atsakomyb\u0117<\/p>\n\n\n\n<ol class=\"wp-block-list\" start=\"69\">\n<li>Pirk\u0117jas yra visi\u0161kai atsakingas u\u017e jo pateikiam\u0173 Asmens duomen\u0173 teisingum\u0105. Jei Pirk\u0117jas nepateikia tiksli\u0173 Asmens duomen\u0173, Pardav\u0117jas neatsako u\u017e d\u0117l to atsiradusius padarinius ir \u012fgyja teis\u0119 reikalauti i\u0161 Pirk\u0117jo patirt\u0173 tiesiogini\u0173 nuostoli\u0173 atlyginimo.<\/li>\n\n\n\n<li>Pirk\u0117jas atsako u\u017e veiksmus, atliktus naudojantis \u0161ia internetine parduotuve.<\/li>\n\n\n\n<li>U\u017esiregistrav\u0119s Pirk\u0117jas atsako u\u017e savo prisijungimo duomen\u0173 perdavim\u0105 tretiesiems asmenims. Jei MB Retail bees teikiamomis paslaugomis naudojasi tre\u010diasis asmuo, prisijung\u0119s prie internetin\u0117s parduotuv\u0117s naudodamasis Pirk\u0117jo prisijungimo duomenimis, Pardav\u0117jas \u0161\u012f asmen\u012f laiko Pirk\u0117ju.<\/li>\n\n\n\n<li>Pardav\u0117jas atleid\u017eiamas nuo bet kokios atsakomyb\u0117s tais atvejais, kai nuostoliai kyla d\u0117l to, jog Pirk\u0117jas, neatsi\u017evelgdamas \u012f Pardav\u0117jo rekomendacijas ir savo \u012fsipareigojimus, nesusipa\u017eino su \u0161iomis Taisykl\u0117mis, nors tokia galimyb\u0117 jam buvo suteikta.<\/li>\n\n\n\n<li>Jei Pardav\u0117jo internetin\u0117je parduotuv\u0117je yra nuorodos \u012f kit\u0173 \u012fmoni\u0173, \u012fstaig\u0173, organizacij\u0173 ar asmen\u0173 tinklapius, Pardav\u0117jas n\u0117ra atsakingas u\u017e ten esan\u010di\u0105 informacij\u0105 ar vykdom\u0105 veikl\u0105, t\u0173 tinklapi\u0173 nepri\u017ei\u016bri, nekontroliuoja ir toms \u012fmon\u0117ms bei asmenims neatstovauja.<\/li>\n<\/ol>\n\n\n\n<p>XIV. Apsikeitimas informacija<\/p>\n\n\n\n<ol class=\"wp-block-list\" start=\"74\">\n<li>Pardav\u0117jas visus prane\u0161imus siun\u010dia Taisykl\u0117se numatyta tvarka Pirk\u0117jo pateiktu elektroninio pa\u0161to adresu.<\/li>\n\n\n\n<li>Pirk\u0117jas visus prane\u0161imus ir klausimus siun\u010dia Pardav\u0117jo internetin\u0117je parduotuv\u0117je nurodytomis susisiekimo priemon\u0117mis.<\/li>\n\n\n\n<li>Taisykl\u0117se vartojama s\u0105voka&nbsp;\u201era\u0161tu\u201c&nbsp;apima ir elektroninius lai\u0161kus.<\/li>\n<\/ol>\n\n\n\n<p>XV. Baigiamosios nuostatos<\/p>\n\n\n\n<ol class=\"wp-block-list\" start=\"77\">\n<li>\u0160ios Taisykl\u0117s sudarytos vadovaujantis LR teis\u0117s aktais.<\/li>\n\n\n\n<li>\u0160i\u0173 Taisykli\u0173 pagrindu kylantiems santykiams taikoma LR teis\u0117.<\/li>\n\n\n\n<li>Visi nesutarimai, kil\u0119 d\u0117l \u0161i\u0173 Taisykli\u0173 vykdymo, sprend\u017eiami deryb\u0173 b\u016bdu. Nepavykus susitarti, gin\u010dai sprend\u017eiami LR \u012fstatym\u0173 nustatyta tvarka, pagal Pardav\u0117jo buvein\u0117s viet\u0105.<\/li>\n\n\n\n<li>Pirk\u0117jas neturi teis\u0117s perleisti ar perduoti vis\u0173 ar dalies teisi\u0173 ir \u012fsipareigojim\u0173, kylan\u010di\u0173 i\u0161 \u0161i\u0173 Taisykli\u0173, tre\u010diajam asmeniui ar asmenims be Pardav\u0117jo ra\u0161ytinio sutikimo.<\/li>\n\n\n\n<li>Tuo atveju, jei Pirk\u0117jas nesutinka su Pardav\u0117jo parengtu ir <a href=\"https:\/\/obuddy.eu\/\">www.obuddy.eu<\/a> perduotu atsakymu \u012f Pirk\u0117jo ra\u0161ytin\u0119 pretenzij\u0105, savo pra\u0161ym\u0105\/skund\u0105 d\u0117l <a href=\"https:\/\/obuddy.eu\/\">www.obuddy.eu<\/a> \u012fsigytos Prek\u0117s i\u0161 Pardav\u0117jo Pirk\u0117jas (fizinis asmuo, vartotojas) gali pateikti Valstybinei vartotoj\u0173 teisi\u0173 apsaugos tarnybai (Vilniaus g. 25, 01402 Vilnius, el.p.&nbsp;tarnyba@vvtat.lt, tel. 85 262 67 51, faks. (85) 279 1466, interneto svetain\u0117je www.vvtat.lt (taip pat Valstybin\u0117s vartotoj\u0173 teisi\u0173 apsaugos tarnybos teritoriniams padaliniams apskrityse) \u2013 ar u\u017epildyti pra\u0161ymo form\u0105 EGS platformoje https:\/\/ec.europa.eu\/odr\/.<\/li>\n<\/ol>\n","protected":false},"excerpt":{"rendered":"<p>I. S\u0105vokos II. Bendrosios nuostatos III. Privatumo politika IV. Prek\u0117s V. Pirk\u0117jo teis\u0117s VI. Pirk\u0117jo \u012fsipareigojimai VII. Pardav\u0117jo teis\u0117s VIII. Pardav\u0117jo \u012fsipareigojimai IX. Preki\u0173 kainos, apmok\u0117jimo tvarka ir terminai&nbsp; X. Preki\u0173 pristatymas XI. Preki\u0173 pristatymas Pirk\u0117jo nurodytu adresu: XII. Preki\u0173 gr\u0105\u017einimas ir keitimas XIII. Atsakomyb\u0117 XIV. Apsikeitimas informacija XV. Baigiamosios nuostatos<\/p>\n","protected":false},"author":1,"featured_media":0,"parent":0,"menu_order":0,"comment_status":"closed","ping_status":"closed","template":"","meta":{"footnotes":""},"class_list":["post-1624","page","type-page","status-publish","hentry"],"blocksy_meta":"","aioseo_notices":[],"_links":{"self":[{"href":"https:\/\/obuddy.eu\/lt\/wp-json\/wp\/v2\/pages\/1624","targetHints":{"allow":["GET"]}}],"collection":[{"href":"https:\/\/obuddy.eu\/lt\/wp-json\/wp\/v2\/pages"}],"about":[{"href":"https:\/\/obuddy.eu\/lt\/wp-json\/wp\/v2\/types\/page"}],"author":[{"embeddable":true,"href":"https:\/\/obuddy.eu\/lt\/wp-json\/wp\/v2\/users\/1"}],"replies":[{"embeddable":true,"href":"https:\/\/obuddy.eu\/lt\/wp-json\/wp\/v2\/comments?post=1624"}],"version-history":[{"count":0,"href":"https:\/\/obuddy.eu\/lt\/wp-json\/wp\/v2\/pages\/1624\/revisions"}],"wp:attachment":[{"href":"https:\/\/obuddy.eu\/lt\/wp-json\/wp\/v2\/media?parent=1624"}],"curies":[{"name":"wp","href":"https:\/\/api.w.org\/{rel}","templated":true}]}}