{"id":3429,"date":"2024-06-27T20:58:23","date_gmt":"2024-06-27T17:58:23","guid":{"rendered":"https:\/\/obuddy.eu\/?page_id=3429"},"modified":"2024-06-27T21:01:02","modified_gmt":"2024-06-27T18:01:02","slug":"prekiu-pristatymas","status":"publish","type":"page","link":"https:\/\/obuddy.eu\/en\/prekiu-pristatymas\/","title":{"rendered":"Shipping Conditions"},"content":{"rendered":"<p><\/p>\n\n\n\n<p>All items are prepared for shipment within 1\u20132 business days. 99% of all orders are ready for shipment within one business day.<br>In the event of unforeseen circumstances that may delay shipping, we will notify you via email.<\/p>\n\n\n\n<ul class=\"wp-block-list\">\n<li><strong>LP EXPRESS PARCEL LOCKER.<\/strong>Orders are delivered within 1\u20133 business days. Once the parcel is delivered to the locker, the recipient will be notified via SMS and email with a code to open the locker.&nbsp;&nbsp;<br><br><\/li>\n\n\n\n<li><strong>OMNIVA PARCEL LOCKER.<\/strong>&nbsp; Orders are delivered within 1\u20133 business days. Once the parcel is delivered to the locker, the recipient will be notified via SMS and email with a code to open the locker.&nbsp;<br>* If the parcel locker you select is marked as \"FULL,\" we recommend choosing a different locker.&nbsp;&nbsp;<br><br><\/li>\n\n\n\n<li><strong>DPD PARCEL LOCKER.<\/strong>Orders are delivered within 1\u20133 business days. Once the parcel is delivered to the locker, the recipient will be notified via SMS and email with a code to open the locker. Parcels are stored in the locker for 3 days.<\/li>\n<\/ul>\n\n\n\n<ul class=\"wp-block-list\">\n<li><strong>DPD COURIER.<\/strong>&nbsp; Orders are delivered within 1\u20133 business days. The courier will contact you via the provided phone number before delivery.\n\u2022\tThe delivery time for parcels to countries outside of Lithuania, Latvia, and Estonia may vary depending on the courier chosen.\n\u2022\tFor deliveries to countries outside of Lithuania, Latvia, and Estonia, the service is door-to-door.<\/li>\n<\/ul>\n\n\n\n<p>Orders are not delivered on weekends or public holidays!&nbsp;<\/p>\n\n\n\n<p>Your order may be delivered in multiple shipments. <strong>IMPORTANT!<\/strong>&nbsp;Due to unforeseen circumstances such as increased shipment volumes during holiday periods (Christmas, Easter, etc.), carrier logistics errors, or other factors, delivery may be delayed. If the seller is aware of any delays, you will be notified via email.<\/p>","protected":false},"excerpt":{"rendered":"<p>Visos prek\u0117s paruo\u0161iamos i\u0161siuntimui per 1-2 darbo dienas. 99% vis\u0173 siunt\u0173 paruo\u0161iame i\u0161siuntimui per vien\u0105 darbo dien\u0105.\u012evykus nenumatytiems atvejams ir suprantant, jog preki\u0173 nepavyks i\u0161si\u0173sti laiku, informuosime el. pa\u0161tu. Savaitgaliais ir valstybini\u0173 \u0161ven\u010di\u0173 dienomis u\u017esakymai n\u0117ra pristatomi!&nbsp; J\u016bs\u0173 u\u017esakymas&nbsp;gali&nbsp;b\u016bti&nbsp;pristatytas keliomis siuntomis. SVARBU!&nbsp;D\u0117l nenumatyt\u0173 aplinkybi\u0173, kaip padid\u0117jusio siunt\u0173 kiekio&nbsp;\u0161ventiniais periodais (Kal\u0117dos, Velykos ir pan.), ve\u017e\u0117jo logistikos klaidos ar kt., siuntos pristatymas gali v\u0117luoti. Jeigu informacija apie siuntos v\u0117lavim\u0105 pardav\u0117jui yra \u017einoma, informuosime el. pa\u0161tu.<\/p>","protected":false},"author":1,"featured_media":0,"parent":0,"menu_order":0,"comment_status":"closed","ping_status":"closed","template":"","meta":{"footnotes":""},"class_list":["post-3429","page","type-page","status-publish","hentry"],"blocksy_meta":"","aioseo_notices":[],"_links":{"self":[{"href":"https:\/\/obuddy.eu\/en\/wp-json\/wp\/v2\/pages\/3429","targetHints":{"allow":["GET"]}}],"collection":[{"href":"https:\/\/obuddy.eu\/en\/wp-json\/wp\/v2\/pages"}],"about":[{"href":"https:\/\/obuddy.eu\/en\/wp-json\/wp\/v2\/types\/page"}],"author":[{"embeddable":true,"href":"https:\/\/obuddy.eu\/en\/wp-json\/wp\/v2\/users\/1"}],"replies":[{"embeddable":true,"href":"https:\/\/obuddy.eu\/en\/wp-json\/wp\/v2\/comments?post=3429"}],"version-history":[{"count":0,"href":"https:\/\/obuddy.eu\/en\/wp-json\/wp\/v2\/pages\/3429\/revisions"}],"wp:attachment":[{"href":"https:\/\/obuddy.eu\/en\/wp-json\/wp\/v2\/media?parent=3429"}],"curies":[{"name":"wp","href":"https:\/\/api.w.org\/{rel}","templated":true}]}}