{"id":3421,"date":"2024-06-27T20:47:24","date_gmt":"2024-06-27T17:47:24","guid":{"rendered":"https:\/\/obuddy.eu\/?page_id=3421"},"modified":"2025-06-10T15:34:32","modified_gmt":"2025-06-10T12:34:32","slug":"garantija","status":"publish","type":"page","link":"https:\/\/obuddy.eu\/en\/garantija\/","title":{"rendered":"Garantija"},"content":{"rendered":"<p><\/p>\n\n\n\n<p class=\" translation-block\">We hold our products to the highest quality standards. All items purchased from obuddy.eu come with a warranty against manufacturing defects, as well as a <strong>24-month warranty on zippers and seams of the bed covers<\/strong>.<br>\n<br>The warranty on zippers and seams does not apply in the following cases:<\/p>\n\n\n\n<ul class=\"wp-block-list\">\n<li>If the product has been used for unintended purposes or not in accordance with the manufacturer's recommendations, or if the product has been damaged due to the actions of the buyer, third parties, or environmental factors.<\/li>\n\n\n\n<li>For damage caused by rough behaviour from animals, such as biting, scratching, excessive digging, etc.<\/li>\n\n\n\n<li>If the washing instructions on the label have not been followed.<\/li>\n\n\n\n<li>If the product has been used for commercial purposes.<\/li>\n<\/ul>\n\n\n\n<p><strong>Orthopaedic bed mattress come with a 5-year warranty against the mattress shrinking more than 10% from the declared thickness. <\/strong><\/p>\n\n\n\n<p>The warranty on mattresses does not apply under the following conditions:<\/p>\n\n\n\n<ul class=\"wp-block-list\">\n<li>Due to the softness of materials used in the manufacturing process, the mattress length, width, and height may vary by up to 1.5 cm from the declared dimensions. This does not affect the mattress properties.<\/li>\n\n\n\n<li>Mattresses may have a specific odour due to the materials used, which will dissipate over time with ventilation. Sensitive individuals may notice the odour for a longer period. There is no cause for concern - only certified materials that are safe for health are used in mattress production.<\/li>\n\n\n\n<li>High-pressure areas of the mattress may become indented with use. A deformation of up to 10% of the mattress height does not affect the mattress properties.<\/li>\n\n\n\n<li>If the product has been used for unintended purposes or not in accordance with the manufacturer's recommendations, or if the product has been damaged due to the actions of the buyer, third parties, or environmental factors.<\/li>\n<\/ul>\n\n\n\n<p class=\" translation-block\">For any warranty-related questions, please contact us at hello@obuddy.eu, and our friendly team will answer all your queries.\nIn the event of a warranty claim, we will repair the product component (cover, mattress, or other part). If repair is not possible, we will replace the component with a new one. If we no longer manufacture or have the item in stock and do not plan to do so in the near future, we will replace it with a product of similar properties, functions, and price.<\/p>\n\n\n\n<p>Shipping costs related to warranty claims are covered by the seller.&nbsp;<\/p>","protected":false},"excerpt":{"rendered":"<p>Savo produktams keliame auk\u0161\u010diausius kokyb\u0117s reikalavimus.Visoms obuddy.eu \u012fsigytoms prek\u0117ms taikoma garantija gamykliniams defektams, bei 24 m\u0117n. garantija guoli\u0173 u\u017evalkal\u0173 u\u017etrauktukams ir si\u016bl\u0117ms. Garantija u\u017etrauktukams ir si\u016bl\u0117ms netaikoma: Ortopedini\u0173 guoli\u0173 \u010diu\u017einiams taikoma 5 met\u0173 garantija, jog \u010diu\u017einys nesuplon\u0117s daugiau nei 10% nuo deklaruojamo \u010diu\u017einio storio. Garantija \u010diu\u017einiams netaikoma esant \u017eemiau apra\u0161ytomis s\u0105lygomis: Kilus klausimams d\u0117l garantijos ra\u0161ykite labas@obuddy.eu, m\u016bs\u0173 draugi\u0161ka komanda atsakys jums \u012f visus klausimus. Esant garantiniam atvejui, prek\u0117s komponent\u0105\/dal\u012f (u\u017evalkal\u0105, \u010diu\u017ein\u012f ar kit\u0105 dal\u012f) sutaisysime. Nesant galimybei sutaisyti, prek\u0117s komponent\u0105\/dal\u012f pakeisime \u012f nauj\u0105. Jeigu tokios prek\u0117s nebegaminame arba neturime sand\u0117lyje ir artimu metu neplanuojame tur\u0117ti, prek\u0119 pakeisime \u012f analogi\u0161kas\u2026<\/p>","protected":false},"author":1,"featured_media":0,"parent":0,"menu_order":0,"comment_status":"closed","ping_status":"closed","template":"","meta":{"footnotes":"[]"},"class_list":["post-3421","page","type-page","status-publish","hentry"],"blocksy_meta":"","aioseo_notices":[],"_links":{"self":[{"href":"https:\/\/obuddy.eu\/en\/wp-json\/wp\/v2\/pages\/3421","targetHints":{"allow":["GET"]}}],"collection":[{"href":"https:\/\/obuddy.eu\/en\/wp-json\/wp\/v2\/pages"}],"about":[{"href":"https:\/\/obuddy.eu\/en\/wp-json\/wp\/v2\/types\/page"}],"author":[{"embeddable":true,"href":"https:\/\/obuddy.eu\/en\/wp-json\/wp\/v2\/users\/1"}],"replies":[{"embeddable":true,"href":"https:\/\/obuddy.eu\/en\/wp-json\/wp\/v2\/comments?post=3421"}],"version-history":[{"count":0,"href":"https:\/\/obuddy.eu\/en\/wp-json\/wp\/v2\/pages\/3421\/revisions"}],"wp:attachment":[{"href":"https:\/\/obuddy.eu\/en\/wp-json\/wp\/v2\/media?parent=3421"}],"curies":[{"name":"wp","href":"https:\/\/api.w.org\/{rel}","templated":true}]}}