{"id":1039,"date":"2021-12-21T20:12:56","date_gmt":"2021-12-21T18:12:56","guid":{"rendered":"https:\/\/demo.creativethemes.com\/elementor\/homi\/?page_id=1039"},"modified":"2023-11-05T11:18:58","modified_gmt":"2023-11-05T09:18:58","slug":"apie-mus","status":"publish","type":"page","link":"https:\/\/obuddy.eu\/en\/about-us\/","title":{"rendered":"About Us"},"content":{"rendered":"<div data-elementor-type=\"wp-page\" data-elementor-id=\"1039\" class=\"elementor elementor-1039\">\n\t\t\t\t\t\t\t\t\t<section class=\"elementor-section elementor-top-section elementor-element elementor-element-685d4132 elementor-section-boxed elementor-section-height-default elementor-section-height-default\" data-id=\"685d4132\" data-element_type=\"section\">\n\t\t\t\t\t\t<div class=\"elementor-container elementor-column-gap-default\">\n\t\t\t\t\t<div class=\"elementor-column elementor-col-100 elementor-top-column elementor-element elementor-element-45dea4e4\" data-id=\"45dea4e4\" data-element_type=\"column\">\n\t\t\t<div class=\"elementor-widget-wrap elementor-element-populated\">\n\t\t\t\t\t\t\t\t<div class=\"elementor-element elementor-element-77366620 elementor-invisible elementor-widget elementor-widget-text-editor\" data-id=\"77366620\" data-element_type=\"widget\" data-settings=\"{&quot;_animation&quot;:&quot;fadeInUp&quot;}\" data-widget_type=\"text-editor.default\">\n\t\t\t\t<div class=\"elementor-widget-container\">\n\t\t\t<style>\/*! elementor - v3.17.0 - 01-11-2023 *\/\n.elementor-widget-text-editor.elementor-drop-cap-view-stacked .elementor-drop-cap{background-color:#69727d;color:#fff}.elementor-widget-text-editor.elementor-drop-cap-view-framed .elementor-drop-cap{color:#69727d;border:3px solid;background-color:transparent}.elementor-widget-text-editor:not(.elementor-drop-cap-view-default) .elementor-drop-cap{margin-top:8px}.elementor-widget-text-editor:not(.elementor-drop-cap-view-default) .elementor-drop-cap-letter{width:1em;height:1em}.elementor-widget-text-editor .elementor-drop-cap{float:left;text-align:center;line-height:1;font-size:50px}.elementor-widget-text-editor .elementor-drop-cap-letter{display:inline-block}<\/style>\t\t\t\t<p><span lang=\"lt-LT\">Since childhood, we've loved dogs and spent a lot of time with our pets, so it's probably not surprising that we pay special attention to providing ultimate care for them and ensuring their well-being. Over time, we encountered a challenge in finding high-quality beds that would be comfortable and cosy for our beloved friends, easy to maintain, and made from durable, high-quality materials. It proved to be quite difficult to find products on the market that meet our quality standards!<\/span><\/p><p><span lang=\"lt-LT\">One day, we realized that being unable to find the right product, we could create it ourselves, thus filling this niche and offering a high-quality product focused on pet well-being. This is how\u00a0<\/span><span lang=\"lt-LT\"><b>O.buddy<\/b><\/span><span lang=\"lt-LT\">\u00a0brand was born, catering to everyone looking for high-quality, stylish, easy-to-maintain, and durable products for their playful family members.<\/span>\u00a0<span lang=\"lt-LT\">.<\/span><\/p><p><span lang=\"lt-LT\">At present, our assortment consists of high-quality orthopedic dog beds, providing comprehensive comfort and preventive benefits for the health of the pets. We also offer cosy and playful donut-shaped beds, resembling a safe haven for a small (or feeling-small) puppy.<\/span><\/p><p><span lang=\"lt-LT\">We perfected each product until we were confident that the quality fully met our expectations and pleased our own pets. Now, we want to share our uniquely crafted products with everyone who wishes to provide their loyal friends with the very best.<\/span><\/p>\t\t\t\t\t\t<\/div>\n\t\t\t\t<\/div>\n\t\t\t\t<div class=\"elementor-element elementor-element-436bee95 elementor-invisible elementor-widget elementor-widget-heading\" data-id=\"436bee95\" data-element_type=\"widget\" data-settings=\"{&quot;_animation&quot;:&quot;fadeInUp&quot;}\" data-widget_type=\"heading.default\">\n\t\t\t\t<div class=\"elementor-widget-container\">\n\t\t\t<style>\/*! elementor - v3.17.0 - 01-11-2023 *\/\n.elementor-heading-title{padding:0;margin:0;line-height:1}.elementor-widget-heading .elementor-heading-title[class*=elementor-size-]>a{color:inherit;font-size:inherit;line-height:inherit}.elementor-widget-heading .elementor-heading-title.elementor-size-small{font-size:15px}.elementor-widget-heading .elementor-heading-title.elementor-size-medium{font-size:19px}.elementor-widget-heading .elementor-heading-title.elementor-size-large{font-size:29px}.elementor-widget-heading .elementor-heading-title.elementor-size-xl{font-size:39px}.elementor-widget-heading .elementor-heading-title.elementor-size-xxl{font-size:59px}<\/style><h2 class=\"elementor-heading-title elementor-size-default\"> Elinga and Marius\n\n<\/h2>\t\t<\/div>\n\t\t\t\t<\/div>\n\t\t\t\t\t<\/div>\n\t\t<\/div>\n\t\t\t\t\t\t\t<\/div>\n\t\t<\/section>\n\t\t\t\t<section class=\"elementor-section elementor-top-section elementor-element elementor-element-253ff2d3 elementor-section-boxed elementor-section-height-default elementor-section-height-default\" data-id=\"253ff2d3\" data-element_type=\"section\">\n\t\t\t\t\t\t<div class=\"elementor-container elementor-column-gap-default\">\n\t\t\t\t\t<div class=\"elementor-column elementor-col-100 elementor-top-column elementor-element elementor-element-c8bcf81 animated-fast elementor-invisible\" data-id=\"c8bcf81\" data-element_type=\"column\" data-settings=\"{&quot;animation&quot;:&quot;opal-move-right&quot;}\">\n\t\t\t<div class=\"elementor-widget-wrap elementor-element-populated\">\n\t\t\t\t\t\t\t\t<div class=\"elementor-element elementor-element-4301a7d elementor-invisible elementor-widget elementor-widget-image\" data-id=\"4301a7d\" data-element_type=\"widget\" data-settings=\"{&quot;_animation&quot;:&quot;fadeInLeft&quot;}\" data-widget_type=\"image.default\">\n\t\t\t\t<div class=\"elementor-widget-container\">\n\t\t\t<style>\/*! elementor - v3.17.0 - 01-11-2023 *\/\n.elementor-widget-image{text-align:center}.elementor-widget-image a{display:inline-block}.elementor-widget-image a img[src$=\".svg\"]{width:48px}.elementor-widget-image img{vertical-align:middle;display:inline-block}<\/style>\t\t\t\t\t\t\t\t\t\t\t\t<img decoding=\"async\" width=\"1400\" height=\"1000\" data-src=\"https:\/\/obuddy.eu\/wp-content\/uploads\/2023\/11\/Untitled-1400-x-1000-px-1.webp\" class=\"attachment-full size-full wp-image-2342 lazyload\" alt=\"\" data-srcset=\"https:\/\/obuddy.eu\/wp-content\/uploads\/2023\/11\/Untitled-1400-x-1000-px-1.webp 1400w, https:\/\/obuddy.eu\/wp-content\/uploads\/2023\/11\/Untitled-1400-x-1000-px-1-300x214.webp 300w, https:\/\/obuddy.eu\/wp-content\/uploads\/2023\/11\/Untitled-1400-x-1000-px-1-1024x731.webp 1024w, https:\/\/obuddy.eu\/wp-content\/uploads\/2023\/11\/Untitled-1400-x-1000-px-1-768x549.webp 768w, https:\/\/obuddy.eu\/wp-content\/uploads\/2023\/11\/Untitled-1400-x-1000-px-1-500x357.webp 500w, https:\/\/obuddy.eu\/wp-content\/uploads\/2023\/11\/Untitled-1400-x-1000-px-1-600x429.webp 600w\" data-sizes=\"auto, (max-width: 1400px) 100vw, 1400px\" src=\"data:image\/gif;base64,R0lGODlhAQABAAAAACH5BAEKAAEALAAAAAABAAEAAAICTAEAOw==\" style=\"--smush-placeholder-width: 1400px; --smush-placeholder-aspect-ratio: 1400\/1000;\" \/>\t\t\t\t\t\t\t\t\t\t\t\t\t\t\t<\/div>\n\t\t\t\t<\/div>\n\t\t\t\t\t<\/div>\n\t\t<\/div>\n\t\t\t\t\t\t\t<\/div>\n\t\t<\/section>\n\t\t\t\t<section class=\"elementor-section elementor-top-section elementor-element elementor-element-9784267 elementor-hidden-desktop elementor-hidden-tablet elementor-hidden-mobile elementor-section-boxed elementor-section-height-default elementor-section-height-default\" data-id=\"9784267\" data-element_type=\"section\">\n\t\t\t\t\t\t<div class=\"elementor-container elementor-column-gap-default\">\n\t\t\t\t\t<div class=\"elementor-column elementor-col-50 elementor-top-column elementor-element elementor-element-9e474fc animated-fast elementor-invisible\" data-id=\"9e474fc\" data-element_type=\"column\" data-settings=\"{&quot;animation&quot;:&quot;opal-move-right&quot;}\">\n\t\t\t<div class=\"elementor-widget-wrap elementor-element-populated\">\n\t\t\t\t\t\t\t\t<div class=\"elementor-element elementor-element-52c318b elementor-invisible elementor-widget elementor-widget-image\" data-id=\"52c318b\" data-element_type=\"widget\" data-settings=\"{&quot;_animation&quot;:&quot;fadeInLeft&quot;}\" data-widget_type=\"image.default\">\n\t\t\t\t<div class=\"elementor-widget-container\">\n\t\t\t\t\t\t\t\t\t\t\t\t\t\t\t<img decoding=\"async\" width=\"560\" height=\"400\" data-src=\"https:\/\/obuddy.eu\/wp-content\/uploads\/2023\/11\/1-2.webp\" class=\"attachment-large size-large wp-image-2137 lazyload\" alt=\"\" data-srcset=\"https:\/\/obuddy.eu\/wp-content\/uploads\/2023\/11\/1-2.webp 560w, https:\/\/obuddy.eu\/wp-content\/uploads\/2023\/11\/1-2-300x214.webp 300w, https:\/\/obuddy.eu\/wp-content\/uploads\/2023\/11\/1-2-500x357.webp 500w\" data-sizes=\"auto, (max-width: 560px) 100vw, 560px\" src=\"data:image\/gif;base64,R0lGODlhAQABAAAAACH5BAEKAAEALAAAAAABAAEAAAICTAEAOw==\" style=\"--smush-placeholder-width: 560px; --smush-placeholder-aspect-ratio: 560\/400;\" \/>\t\t\t\t\t\t\t\t\t\t\t\t\t\t\t<\/div>\n\t\t\t\t<\/div>\n\t\t\t\t\t<\/div>\n\t\t<\/div>\n\t\t\t\t<div class=\"elementor-column elementor-col-50 elementor-top-column elementor-element elementor-element-fa45186 animated-fast elementor-invisible\" data-id=\"fa45186\" data-element_type=\"column\" data-settings=\"{&quot;animation&quot;:&quot;opal-move-left&quot;}\">\n\t\t\t<div class=\"elementor-widget-wrap elementor-element-populated\">\n\t\t\t\t\t\t\t\t<div class=\"elementor-element elementor-element-ffd002a elementor-invisible elementor-widget elementor-widget-image\" data-id=\"ffd002a\" data-element_type=\"widget\" data-settings=\"{&quot;_animation&quot;:&quot;fadeInRight&quot;}\" data-widget_type=\"image.default\">\n\t\t\t\t<div class=\"elementor-widget-container\">\n\t\t\t\t\t\t\t\t\t\t\t\t\t\t\t<img decoding=\"async\" width=\"560\" height=\"400\" data-src=\"https:\/\/obuddy.eu\/wp-content\/uploads\/2023\/11\/2-2.webp\" class=\"attachment-large size-large wp-image-2138 lazyload\" alt=\"\" data-srcset=\"https:\/\/obuddy.eu\/wp-content\/uploads\/2023\/11\/2-2.webp 560w, https:\/\/obuddy.eu\/wp-content\/uploads\/2023\/11\/2-2-300x214.webp 300w, https:\/\/obuddy.eu\/wp-content\/uploads\/2023\/11\/2-2-500x357.webp 500w\" data-sizes=\"auto, (max-width: 560px) 100vw, 560px\" src=\"data:image\/gif;base64,R0lGODlhAQABAAAAACH5BAEKAAEALAAAAAABAAEAAAICTAEAOw==\" style=\"--smush-placeholder-width: 560px; --smush-placeholder-aspect-ratio: 560\/400;\" \/>\t\t\t\t\t\t\t\t\t\t\t\t\t\t\t<\/div>\n\t\t\t\t<\/div>\n\t\t\t\t\t<\/div>\n\t\t<\/div>\n\t\t\t\t\t\t\t<\/div>\n\t\t<\/section>\n\t\t\t\t\t\t\t<\/div>","protected":false},"excerpt":{"rendered":"<p>Nuo ma\u017eens mylime \u0161unis, daug laiko praleid\u017eiame su savo augintiniais, tad tikriausiai nenuostabu, kad ypating\u0105 d\u0117mes\u012f skiriame pilnavertei j\u0173 prie\u017ei\u016brai ir puikios savijautos u\u017etikrinimui. Ilgainiui susid\u016br\u0117me su problema ie\u0161kant geros kokyb\u0117s guoli\u0173, kurie b\u016bt\u0173 jauk\u016bs ir patog\u016bs m\u016bs\u0173 mylimiems bi\u010diuliams, lengvai pri\u017ei\u016brimi bei pagaminti i\u0161 kokybi\u0161k\u0173, tvirt\u0173 ir ilgaam\u017ei\u0173 med\u017eiag\u0173. Rinkoje rasti gamini\u0173, kurie atitikt\u0173 m\u016bs\u0173 kokyb\u0117s standartus, pasirod\u0117 i\u0161ties sud\u0117tinga! Vien\u0105 dien\u0105 supratome, jog negal\u0117dami rasti tinkamo gaminio, galime sukurti j\u012f patys, taip u\u017epildydami \u0161i\u0105 ni\u0161\u0105 ir pasi\u016blydami auk\u0161tos kokyb\u0117s produkt\u0105, orientuot\u0105 \u012f gyv\u016bn\u0173 gerov\u0119. Taip gim\u0117\u00a0O.buddy\u00a0prek\u0117s \u017eenklas, orientuotas \u012f visus, ie\u0161kan\u010dius kokybi\u0161k\u0173, stiling\u0173, lengvai pri\u017ei\u016brim\u0173 ir patvari\u0173 gamini\u0173\u2026<\/p>","protected":false},"author":1,"featured_media":0,"parent":0,"menu_order":0,"comment_status":"closed","ping_status":"closed","template":"","meta":{"footnotes":""},"class_list":["post-1039","page","type-page","status-publish","hentry"],"blocksy_meta":{"styles_descriptor":{"styles":{"desktop":"","tablet":"","mobile":""},"google_fonts":[],"version":4}},"aioseo_notices":[],"_links":{"self":[{"href":"https:\/\/obuddy.eu\/en\/wp-json\/wp\/v2\/pages\/1039","targetHints":{"allow":["GET"]}}],"collection":[{"href":"https:\/\/obuddy.eu\/en\/wp-json\/wp\/v2\/pages"}],"about":[{"href":"https:\/\/obuddy.eu\/en\/wp-json\/wp\/v2\/types\/page"}],"author":[{"embeddable":true,"href":"https:\/\/obuddy.eu\/en\/wp-json\/wp\/v2\/users\/1"}],"replies":[{"embeddable":true,"href":"https:\/\/obuddy.eu\/en\/wp-json\/wp\/v2\/comments?post=1039"}],"version-history":[{"count":0,"href":"https:\/\/obuddy.eu\/en\/wp-json\/wp\/v2\/pages\/1039\/revisions"}],"wp:attachment":[{"href":"https:\/\/obuddy.eu\/en\/wp-json\/wp\/v2\/media?parent=1039"}],"curies":[{"name":"wp","href":"https:\/\/api.w.org\/{rel}","templated":true}]}}